{"id":12828,"date":"2018-04-30T23:01:59","date_gmt":"2018-04-30T23:01:59","guid":{"rendered":"http:\/\/casedarwinlaw.com\/?page_id=12828"},"modified":"2022-09-23T01:28:30","modified_gmt":"2022-09-23T01:28:30","slug":"agresion-sexual","status":"publish","type":"page","link":"https:\/\/casedarwinlaw.com\/es\/servicios-legales-de-derecho-penal\/agresion-sexual\/","title":{"rendered":"Agresi\u00f3n Sexual"},"content":{"rendered":"<p>Los cargos de agresi\u00f3n sexual deben ser tomados muy seriamente en San Marcos. Si usted o alguien cercano ha sido acusado de un delito de agresi\u00f3n sexual, de cualquier tipo, es importante que busque de inmediato los servicios de un abogado experimentado que pueda ayudarle con esta clase de delitos. Junto con la posibilidad de ser encarcelado por ser acusado de una agresi\u00f3n sexual, usted podr\u00eda convertirse en un agresor sexual registrado. Esto es algo que generalmente es dif\u00edcil de afrontar y trae consigo muchas consecuencias.<\/p>\n<h2>Delitos de Agresi\u00f3n Sexual en San Marcos<\/h2>\n<p>Los delitos sexuales varian de acuerdo a su severidad. En algunos casos estos delitos pueden ser cargados como un delito menor, mientras que en otra ocasi\u00f3n pueden convertirse en un delito grave. En Texas y en San Marcos, los delitos de agresi\u00f3n sexual son muy espec\u00edficos y claramente identificados en el Capitulo 22 del C\u00f3digo Penal de Texas. El punto es, que al ser acusado de este tipo de delito, es importante entender los pasos correctos a seguir con el objetivo de lograr la opci\u00f3n de un fallo menos severo. Esta es la raz\u00f3n por la cual es una sabia decisi\u00f3n consultar con un abogado defensor experimentado que maneje este tipo de casos.<\/p>\n<h2>Que se Considera una Agresi\u00f3n Sexual?<\/h2>\n<p>A continuaci\u00f3n se listan las acciones que a menudo son consideradas agresiones o cr\u00edmenes sexuales:<\/p>\n<ul>\n<li>Abuso Sexual Infantil<\/li>\n<li>Violencia Dom\u00e9stica<\/li>\n<li>Abuso Sexual a los Ancianos<\/li>\n<li>Manosear<\/li>\n<li>Violaci\u00f3n<\/li>\n<li>Acoso Sexual<\/li>\n<li>Exhibicionismo<\/li>\n<\/ul>\n<p>Recuerda, a pesar que los cargos por agresi\u00f3n sexual son delitos graves, siempre hay ayuda disponible. Lo primero es es trabajar con un abogado bien calificado en que pueda confiar y depender. Nos esforzamos por brindar a nuestros clientes el m\u00e1ximo profesionalismo y confidencialidad al tratar este tipo de casos. Y haremos lo mismo por ti.<\/p>\n<p>Para obtener m\u00e1s informaci\u00f3n para adultos sobrevivientes de asalto sexual y los recursos que est\u00e1n disponibles, por favor visite <a href=\"https:\/\/taasa.org\/es\/inicio\/\" target=\"_blank\" rel=\"noopener\">La Asociaci\u00f3n de Texas Contra la Agresi\u00f3n Sexual<\/a> (TAASA, por sus siglas en ingl\u00e9s).<\/p>\n","protected":false},"excerpt":{"rendered":"<p>Los cargos de agresi\u00f3n sexual deben ser tomados muy seriamente en San Marcos. Si usted o alguien cercano ha sido acusado de un delito de agresi\u00f3n sexual, de cualquier tipo, es importante que busque de inmediato los servicios de un abogado experimentado que pueda ayudarle con esta clase de delitos. Junto con la posibilidad de&#8230; <a class=\"more-link\" href=\"https:\/\/casedarwinlaw.com\/es\/servicios-legales-de-derecho-penal\/agresion-sexual\/\">Read More<\/a><\/p>\n","protected":false},"author":4,"featured_media":0,"parent":12846,"menu_order":0,"comment_status":"closed","ping_status":"closed","template":"page-template-single-service.php","meta":{"_genesis_hide_title":false,"_genesis_hide_breadcrumbs":false,"_genesis_hide_singular_image":false,"_genesis_hide_footer_widgets":false,"_genesis_custom_body_class":"","_genesis_custom_post_class":"","_genesis_layout":"","footnotes":""},"class_list":{"0":"post-12828","1":"page","2":"type-page","3":"status-publish","5":"entry","6":"has-post-thumbnail"},"acf":[],"yoast_head":"<!-- This site is optimized with the Yoast SEO plugin v20.2.1 - https:\/\/yoast.com\/wordpress\/plugins\/seo\/ -->\n<title>Agresi\u00f3n Sexual - Law Office of Case J. Darwin Inc.<\/title>\n<meta name=\"robots\" content=\"index, follow, max-snippet:-1, max-image-preview:large, max-video-preview:-1\" \/>\n<link rel=\"canonical\" href=\"https:\/\/casedarwinlaw.com\/es\/servicios-legales-de-derecho-penal\/agresion-sexual\/\" \/>\n<meta property=\"og:locale\" content=\"es_ES\" \/>\n<meta property=\"og:type\" content=\"article\" \/>\n<meta property=\"og:title\" content=\"Agresi\u00f3n Sexual - Law Office of Case J. Darwin Inc.\" \/>\n<meta property=\"og:description\" content=\"Los cargos de agresi\u00f3n sexual deben ser tomados muy seriamente en San Marcos. Si usted o alguien cercano ha sido acusado de un delito de agresi\u00f3n sexual, de cualquier tipo, es importante que busque de inmediato los servicios de un abogado experimentado que pueda ayudarle con esta clase de delitos. Junto con la posibilidad de... Read More\" \/>\n<meta property=\"og:url\" content=\"https:\/\/casedarwinlaw.com\/es\/servicios-legales-de-derecho-penal\/agresion-sexual\/\" \/>\n<meta property=\"og:site_name\" content=\"Law Office of Case J. Darwin Inc.\" \/>\n<meta property=\"article:publisher\" content=\"https:\/\/www.facebook.com\/casedarwinlaw\" \/>\n<meta property=\"article:modified_time\" content=\"2022-09-23T01:28:30+00:00\" \/>\n<meta name=\"twitter:card\" content=\"summary_large_image\" \/>\n<meta name=\"twitter:site\" content=\"@casedarwinlaw\" \/>\n<meta name=\"twitter:label1\" content=\"Tiempo de lectura\" \/>\n\t<meta name=\"twitter:data1\" content=\"2 minutos\" \/>\n<script type=\"application\/ld+json\" class=\"yoast-schema-graph\">{\"@context\":\"https:\/\/schema.org\",\"@graph\":[{\"@type\":\"WebPage\",\"@id\":\"https:\/\/casedarwinlaw.com\/es\/servicios-legales-de-derecho-penal\/agresion-sexual\/\",\"url\":\"https:\/\/casedarwinlaw.com\/es\/servicios-legales-de-derecho-penal\/agresion-sexual\/\",\"name\":\"Agresi\u00f3n Sexual - Law Office of Case J. Darwin Inc.\",\"isPartOf\":{\"@id\":\"https:\/\/casedarwinlaw.com\/#website\"},\"datePublished\":\"2018-04-30T23:01:59+00:00\",\"dateModified\":\"2022-09-23T01:28:30+00:00\",\"breadcrumb\":{\"@id\":\"https:\/\/casedarwinlaw.com\/es\/servicios-legales-de-derecho-penal\/agresion-sexual\/#breadcrumb\"},\"inLanguage\":\"es\",\"potentialAction\":[{\"@type\":\"ReadAction\",\"target\":[\"https:\/\/casedarwinlaw.com\/es\/servicios-legales-de-derecho-penal\/agresion-sexual\/\"]}]},{\"@type\":\"BreadcrumbList\",\"@id\":\"https:\/\/casedarwinlaw.com\/es\/servicios-legales-de-derecho-penal\/agresion-sexual\/#breadcrumb\",\"itemListElement\":[{\"@type\":\"ListItem\",\"position\":1,\"name\":\"Home\",\"item\":\"https:\/\/casedarwinlaw.com\/es\/\"},{\"@type\":\"ListItem\",\"position\":2,\"name\":\"Abogado Penalista en el Condado Hays y San Marcos\",\"item\":\"https:\/\/casedarwinlaw.com\/es\/servicios-legales-de-derecho-penal\/\"},{\"@type\":\"ListItem\",\"position\":3,\"name\":\"Agresi\u00f3n Sexual\"}]},{\"@type\":\"WebSite\",\"@id\":\"https:\/\/casedarwinlaw.com\/#website\",\"url\":\"https:\/\/casedarwinlaw.com\/\",\"name\":\"Law Office of Case J. Darwin Inc.\",\"description\":\"Settling your case\",\"potentialAction\":[{\"@type\":\"SearchAction\",\"target\":{\"@type\":\"EntryPoint\",\"urlTemplate\":\"https:\/\/casedarwinlaw.com\/?s={search_term_string}\"},\"query-input\":\"required name=search_term_string\"}],\"inLanguage\":\"es\"}]}<\/script>\n<!-- \/ Yoast SEO plugin. -->","yoast_head_json":{"title":"Agresi\u00f3n Sexual - Law Office of Case J. Darwin Inc.","robots":{"index":"index","follow":"follow","max-snippet":"max-snippet:-1","max-image-preview":"max-image-preview:large","max-video-preview":"max-video-preview:-1"},"canonical":"https:\/\/casedarwinlaw.com\/es\/servicios-legales-de-derecho-penal\/agresion-sexual\/","og_locale":"es_ES","og_type":"article","og_title":"Agresi\u00f3n Sexual - Law Office of Case J. Darwin Inc.","og_description":"Los cargos de agresi\u00f3n sexual deben ser tomados muy seriamente en San Marcos. Si usted o alguien cercano ha sido acusado de un delito de agresi\u00f3n sexual, de cualquier tipo, es importante que busque de inmediato los servicios de un abogado experimentado que pueda ayudarle con esta clase de delitos. Junto con la posibilidad de... Read More","og_url":"https:\/\/casedarwinlaw.com\/es\/servicios-legales-de-derecho-penal\/agresion-sexual\/","og_site_name":"Law Office of Case J. Darwin Inc.","article_publisher":"https:\/\/www.facebook.com\/casedarwinlaw","article_modified_time":"2022-09-23T01:28:30+00:00","twitter_card":"summary_large_image","twitter_site":"@casedarwinlaw","twitter_misc":{"Tiempo de lectura":"2 minutos"},"schema":{"@context":"https:\/\/schema.org","@graph":[{"@type":"WebPage","@id":"https:\/\/casedarwinlaw.com\/es\/servicios-legales-de-derecho-penal\/agresion-sexual\/","url":"https:\/\/casedarwinlaw.com\/es\/servicios-legales-de-derecho-penal\/agresion-sexual\/","name":"Agresi\u00f3n Sexual - Law Office of Case J. Darwin Inc.","isPartOf":{"@id":"https:\/\/casedarwinlaw.com\/#website"},"datePublished":"2018-04-30T23:01:59+00:00","dateModified":"2022-09-23T01:28:30+00:00","breadcrumb":{"@id":"https:\/\/casedarwinlaw.com\/es\/servicios-legales-de-derecho-penal\/agresion-sexual\/#breadcrumb"},"inLanguage":"es","potentialAction":[{"@type":"ReadAction","target":["https:\/\/casedarwinlaw.com\/es\/servicios-legales-de-derecho-penal\/agresion-sexual\/"]}]},{"@type":"BreadcrumbList","@id":"https:\/\/casedarwinlaw.com\/es\/servicios-legales-de-derecho-penal\/agresion-sexual\/#breadcrumb","itemListElement":[{"@type":"ListItem","position":1,"name":"Home","item":"https:\/\/casedarwinlaw.com\/es\/"},{"@type":"ListItem","position":2,"name":"Abogado Penalista en el Condado Hays y San Marcos","item":"https:\/\/casedarwinlaw.com\/es\/servicios-legales-de-derecho-penal\/"},{"@type":"ListItem","position":3,"name":"Agresi\u00f3n Sexual"}]},{"@type":"WebSite","@id":"https:\/\/casedarwinlaw.com\/#website","url":"https:\/\/casedarwinlaw.com\/","name":"Law Office of Case J. Darwin Inc.","description":"Settling your case","potentialAction":[{"@type":"SearchAction","target":{"@type":"EntryPoint","urlTemplate":"https:\/\/casedarwinlaw.com\/?s={search_term_string}"},"query-input":"required name=search_term_string"}],"inLanguage":"es"}]}},"_links":{"self":[{"href":"https:\/\/casedarwinlaw.com\/es\/wp-json\/wp\/v2\/pages\/12828","targetHints":{"allow":["GET"]}}],"collection":[{"href":"https:\/\/casedarwinlaw.com\/es\/wp-json\/wp\/v2\/pages"}],"about":[{"href":"https:\/\/casedarwinlaw.com\/es\/wp-json\/wp\/v2\/types\/page"}],"author":[{"embeddable":true,"href":"https:\/\/casedarwinlaw.com\/es\/wp-json\/wp\/v2\/users\/4"}],"replies":[{"embeddable":true,"href":"https:\/\/casedarwinlaw.com\/es\/wp-json\/wp\/v2\/comments?post=12828"}],"version-history":[{"count":0,"href":"https:\/\/casedarwinlaw.com\/es\/wp-json\/wp\/v2\/pages\/12828\/revisions"}],"up":[{"embeddable":true,"href":"https:\/\/casedarwinlaw.com\/es\/wp-json\/wp\/v2\/pages\/12846"}],"wp:attachment":[{"href":"https:\/\/casedarwinlaw.com\/es\/wp-json\/wp\/v2\/media?parent=12828"}],"curies":[{"name":"wp","href":"https:\/\/api.w.org\/{rel}","templated":true}]}}