{"id":12838,"date":"2018-05-03T21:07:55","date_gmt":"2018-05-03T21:07:55","guid":{"rendered":"http:\/\/casedarwinlaw.com\/?page_id=12838"},"modified":"2019-09-26T16:41:19","modified_gmt":"2019-09-26T16:41:19","slug":"el-abogado-case-j-darwin-es-ex-fiscal","status":"publish","type":"page","link":"https:\/\/casedarwinlaw.com\/es\/el-abogado-case-j-darwin-es-ex-fiscal\/","title":{"rendered":"El Abogado Case J. Darwin es Ex-Fiscal"},"content":{"rendered":"<p><img loading=\"lazy\" decoding=\"async\" class=\"size-medium wp-image-38932 alignleft\" src=\"https:\/\/casedarwinlaw.com\/wp-content\/uploads\/2019\/09\/case-photo-optimized-225x300.jpg\" alt=\"\" width=\"225\" height=\"300\" srcset=\"https:\/\/casedarwinlaw.com\/wp-content\/uploads\/2019\/09\/case-photo-optimized-225x300.jpg 225w, https:\/\/casedarwinlaw.com\/wp-content\/uploads\/2019\/09\/case-photo-optimized.jpg 300w\" sizes=\"auto, (max-width: 225px) 100vw, 225px\" \/>El abogado Case J. Darwin es biling\u00fce. Trabaj\u00f3 como fiscal y secretario (a \u201cBriefing Attorney\u201d) para el juez Terry Jennings en la Corte de Apelaciones del Primer Distrito de Houston. El ser acusado o investigado por un crimen es un asunto de gravedad que puede tener consecuencias serias, por esta raz\u00f3n, es esencial tener un abogado que lo represente para proteger sus derechos. En los asuntos <a href=\"https:\/\/casedarwinlaw.com\/es\/servicios-legales-de-derecho-penal\/abogado-de-inmigracion-de-san-marcos\/\">migratorios<\/a>, cada paso que hace o deja de hacer, puede afectar su estatus como inmigrante.<\/p>\n<p>En los <a href=\"https:\/\/casedarwinlaw.com\/es\/servicios-legales-de-derecho-penal\/cargos-de-dwi-en-san-marcos\/\">casos de DWI<\/a>, el abogado Darwin defender\u00e1 sus derechos en corte hasta sus \u00faltimas consecuencias para lograr la m\u00e1xima reducci\u00f3n en la pena. El abogado Darwin tambi\u00e9n trata asuntos referentes a <a href=\"https:\/\/casedarwinlaw.com\/es\/servicios-legales-de-derecho-penal\/boletos-de-trafico-en-san-marcos\/\">multas de tr\u00e1fico<\/a>, contravenciones, felon\u00edas, apelaciones, sobreceimientos (an \u201cexpunction\u201d), secretos de sumario (a \u201cnon-disclosure\u201d) y los procedimientos administrativos de admisi\u00f3n a la barra de abogados (el \u201cforo de abogados\u201d). Los casos se manejan de manera espec\u00edfica seg\u00fan su naturaleza y los honorarios se estipulan seg\u00fan el caso. El abogado Darwin har\u00e1 el tr\u00e1mite de manera complementario si su caso puede ser sobrese\u00eddo o clasificado como secreto de sumario.<\/p>\n<p>El abogado Darwin es graduado con honores de la Universidad de Texas y miembro de Phi Beta Kappa. A su vez, es graduado summa cum laude de Texas Tech University School of Law y miembro de \u201cTexas Tech Law Review\u201d y \u201cOrder of the Coif.\u201d Trabajo como secretario del juez Terry Jennings en la Corte de Apelaciones del Primer Distrito de Houston, siguiendo numerosas causas criminales y colabor\u00f3 para la firma de abogados Haynes and Boone, LLP, una de las \u201cAm Law 100.\u201d El abogado Darwin tambi\u00e9n trabaj\u00f3 como fiscal del estado por su genuino inter\u00e9s en el derecho criminal.<\/p>\n<p>El abogado Case J. Darwin tiene su licencia para practicar leyes en el Estado de Texas.<\/p>\n<h2>Credenciales Del Abogado Case Darwin<\/h2>\n<ul>\n<li>Habla espa\u00f1ol con fluidez<\/li>\n<li>Universidad de Texas, B.A., Altos Honores, Phi Beta Kappa, 2003<\/li>\n<li>Escuela de Leyes de la Universidad Tech. de Texas, J.D., summa cum laude, Revisi\u00f3n de la Ley Texas Tech, Orden del Coif, 2007<\/li>\n<li>Briefing Attorney, Houston First District Court of Appeals for the Honorable Terry Jennings, 2007-2008<\/li>\n<li>Asociado, Haynes and Boone, LLP., 2008-2009<\/li>\n<li>Fiscal, Jacksonville State Attorney\u2019s Office, 2009-2010<\/li>\n<\/ul>\n","protected":false},"excerpt":{"rendered":"<p>El abogado Case J. Darwin es biling\u00fce. Trabaj\u00f3 como fiscal y secretario (a \u201cBriefing Attorney\u201d) para el juez Terry Jennings en la Corte de Apelaciones del Primer Distrito de Houston. El ser acusado o investigado por un crimen es un asunto de gravedad que puede tener consecuencias serias, por esta raz\u00f3n, es esencial tener un&#8230; <a class=\"more-link\" href=\"https:\/\/casedarwinlaw.com\/es\/el-abogado-case-j-darwin-es-ex-fiscal\/\">Read More<\/a><\/p>\n","protected":false},"author":4,"featured_media":0,"parent":0,"menu_order":0,"comment_status":"closed","ping_status":"closed","template":"","meta":{"_genesis_hide_title":false,"_genesis_hide_breadcrumbs":false,"_genesis_hide_singular_image":false,"_genesis_hide_footer_widgets":false,"_genesis_custom_body_class":"","_genesis_custom_post_class":"","_genesis_layout":"","footnotes":""},"class_list":{"0":"post-12838","1":"page","2":"type-page","3":"status-publish","5":"entry","6":"has-post-thumbnail"},"acf":[],"yoast_head":"<!-- This site is optimized with the Yoast SEO plugin v20.2.1 - https:\/\/yoast.com\/wordpress\/plugins\/seo\/ -->\n<title>El Abogado Case J. Darwin es Ex-Fiscal - Law Office of Case J. Darwin Inc.<\/title>\n<meta name=\"robots\" content=\"index, follow, max-snippet:-1, max-image-preview:large, max-video-preview:-1\" \/>\n<link rel=\"canonical\" href=\"https:\/\/casedarwinlaw.com\/es\/el-abogado-case-j-darwin-es-ex-fiscal\/\" \/>\n<meta property=\"og:locale\" content=\"es_ES\" \/>\n<meta property=\"og:type\" content=\"article\" \/>\n<meta property=\"og:title\" content=\"El Abogado Case J. Darwin es Ex-Fiscal - Law Office of Case J. Darwin Inc.\" \/>\n<meta property=\"og:description\" content=\"El abogado Case J. Darwin es biling\u00fce. Trabaj\u00f3 como fiscal y secretario (a \u201cBriefing Attorney\u201d) para el juez Terry Jennings en la Corte de Apelaciones del Primer Distrito de Houston. El ser acusado o investigado por un crimen es un asunto de gravedad que puede tener consecuencias serias, por esta raz\u00f3n, es esencial tener un... Read More\" \/>\n<meta property=\"og:url\" content=\"https:\/\/casedarwinlaw.com\/es\/el-abogado-case-j-darwin-es-ex-fiscal\/\" \/>\n<meta property=\"og:site_name\" content=\"Law Office of Case J. Darwin Inc.\" \/>\n<meta property=\"article:publisher\" content=\"https:\/\/www.facebook.com\/casedarwinlaw\" \/>\n<meta property=\"article:modified_time\" content=\"2019-09-26T16:41:19+00:00\" \/>\n<meta property=\"og:image\" content=\"https:\/\/casedarwinlaw.com\/wp-content\/uploads\/2019\/09\/case-photo-optimized-225x300.jpg\" \/>\n<meta name=\"twitter:card\" content=\"summary_large_image\" \/>\n<meta name=\"twitter:site\" content=\"@casedarwinlaw\" \/>\n<meta name=\"twitter:label1\" content=\"Tiempo de lectura\" \/>\n\t<meta name=\"twitter:data1\" content=\"2 minutos\" \/>\n<script type=\"application\/ld+json\" class=\"yoast-schema-graph\">{\"@context\":\"https:\/\/schema.org\",\"@graph\":[{\"@type\":\"WebPage\",\"@id\":\"https:\/\/casedarwinlaw.com\/es\/el-abogado-case-j-darwin-es-ex-fiscal\/\",\"url\":\"https:\/\/casedarwinlaw.com\/es\/el-abogado-case-j-darwin-es-ex-fiscal\/\",\"name\":\"El Abogado Case J. Darwin es Ex-Fiscal - Law Office of Case J. Darwin Inc.\",\"isPartOf\":{\"@id\":\"https:\/\/casedarwinlaw.com\/#website\"},\"datePublished\":\"2018-05-03T21:07:55+00:00\",\"dateModified\":\"2019-09-26T16:41:19+00:00\",\"breadcrumb\":{\"@id\":\"https:\/\/casedarwinlaw.com\/es\/el-abogado-case-j-darwin-es-ex-fiscal\/#breadcrumb\"},\"inLanguage\":\"es\",\"potentialAction\":[{\"@type\":\"ReadAction\",\"target\":[\"https:\/\/casedarwinlaw.com\/es\/el-abogado-case-j-darwin-es-ex-fiscal\/\"]}]},{\"@type\":\"BreadcrumbList\",\"@id\":\"https:\/\/casedarwinlaw.com\/es\/el-abogado-case-j-darwin-es-ex-fiscal\/#breadcrumb\",\"itemListElement\":[{\"@type\":\"ListItem\",\"position\":1,\"name\":\"Home\",\"item\":\"https:\/\/casedarwinlaw.com\/es\/\"},{\"@type\":\"ListItem\",\"position\":2,\"name\":\"El Abogado Case J. Darwin es Ex-Fiscal\"}]},{\"@type\":\"WebSite\",\"@id\":\"https:\/\/casedarwinlaw.com\/#website\",\"url\":\"https:\/\/casedarwinlaw.com\/\",\"name\":\"Law Office of Case J. Darwin Inc.\",\"description\":\"Settling your case\",\"potentialAction\":[{\"@type\":\"SearchAction\",\"target\":{\"@type\":\"EntryPoint\",\"urlTemplate\":\"https:\/\/casedarwinlaw.com\/?s={search_term_string}\"},\"query-input\":\"required name=search_term_string\"}],\"inLanguage\":\"es\"}]}<\/script>\n<!-- \/ Yoast SEO plugin. -->","yoast_head_json":{"title":"El Abogado Case J. Darwin es Ex-Fiscal - Law Office of Case J. Darwin Inc.","robots":{"index":"index","follow":"follow","max-snippet":"max-snippet:-1","max-image-preview":"max-image-preview:large","max-video-preview":"max-video-preview:-1"},"canonical":"https:\/\/casedarwinlaw.com\/es\/el-abogado-case-j-darwin-es-ex-fiscal\/","og_locale":"es_ES","og_type":"article","og_title":"El Abogado Case J. Darwin es Ex-Fiscal - Law Office of Case J. Darwin Inc.","og_description":"El abogado Case J. Darwin es biling\u00fce. Trabaj\u00f3 como fiscal y secretario (a \u201cBriefing Attorney\u201d) para el juez Terry Jennings en la Corte de Apelaciones del Primer Distrito de Houston. El ser acusado o investigado por un crimen es un asunto de gravedad que puede tener consecuencias serias, por esta raz\u00f3n, es esencial tener un... Read More","og_url":"https:\/\/casedarwinlaw.com\/es\/el-abogado-case-j-darwin-es-ex-fiscal\/","og_site_name":"Law Office of Case J. Darwin Inc.","article_publisher":"https:\/\/www.facebook.com\/casedarwinlaw","article_modified_time":"2019-09-26T16:41:19+00:00","og_image":[{"url":"https:\/\/casedarwinlaw.com\/wp-content\/uploads\/2019\/09\/case-photo-optimized-225x300.jpg"}],"twitter_card":"summary_large_image","twitter_site":"@casedarwinlaw","twitter_misc":{"Tiempo de lectura":"2 minutos"},"schema":{"@context":"https:\/\/schema.org","@graph":[{"@type":"WebPage","@id":"https:\/\/casedarwinlaw.com\/es\/el-abogado-case-j-darwin-es-ex-fiscal\/","url":"https:\/\/casedarwinlaw.com\/es\/el-abogado-case-j-darwin-es-ex-fiscal\/","name":"El Abogado Case J. Darwin es Ex-Fiscal - Law Office of Case J. Darwin Inc.","isPartOf":{"@id":"https:\/\/casedarwinlaw.com\/#website"},"datePublished":"2018-05-03T21:07:55+00:00","dateModified":"2019-09-26T16:41:19+00:00","breadcrumb":{"@id":"https:\/\/casedarwinlaw.com\/es\/el-abogado-case-j-darwin-es-ex-fiscal\/#breadcrumb"},"inLanguage":"es","potentialAction":[{"@type":"ReadAction","target":["https:\/\/casedarwinlaw.com\/es\/el-abogado-case-j-darwin-es-ex-fiscal\/"]}]},{"@type":"BreadcrumbList","@id":"https:\/\/casedarwinlaw.com\/es\/el-abogado-case-j-darwin-es-ex-fiscal\/#breadcrumb","itemListElement":[{"@type":"ListItem","position":1,"name":"Home","item":"https:\/\/casedarwinlaw.com\/es\/"},{"@type":"ListItem","position":2,"name":"El Abogado Case J. Darwin es Ex-Fiscal"}]},{"@type":"WebSite","@id":"https:\/\/casedarwinlaw.com\/#website","url":"https:\/\/casedarwinlaw.com\/","name":"Law Office of Case J. Darwin Inc.","description":"Settling your case","potentialAction":[{"@type":"SearchAction","target":{"@type":"EntryPoint","urlTemplate":"https:\/\/casedarwinlaw.com\/?s={search_term_string}"},"query-input":"required name=search_term_string"}],"inLanguage":"es"}]}},"_links":{"self":[{"href":"https:\/\/casedarwinlaw.com\/es\/wp-json\/wp\/v2\/pages\/12838","targetHints":{"allow":["GET"]}}],"collection":[{"href":"https:\/\/casedarwinlaw.com\/es\/wp-json\/wp\/v2\/pages"}],"about":[{"href":"https:\/\/casedarwinlaw.com\/es\/wp-json\/wp\/v2\/types\/page"}],"author":[{"embeddable":true,"href":"https:\/\/casedarwinlaw.com\/es\/wp-json\/wp\/v2\/users\/4"}],"replies":[{"embeddable":true,"href":"https:\/\/casedarwinlaw.com\/es\/wp-json\/wp\/v2\/comments?post=12838"}],"version-history":[{"count":0,"href":"https:\/\/casedarwinlaw.com\/es\/wp-json\/wp\/v2\/pages\/12838\/revisions"}],"wp:attachment":[{"href":"https:\/\/casedarwinlaw.com\/es\/wp-json\/wp\/v2\/media?parent=12838"}],"curies":[{"name":"wp","href":"https:\/\/api.w.org\/{rel}","templated":true}]}}