{"id":12846,"date":"2018-05-03T21:32:05","date_gmt":"2018-05-03T21:32:05","guid":{"rendered":"http:\/\/casedarwinlaw.com\/?page_id=12846"},"modified":"2018-07-24T18:28:51","modified_gmt":"2018-07-24T18:28:51","slug":"servicios-legales-de-derecho-penal","status":"publish","type":"page","link":"https:\/\/casedarwinlaw.com\/es\/servicios-legales-de-derecho-penal\/","title":{"rendered":"Abogado Penalista en el Condado Hays y San Marcos"},"content":{"rendered":"<h2><b>\u00bfNecesitas un fiador para pagar tu fianza? Lo m\u00e1s seguro es que necesites un abogado tambi\u00e9n?<\/b><\/h2>\n<p><span style=\"font-weight: 400;\">Ya sea que hayas sido acusado de un delito menor o una felonia, el ser acusado de un delito en San Marcos puede ser una experiencia aterradora y abrumadora. Puede ser un acontecimiento que te cambia la vida, lo cual puede tener un efecto profundo en tu estilo de vida, familia, empleo y oportunidades escolares.\u00a0 Recuerda que tienes derechos.<\/span><\/p>\n<p><span style=\"font-weight: 400;\">Bajo nuestro sistema de justicia, durante un proceso penal, el Estado de Texas tiene la carga de la prueba, m\u00e1s all\u00e1 de toda duda razonable.\u00a0 Esto significa que usted ser\u00e1 considerado inocente hasta que el Estado demuestre tu culpabilidad, m\u00e1s all\u00e1 de toda duda razonable.<\/span><\/p>\n<p><span style=\"font-weight: 400;\">S\u00f3lo por el hecho de que hayas sido arrestado o acusado de un delito no quiere decir que el Estado puede probar tu culpabilidad.\u00a0 Permite que los abogados penalistas luchen por tus derechos.<\/span><\/p>\n<h2><b>\u00bfC\u00f3mo funciona la ley criminal?<\/b><\/h2>\n<p><span style=\"font-weight: 400;\">La referencia que un oficial de polic\u00eda utiliza para tomar la decisi\u00f3n de un arresto es la causa probable, lo cual es menos de lo que se necesita para condenar. Una vez te hayan arrestado, el Estado mantiene la carga de la prueba, m\u00e1s haya de toda duda razonable. Todos los arrestos no conducen a una condena.<\/span><\/p>\n<p><span style=\"font-weight: 400;\">Si has sido arrestado o acusado de un delito, tienes muchos derechos constitucionales. Lo m\u00e1s importante, es que tienes el derecho de consultar con un abogado antes de responder cualquier pregunta que pueda incriminarte. Antes de responder cualquier pregunta, deber\u00edas hablar con un abogado quien pueda asegurar que tus derechos sean protegidos.<\/span><\/p>\n<p><span style=\"font-weight: 400;\">En el despacho de Law Office of Case J. Darwin Inc., defendemos tanto los delitos menores como las felonias.<\/span><\/p>\n","protected":false},"excerpt":{"rendered":"<p>\u00bfNecesitas un fiador para pagar tu fianza? Lo m\u00e1s seguro es que necesites un abogado tambi\u00e9n? Ya sea que hayas sido acusado de un delito menor o una felonia, el ser acusado de un delito en San Marcos puede ser una experiencia aterradora y abrumadora. Puede ser un acontecimiento que te cambia la vida, lo&#8230; <a class=\"more-link\" href=\"https:\/\/casedarwinlaw.com\/es\/servicios-legales-de-derecho-penal\/\">Read More<\/a><\/p>\n","protected":false},"author":4,"featured_media":0,"parent":0,"menu_order":0,"comment_status":"closed","ping_status":"closed","template":"page-template-single-service.php","meta":{"_genesis_hide_title":false,"_genesis_hide_breadcrumbs":false,"_genesis_hide_singular_image":false,"_genesis_hide_footer_widgets":false,"_genesis_custom_body_class":"","_genesis_custom_post_class":"","_genesis_layout":"full-width-content","footnotes":""},"class_list":{"0":"post-12846","1":"page","2":"type-page","3":"status-publish","5":"entry","6":"has-post-thumbnail"},"acf":[],"yoast_head":"<!-- This site is optimized with the Yoast SEO plugin v20.2.1 - https:\/\/yoast.com\/wordpress\/plugins\/seo\/ -->\n<title>Abogado Penalista en el Condado Hays y San Marcos - Law Office of Case J. Darwin Inc.<\/title>\n<meta name=\"robots\" content=\"index, follow, max-snippet:-1, max-image-preview:large, max-video-preview:-1\" \/>\n<link rel=\"canonical\" href=\"https:\/\/casedarwinlaw.com\/es\/servicios-legales-de-derecho-penal\/\" \/>\n<meta property=\"og:locale\" content=\"es_ES\" \/>\n<meta property=\"og:type\" content=\"article\" \/>\n<meta property=\"og:title\" content=\"Abogado Penalista en el Condado Hays y San Marcos - Law Office of Case J. Darwin Inc.\" \/>\n<meta property=\"og:description\" content=\"\u00bfNecesitas un fiador para pagar tu fianza? Lo m\u00e1s seguro es que necesites un abogado tambi\u00e9n? Ya sea que hayas sido acusado de un delito menor o una felonia, el ser acusado de un delito en San Marcos puede ser una experiencia aterradora y abrumadora. Puede ser un acontecimiento que te cambia la vida, lo... Read More\" \/>\n<meta property=\"og:url\" content=\"https:\/\/casedarwinlaw.com\/es\/servicios-legales-de-derecho-penal\/\" \/>\n<meta property=\"og:site_name\" content=\"Law Office of Case J. Darwin Inc.\" \/>\n<meta property=\"article:publisher\" content=\"https:\/\/www.facebook.com\/casedarwinlaw\" \/>\n<meta property=\"article:modified_time\" content=\"2018-07-24T18:28:51+00:00\" \/>\n<meta name=\"twitter:card\" content=\"summary_large_image\" \/>\n<meta name=\"twitter:site\" content=\"@casedarwinlaw\" \/>\n<meta name=\"twitter:label1\" content=\"Tiempo de lectura\" \/>\n\t<meta name=\"twitter:data1\" content=\"1 minuto\" \/>\n<script type=\"application\/ld+json\" class=\"yoast-schema-graph\">{\"@context\":\"https:\/\/schema.org\",\"@graph\":[{\"@type\":\"WebPage\",\"@id\":\"https:\/\/casedarwinlaw.com\/es\/servicios-legales-de-derecho-penal\/\",\"url\":\"https:\/\/casedarwinlaw.com\/es\/servicios-legales-de-derecho-penal\/\",\"name\":\"Abogado Penalista en el Condado Hays y San Marcos - Law Office of Case J. Darwin Inc.\",\"isPartOf\":{\"@id\":\"https:\/\/casedarwinlaw.com\/#website\"},\"datePublished\":\"2018-05-03T21:32:05+00:00\",\"dateModified\":\"2018-07-24T18:28:51+00:00\",\"breadcrumb\":{\"@id\":\"https:\/\/casedarwinlaw.com\/es\/servicios-legales-de-derecho-penal\/#breadcrumb\"},\"inLanguage\":\"es\",\"potentialAction\":[{\"@type\":\"ReadAction\",\"target\":[\"https:\/\/casedarwinlaw.com\/es\/servicios-legales-de-derecho-penal\/\"]}]},{\"@type\":\"BreadcrumbList\",\"@id\":\"https:\/\/casedarwinlaw.com\/es\/servicios-legales-de-derecho-penal\/#breadcrumb\",\"itemListElement\":[{\"@type\":\"ListItem\",\"position\":1,\"name\":\"Home\",\"item\":\"https:\/\/casedarwinlaw.com\/es\/\"},{\"@type\":\"ListItem\",\"position\":2,\"name\":\"Abogado Penalista en el Condado Hays y San Marcos\"}]},{\"@type\":\"WebSite\",\"@id\":\"https:\/\/casedarwinlaw.com\/#website\",\"url\":\"https:\/\/casedarwinlaw.com\/\",\"name\":\"Law Office of Case J. Darwin Inc.\",\"description\":\"Settling your case\",\"potentialAction\":[{\"@type\":\"SearchAction\",\"target\":{\"@type\":\"EntryPoint\",\"urlTemplate\":\"https:\/\/casedarwinlaw.com\/?s={search_term_string}\"},\"query-input\":\"required name=search_term_string\"}],\"inLanguage\":\"es\"}]}<\/script>\n<!-- \/ Yoast SEO plugin. -->","yoast_head_json":{"title":"Abogado Penalista en el Condado Hays y San Marcos - Law Office of Case J. Darwin Inc.","robots":{"index":"index","follow":"follow","max-snippet":"max-snippet:-1","max-image-preview":"max-image-preview:large","max-video-preview":"max-video-preview:-1"},"canonical":"https:\/\/casedarwinlaw.com\/es\/servicios-legales-de-derecho-penal\/","og_locale":"es_ES","og_type":"article","og_title":"Abogado Penalista en el Condado Hays y San Marcos - Law Office of Case J. Darwin Inc.","og_description":"\u00bfNecesitas un fiador para pagar tu fianza? Lo m\u00e1s seguro es que necesites un abogado tambi\u00e9n? Ya sea que hayas sido acusado de un delito menor o una felonia, el ser acusado de un delito en San Marcos puede ser una experiencia aterradora y abrumadora. Puede ser un acontecimiento que te cambia la vida, lo... Read More","og_url":"https:\/\/casedarwinlaw.com\/es\/servicios-legales-de-derecho-penal\/","og_site_name":"Law Office of Case J. Darwin Inc.","article_publisher":"https:\/\/www.facebook.com\/casedarwinlaw","article_modified_time":"2018-07-24T18:28:51+00:00","twitter_card":"summary_large_image","twitter_site":"@casedarwinlaw","twitter_misc":{"Tiempo de lectura":"1 minuto"},"schema":{"@context":"https:\/\/schema.org","@graph":[{"@type":"WebPage","@id":"https:\/\/casedarwinlaw.com\/es\/servicios-legales-de-derecho-penal\/","url":"https:\/\/casedarwinlaw.com\/es\/servicios-legales-de-derecho-penal\/","name":"Abogado Penalista en el Condado Hays y San Marcos - Law Office of Case J. Darwin Inc.","isPartOf":{"@id":"https:\/\/casedarwinlaw.com\/#website"},"datePublished":"2018-05-03T21:32:05+00:00","dateModified":"2018-07-24T18:28:51+00:00","breadcrumb":{"@id":"https:\/\/casedarwinlaw.com\/es\/servicios-legales-de-derecho-penal\/#breadcrumb"},"inLanguage":"es","potentialAction":[{"@type":"ReadAction","target":["https:\/\/casedarwinlaw.com\/es\/servicios-legales-de-derecho-penal\/"]}]},{"@type":"BreadcrumbList","@id":"https:\/\/casedarwinlaw.com\/es\/servicios-legales-de-derecho-penal\/#breadcrumb","itemListElement":[{"@type":"ListItem","position":1,"name":"Home","item":"https:\/\/casedarwinlaw.com\/es\/"},{"@type":"ListItem","position":2,"name":"Abogado Penalista en el Condado Hays y San Marcos"}]},{"@type":"WebSite","@id":"https:\/\/casedarwinlaw.com\/#website","url":"https:\/\/casedarwinlaw.com\/","name":"Law Office of Case J. Darwin Inc.","description":"Settling your case","potentialAction":[{"@type":"SearchAction","target":{"@type":"EntryPoint","urlTemplate":"https:\/\/casedarwinlaw.com\/?s={search_term_string}"},"query-input":"required name=search_term_string"}],"inLanguage":"es"}]}},"_links":{"self":[{"href":"https:\/\/casedarwinlaw.com\/es\/wp-json\/wp\/v2\/pages\/12846","targetHints":{"allow":["GET"]}}],"collection":[{"href":"https:\/\/casedarwinlaw.com\/es\/wp-json\/wp\/v2\/pages"}],"about":[{"href":"https:\/\/casedarwinlaw.com\/es\/wp-json\/wp\/v2\/types\/page"}],"author":[{"embeddable":true,"href":"https:\/\/casedarwinlaw.com\/es\/wp-json\/wp\/v2\/users\/4"}],"replies":[{"embeddable":true,"href":"https:\/\/casedarwinlaw.com\/es\/wp-json\/wp\/v2\/comments?post=12846"}],"version-history":[{"count":0,"href":"https:\/\/casedarwinlaw.com\/es\/wp-json\/wp\/v2\/pages\/12846\/revisions"}],"wp:attachment":[{"href":"https:\/\/casedarwinlaw.com\/es\/wp-json\/wp\/v2\/media?parent=12846"}],"curies":[{"name":"wp","href":"https:\/\/api.w.org\/{rel}","templated":true}]}}