{"id":12851,"date":"2018-05-14T19:36:50","date_gmt":"2018-05-14T19:36:50","guid":{"rendered":"http:\/\/casedarwinlaw.com\/?page_id=12851"},"modified":"2018-08-29T14:57:27","modified_gmt":"2018-08-29T14:57:27","slug":"cargos-de-asalto-en-san-marcos","status":"publish","type":"page","link":"https:\/\/casedarwinlaw.com\/es\/servicios-legales-de-derecho-penal\/cargos-de-asalto-en-san-marcos\/","title":{"rendered":"Cargos de asalto en San Marcos"},"content":{"rendered":"<p>Los cargos de asalto son cometidos cuando una persona trata de golpear f\u00edsicamente a otra. Los cargos de asalto puede surgir tambi\u00e9n, cuando una persona act\u00faa en una manera amenazadora, atemorizando a alguien m\u00e1s de hacerle un da\u00f1o inmediato.<\/p>\n<h2>\u00bfQue se considera un cargo de asalto?<\/h2>\n<p>La mayor\u00eda de los estados sugiere que un asalto serio o \u201cagravado\u201d ocurre cuando alguien trata o causa un da\u00f1o serio a una otra persona, o de hecho causa un da\u00f1o a trav\u00e9s del uso de una arma mort\u00edfera..<\/p>\n<p>Los casos de asaltos son ofensas serias en Texas y San Marcos.<\/p>\n<p>Para m\u00e1s informaci\u00f3n sobre da\u00f1os personales y casos de agravios que involucran asaltos en San Marcos, recomendamos que lea la secci\u00f3n de \u201cAssault and Battery\u201d en el sitio web de <a href=\"http:\/\/injury.findlaw.com\/torts-and-personal-injuries\/assault-battery-intentional-torts.html\" target=\"_blank\">FindLaw<\/a>.<\/p>\n<h2>Leyes Asociados con Cargos de Asalto<\/h2>\n<p>El Cap\u00edtulo 22 del C\u00f3digo Penal de Texas cubre todas las ofensas que se relacionan  a cargos de asalto.  Incluye explicaciones para cada una de las ofensas y los castigos para cada una de ellas.<\/p>\n<p>Si esta acusado de un asalto, usted deber\u00eda buscar un abogado instruido para defenderse.  En el bufete del abogado Case Darwin, obtenemos los mejores resultados sin importar las circunstancias.  Tenga en cuenta que un simple cargo de asalto a pesar de ser un crimen menor puede tener efectos devastadoras m\u00e1s adelante.  Esto es particularmente cierto si  trata de encontrar un trabajo u obtener cualquier tipo de pr\u00e9stamo.<\/p>\n<p>Nuestro bufete ha manejado cargos de asalto en todos los niveles y ha tenido \u00e9xito en resolver los casos de nuestros clientes.  Si usted ha sido acusado por cualquier tipo de crimen de asalto, por favor sepa que estamos aqu\u00ed para servirle.<\/p>\n","protected":false},"excerpt":{"rendered":"<p>Los cargos de asalto son cometidos cuando una persona trata de golpear f\u00edsicamente a otra. Los cargos de asalto puede surgir tambi\u00e9n, cuando una persona act\u00faa en una manera amenazadora, atemorizando a alguien m\u00e1s de hacerle un da\u00f1o inmediato. \u00bfQue se considera un cargo de asalto? La mayor\u00eda de los estados sugiere que un asalto&#8230; <a class=\"more-link\" href=\"https:\/\/casedarwinlaw.com\/es\/servicios-legales-de-derecho-penal\/cargos-de-asalto-en-san-marcos\/\">Read More<\/a><\/p>\n","protected":false},"author":4,"featured_media":0,"parent":12846,"menu_order":0,"comment_status":"open","ping_status":"open","template":"page-template-single-service.php","meta":{"_genesis_hide_title":false,"_genesis_hide_breadcrumbs":false,"_genesis_hide_singular_image":false,"_genesis_hide_footer_widgets":false,"_genesis_custom_body_class":"","_genesis_custom_post_class":"","_genesis_layout":"","footnotes":""},"class_list":{"0":"post-12851","1":"page","2":"type-page","3":"status-publish","5":"entry"},"acf":[],"yoast_head":"<!-- This site is optimized with the Yoast SEO plugin v20.2.1 - https:\/\/yoast.com\/wordpress\/plugins\/seo\/ -->\n<title>Cargos de asalto en San Marcos - Law Office of Case J. Darwin Inc.<\/title>\n<meta name=\"robots\" content=\"index, follow, max-snippet:-1, max-image-preview:large, max-video-preview:-1\" \/>\n<link rel=\"canonical\" href=\"https:\/\/casedarwinlaw.com\/es\/servicios-legales-de-derecho-penal\/cargos-de-asalto-en-san-marcos\/\" \/>\n<meta property=\"og:locale\" content=\"es_ES\" \/>\n<meta property=\"og:type\" content=\"article\" \/>\n<meta property=\"og:title\" content=\"Cargos de asalto en San Marcos - Law Office of Case J. Darwin Inc.\" \/>\n<meta property=\"og:description\" content=\"Los cargos de asalto son cometidos cuando una persona trata de golpear f\u00edsicamente a otra. Los cargos de asalto puede surgir tambi\u00e9n, cuando una persona act\u00faa en una manera amenazadora, atemorizando a alguien m\u00e1s de hacerle un da\u00f1o inmediato. \u00bfQue se considera un cargo de asalto? La mayor\u00eda de los estados sugiere que un asalto... Read More\" \/>\n<meta property=\"og:url\" content=\"https:\/\/casedarwinlaw.com\/es\/servicios-legales-de-derecho-penal\/cargos-de-asalto-en-san-marcos\/\" \/>\n<meta property=\"og:site_name\" content=\"Law Office of Case J. Darwin Inc.\" \/>\n<meta property=\"article:publisher\" content=\"https:\/\/www.facebook.com\/casedarwinlaw\" \/>\n<meta property=\"article:modified_time\" content=\"2018-08-29T14:57:27+00:00\" \/>\n<meta name=\"twitter:card\" content=\"summary_large_image\" \/>\n<meta name=\"twitter:site\" content=\"@casedarwinlaw\" \/>\n<meta name=\"twitter:label1\" content=\"Tiempo de lectura\" \/>\n\t<meta name=\"twitter:data1\" content=\"1 minuto\" \/>\n<script type=\"application\/ld+json\" class=\"yoast-schema-graph\">{\"@context\":\"https:\/\/schema.org\",\"@graph\":[{\"@type\":\"WebPage\",\"@id\":\"https:\/\/casedarwinlaw.com\/es\/servicios-legales-de-derecho-penal\/cargos-de-asalto-en-san-marcos\/\",\"url\":\"https:\/\/casedarwinlaw.com\/es\/servicios-legales-de-derecho-penal\/cargos-de-asalto-en-san-marcos\/\",\"name\":\"Cargos de asalto en San Marcos - Law Office of Case J. Darwin Inc.\",\"isPartOf\":{\"@id\":\"https:\/\/casedarwinlaw.com\/#website\"},\"datePublished\":\"2018-05-14T19:36:50+00:00\",\"dateModified\":\"2018-08-29T14:57:27+00:00\",\"breadcrumb\":{\"@id\":\"https:\/\/casedarwinlaw.com\/es\/servicios-legales-de-derecho-penal\/cargos-de-asalto-en-san-marcos\/#breadcrumb\"},\"inLanguage\":\"es\",\"potentialAction\":[{\"@type\":\"ReadAction\",\"target\":[\"https:\/\/casedarwinlaw.com\/es\/servicios-legales-de-derecho-penal\/cargos-de-asalto-en-san-marcos\/\"]}]},{\"@type\":\"BreadcrumbList\",\"@id\":\"https:\/\/casedarwinlaw.com\/es\/servicios-legales-de-derecho-penal\/cargos-de-asalto-en-san-marcos\/#breadcrumb\",\"itemListElement\":[{\"@type\":\"ListItem\",\"position\":1,\"name\":\"Home\",\"item\":\"https:\/\/casedarwinlaw.com\/es\/\"},{\"@type\":\"ListItem\",\"position\":2,\"name\":\"Abogado Penalista en el Condado Hays y San Marcos\",\"item\":\"https:\/\/casedarwinlaw.com\/es\/servicios-legales-de-derecho-penal\/\"},{\"@type\":\"ListItem\",\"position\":3,\"name\":\"Cargos de asalto en San Marcos\"}]},{\"@type\":\"WebSite\",\"@id\":\"https:\/\/casedarwinlaw.com\/#website\",\"url\":\"https:\/\/casedarwinlaw.com\/\",\"name\":\"Law Office of Case J. Darwin Inc.\",\"description\":\"Settling your case\",\"potentialAction\":[{\"@type\":\"SearchAction\",\"target\":{\"@type\":\"EntryPoint\",\"urlTemplate\":\"https:\/\/casedarwinlaw.com\/?s={search_term_string}\"},\"query-input\":\"required name=search_term_string\"}],\"inLanguage\":\"es\"}]}<\/script>\n<!-- \/ Yoast SEO plugin. -->","yoast_head_json":{"title":"Cargos de asalto en San Marcos - Law Office of Case J. Darwin Inc.","robots":{"index":"index","follow":"follow","max-snippet":"max-snippet:-1","max-image-preview":"max-image-preview:large","max-video-preview":"max-video-preview:-1"},"canonical":"https:\/\/casedarwinlaw.com\/es\/servicios-legales-de-derecho-penal\/cargos-de-asalto-en-san-marcos\/","og_locale":"es_ES","og_type":"article","og_title":"Cargos de asalto en San Marcos - Law Office of Case J. Darwin Inc.","og_description":"Los cargos de asalto son cometidos cuando una persona trata de golpear f\u00edsicamente a otra. Los cargos de asalto puede surgir tambi\u00e9n, cuando una persona act\u00faa en una manera amenazadora, atemorizando a alguien m\u00e1s de hacerle un da\u00f1o inmediato. \u00bfQue se considera un cargo de asalto? La mayor\u00eda de los estados sugiere que un asalto... Read More","og_url":"https:\/\/casedarwinlaw.com\/es\/servicios-legales-de-derecho-penal\/cargos-de-asalto-en-san-marcos\/","og_site_name":"Law Office of Case J. Darwin Inc.","article_publisher":"https:\/\/www.facebook.com\/casedarwinlaw","article_modified_time":"2018-08-29T14:57:27+00:00","twitter_card":"summary_large_image","twitter_site":"@casedarwinlaw","twitter_misc":{"Tiempo de lectura":"1 minuto"},"schema":{"@context":"https:\/\/schema.org","@graph":[{"@type":"WebPage","@id":"https:\/\/casedarwinlaw.com\/es\/servicios-legales-de-derecho-penal\/cargos-de-asalto-en-san-marcos\/","url":"https:\/\/casedarwinlaw.com\/es\/servicios-legales-de-derecho-penal\/cargos-de-asalto-en-san-marcos\/","name":"Cargos de asalto en San Marcos - Law Office of Case J. Darwin Inc.","isPartOf":{"@id":"https:\/\/casedarwinlaw.com\/#website"},"datePublished":"2018-05-14T19:36:50+00:00","dateModified":"2018-08-29T14:57:27+00:00","breadcrumb":{"@id":"https:\/\/casedarwinlaw.com\/es\/servicios-legales-de-derecho-penal\/cargos-de-asalto-en-san-marcos\/#breadcrumb"},"inLanguage":"es","potentialAction":[{"@type":"ReadAction","target":["https:\/\/casedarwinlaw.com\/es\/servicios-legales-de-derecho-penal\/cargos-de-asalto-en-san-marcos\/"]}]},{"@type":"BreadcrumbList","@id":"https:\/\/casedarwinlaw.com\/es\/servicios-legales-de-derecho-penal\/cargos-de-asalto-en-san-marcos\/#breadcrumb","itemListElement":[{"@type":"ListItem","position":1,"name":"Home","item":"https:\/\/casedarwinlaw.com\/es\/"},{"@type":"ListItem","position":2,"name":"Abogado Penalista en el Condado Hays y San Marcos","item":"https:\/\/casedarwinlaw.com\/es\/servicios-legales-de-derecho-penal\/"},{"@type":"ListItem","position":3,"name":"Cargos de asalto en San Marcos"}]},{"@type":"WebSite","@id":"https:\/\/casedarwinlaw.com\/#website","url":"https:\/\/casedarwinlaw.com\/","name":"Law Office of Case J. Darwin Inc.","description":"Settling your case","potentialAction":[{"@type":"SearchAction","target":{"@type":"EntryPoint","urlTemplate":"https:\/\/casedarwinlaw.com\/?s={search_term_string}"},"query-input":"required name=search_term_string"}],"inLanguage":"es"}]}},"_links":{"self":[{"href":"https:\/\/casedarwinlaw.com\/es\/wp-json\/wp\/v2\/pages\/12851","targetHints":{"allow":["GET"]}}],"collection":[{"href":"https:\/\/casedarwinlaw.com\/es\/wp-json\/wp\/v2\/pages"}],"about":[{"href":"https:\/\/casedarwinlaw.com\/es\/wp-json\/wp\/v2\/types\/page"}],"author":[{"embeddable":true,"href":"https:\/\/casedarwinlaw.com\/es\/wp-json\/wp\/v2\/users\/4"}],"replies":[{"embeddable":true,"href":"https:\/\/casedarwinlaw.com\/es\/wp-json\/wp\/v2\/comments?post=12851"}],"version-history":[{"count":0,"href":"https:\/\/casedarwinlaw.com\/es\/wp-json\/wp\/v2\/pages\/12851\/revisions"}],"up":[{"embeddable":true,"href":"https:\/\/casedarwinlaw.com\/es\/wp-json\/wp\/v2\/pages\/12846"}],"wp:attachment":[{"href":"https:\/\/casedarwinlaw.com\/es\/wp-json\/wp\/v2\/media?parent=12851"}],"curies":[{"name":"wp","href":"https:\/\/api.w.org\/{rel}","templated":true}]}}