{"id":12855,"date":"2018-05-14T22:08:35","date_gmt":"2018-05-14T22:08:35","guid":{"rendered":"http:\/\/casedarwinlaw.com\/?page_id=12855"},"modified":"2018-08-28T19:00:30","modified_gmt":"2018-08-28T19:00:30","slug":"apelaciones-criminales-en-san-marcos","status":"publish","type":"page","link":"https:\/\/casedarwinlaw.com\/es\/servicios-legales-de-derecho-penal\/apelaciones-criminales-en-san-marcos\/","title":{"rendered":"Apelaciones Criminales en San Marcos"},"content":{"rendered":"<p>Con frecuencia, el abogado puede fracasar en representar exitosamente a su cliente, o el juez o el jurado pueden llegar a una decisi\u00f3n equivocada. Si Ud. perdi\u00f3 el caso en la corte, todav\u00eda tiene otra decisi\u00f3n que tomar: apelar o no apelar la sentencia.<\/p>\n<h2>\u00bfQu\u00e9 hace el abogado Case Darwin en el \u00e1rea de las Apelaciones, que no hacen otros abogados?<\/h2>\n<p><a href=\"https:\/\/casedarwinlaw.com\/es\/el-abogado-case-j-darwin-es-ex-fiscal\/\">El abogado Darwin<\/a> no s\u00f3lo tiene experiencia espec\u00edfica en el tema por haber servido como abogado en una corte de apelaciones de Texas, sino que tambi\u00e9n es un experimentado abogado en la prosecuci\u00f3n de juicios al haber servido como fiscal.<\/p>\n<p>Esta combinaci\u00f3n de capacidades, tanto para la apelaci\u00f3n como para la prosecuci\u00f3n de juicios, dan al abogado Darwin la habilidad para alegar con autoridad ante las cortes de apelaciones sobre las implicancias reales de las decisiones legales que ellas toman.<\/p>\n","protected":false},"excerpt":{"rendered":"<p>Con frecuencia, el abogado puede fracasar en representar exitosamente a su cliente, o el juez o el jurado pueden llegar a una decisi\u00f3n equivocada. Si Ud. perdi\u00f3 el caso en la corte, todav\u00eda tiene otra decisi\u00f3n que tomar: apelar o no apelar la sentencia. \u00bfQu\u00e9 hace el abogado Case Darwin en el \u00e1rea de las&#8230; <a class=\"more-link\" href=\"https:\/\/casedarwinlaw.com\/es\/servicios-legales-de-derecho-penal\/apelaciones-criminales-en-san-marcos\/\">Read More<\/a><\/p>\n","protected":false},"author":4,"featured_media":12929,"parent":12846,"menu_order":0,"comment_status":"closed","ping_status":"open","template":"page-template-single-service.php","meta":{"_genesis_hide_title":false,"_genesis_hide_breadcrumbs":false,"_genesis_hide_singular_image":false,"_genesis_hide_footer_widgets":false,"_genesis_custom_body_class":"","_genesis_custom_post_class":"","_genesis_layout":"","footnotes":""},"class_list":{"0":"post-12855","1":"page","2":"type-page","3":"status-publish","4":"has-post-thumbnail","6":"entry"},"acf":[],"yoast_head":"<!-- This site is optimized with the Yoast SEO plugin v20.2.1 - https:\/\/yoast.com\/wordpress\/plugins\/seo\/ -->\n<title>Apelaciones Criminales en San Marcos - Law Office of Case J. Darwin Inc.<\/title>\n<meta name=\"robots\" content=\"index, follow, max-snippet:-1, max-image-preview:large, max-video-preview:-1\" \/>\n<link rel=\"canonical\" href=\"https:\/\/casedarwinlaw.com\/es\/servicios-legales-de-derecho-penal\/apelaciones-criminales-en-san-marcos\/\" \/>\n<meta property=\"og:locale\" content=\"es_ES\" \/>\n<meta property=\"og:type\" content=\"article\" \/>\n<meta property=\"og:title\" content=\"Apelaciones Criminales en San Marcos - Law Office of Case J. Darwin Inc.\" \/>\n<meta property=\"og:description\" content=\"Con frecuencia, el abogado puede fracasar en representar exitosamente a su cliente, o el juez o el jurado pueden llegar a una decisi\u00f3n equivocada. Si Ud. perdi\u00f3 el caso en la corte, todav\u00eda tiene otra decisi\u00f3n que tomar: apelar o no apelar la sentencia. \u00bfQu\u00e9 hace el abogado Case Darwin en el \u00e1rea de las... Read More\" \/>\n<meta property=\"og:url\" content=\"https:\/\/casedarwinlaw.com\/es\/servicios-legales-de-derecho-penal\/apelaciones-criminales-en-san-marcos\/\" \/>\n<meta property=\"og:site_name\" content=\"Law Office of Case J. Darwin Inc.\" \/>\n<meta property=\"article:publisher\" content=\"https:\/\/www.facebook.com\/casedarwinlaw\" \/>\n<meta property=\"article:modified_time\" content=\"2018-08-28T19:00:30+00:00\" \/>\n<meta property=\"og:image\" content=\"https:\/\/casedarwinlaw.com\/wp-content\/uploads\/2018\/05\/other-hero.jpg\" \/>\n\t<meta property=\"og:image:width\" content=\"1920\" \/>\n\t<meta property=\"og:image:height\" content=\"350\" \/>\n\t<meta property=\"og:image:type\" content=\"image\/jpeg\" \/>\n<meta name=\"twitter:card\" content=\"summary_large_image\" \/>\n<meta name=\"twitter:site\" content=\"@casedarwinlaw\" \/>\n<meta name=\"twitter:label1\" content=\"Tiempo de lectura\" \/>\n\t<meta name=\"twitter:data1\" content=\"1 minuto\" \/>\n<script type=\"application\/ld+json\" class=\"yoast-schema-graph\">{\"@context\":\"https:\/\/schema.org\",\"@graph\":[{\"@type\":\"WebPage\",\"@id\":\"https:\/\/casedarwinlaw.com\/es\/servicios-legales-de-derecho-penal\/apelaciones-criminales-en-san-marcos\/\",\"url\":\"https:\/\/casedarwinlaw.com\/es\/servicios-legales-de-derecho-penal\/apelaciones-criminales-en-san-marcos\/\",\"name\":\"Apelaciones Criminales en San Marcos - Law Office of Case J. Darwin Inc.\",\"isPartOf\":{\"@id\":\"https:\/\/casedarwinlaw.com\/#website\"},\"datePublished\":\"2018-05-14T22:08:35+00:00\",\"dateModified\":\"2018-08-28T19:00:30+00:00\",\"breadcrumb\":{\"@id\":\"https:\/\/casedarwinlaw.com\/es\/servicios-legales-de-derecho-penal\/apelaciones-criminales-en-san-marcos\/#breadcrumb\"},\"inLanguage\":\"es\",\"potentialAction\":[{\"@type\":\"ReadAction\",\"target\":[\"https:\/\/casedarwinlaw.com\/es\/servicios-legales-de-derecho-penal\/apelaciones-criminales-en-san-marcos\/\"]}]},{\"@type\":\"BreadcrumbList\",\"@id\":\"https:\/\/casedarwinlaw.com\/es\/servicios-legales-de-derecho-penal\/apelaciones-criminales-en-san-marcos\/#breadcrumb\",\"itemListElement\":[{\"@type\":\"ListItem\",\"position\":1,\"name\":\"Home\",\"item\":\"https:\/\/casedarwinlaw.com\/es\/\"},{\"@type\":\"ListItem\",\"position\":2,\"name\":\"Abogado Penalista en el Condado Hays y San Marcos\",\"item\":\"https:\/\/casedarwinlaw.com\/es\/servicios-legales-de-derecho-penal\/\"},{\"@type\":\"ListItem\",\"position\":3,\"name\":\"Apelaciones Criminales en San Marcos\"}]},{\"@type\":\"WebSite\",\"@id\":\"https:\/\/casedarwinlaw.com\/#website\",\"url\":\"https:\/\/casedarwinlaw.com\/\",\"name\":\"Law Office of Case J. Darwin Inc.\",\"description\":\"Settling your case\",\"potentialAction\":[{\"@type\":\"SearchAction\",\"target\":{\"@type\":\"EntryPoint\",\"urlTemplate\":\"https:\/\/casedarwinlaw.com\/?s={search_term_string}\"},\"query-input\":\"required name=search_term_string\"}],\"inLanguage\":\"es\"}]}<\/script>\n<!-- \/ Yoast SEO plugin. -->","yoast_head_json":{"title":"Apelaciones Criminales en San Marcos - Law Office of Case J. Darwin Inc.","robots":{"index":"index","follow":"follow","max-snippet":"max-snippet:-1","max-image-preview":"max-image-preview:large","max-video-preview":"max-video-preview:-1"},"canonical":"https:\/\/casedarwinlaw.com\/es\/servicios-legales-de-derecho-penal\/apelaciones-criminales-en-san-marcos\/","og_locale":"es_ES","og_type":"article","og_title":"Apelaciones Criminales en San Marcos - Law Office of Case J. Darwin Inc.","og_description":"Con frecuencia, el abogado puede fracasar en representar exitosamente a su cliente, o el juez o el jurado pueden llegar a una decisi\u00f3n equivocada. Si Ud. perdi\u00f3 el caso en la corte, todav\u00eda tiene otra decisi\u00f3n que tomar: apelar o no apelar la sentencia. \u00bfQu\u00e9 hace el abogado Case Darwin en el \u00e1rea de las... Read More","og_url":"https:\/\/casedarwinlaw.com\/es\/servicios-legales-de-derecho-penal\/apelaciones-criminales-en-san-marcos\/","og_site_name":"Law Office of Case J. Darwin Inc.","article_publisher":"https:\/\/www.facebook.com\/casedarwinlaw","article_modified_time":"2018-08-28T19:00:30+00:00","og_image":[{"width":1920,"height":350,"url":"https:\/\/casedarwinlaw.com\/wp-content\/uploads\/2018\/05\/other-hero.jpg","type":"image\/jpeg"}],"twitter_card":"summary_large_image","twitter_site":"@casedarwinlaw","twitter_misc":{"Tiempo de lectura":"1 minuto"},"schema":{"@context":"https:\/\/schema.org","@graph":[{"@type":"WebPage","@id":"https:\/\/casedarwinlaw.com\/es\/servicios-legales-de-derecho-penal\/apelaciones-criminales-en-san-marcos\/","url":"https:\/\/casedarwinlaw.com\/es\/servicios-legales-de-derecho-penal\/apelaciones-criminales-en-san-marcos\/","name":"Apelaciones Criminales en San Marcos - Law Office of Case J. Darwin Inc.","isPartOf":{"@id":"https:\/\/casedarwinlaw.com\/#website"},"datePublished":"2018-05-14T22:08:35+00:00","dateModified":"2018-08-28T19:00:30+00:00","breadcrumb":{"@id":"https:\/\/casedarwinlaw.com\/es\/servicios-legales-de-derecho-penal\/apelaciones-criminales-en-san-marcos\/#breadcrumb"},"inLanguage":"es","potentialAction":[{"@type":"ReadAction","target":["https:\/\/casedarwinlaw.com\/es\/servicios-legales-de-derecho-penal\/apelaciones-criminales-en-san-marcos\/"]}]},{"@type":"BreadcrumbList","@id":"https:\/\/casedarwinlaw.com\/es\/servicios-legales-de-derecho-penal\/apelaciones-criminales-en-san-marcos\/#breadcrumb","itemListElement":[{"@type":"ListItem","position":1,"name":"Home","item":"https:\/\/casedarwinlaw.com\/es\/"},{"@type":"ListItem","position":2,"name":"Abogado Penalista en el Condado Hays y San Marcos","item":"https:\/\/casedarwinlaw.com\/es\/servicios-legales-de-derecho-penal\/"},{"@type":"ListItem","position":3,"name":"Apelaciones Criminales en San Marcos"}]},{"@type":"WebSite","@id":"https:\/\/casedarwinlaw.com\/#website","url":"https:\/\/casedarwinlaw.com\/","name":"Law Office of Case J. Darwin Inc.","description":"Settling your case","potentialAction":[{"@type":"SearchAction","target":{"@type":"EntryPoint","urlTemplate":"https:\/\/casedarwinlaw.com\/?s={search_term_string}"},"query-input":"required name=search_term_string"}],"inLanguage":"es"}]}},"_links":{"self":[{"href":"https:\/\/casedarwinlaw.com\/es\/wp-json\/wp\/v2\/pages\/12855","targetHints":{"allow":["GET"]}}],"collection":[{"href":"https:\/\/casedarwinlaw.com\/es\/wp-json\/wp\/v2\/pages"}],"about":[{"href":"https:\/\/casedarwinlaw.com\/es\/wp-json\/wp\/v2\/types\/page"}],"author":[{"embeddable":true,"href":"https:\/\/casedarwinlaw.com\/es\/wp-json\/wp\/v2\/users\/4"}],"replies":[{"embeddable":true,"href":"https:\/\/casedarwinlaw.com\/es\/wp-json\/wp\/v2\/comments?post=12855"}],"version-history":[{"count":0,"href":"https:\/\/casedarwinlaw.com\/es\/wp-json\/wp\/v2\/pages\/12855\/revisions"}],"up":[{"embeddable":true,"href":"https:\/\/casedarwinlaw.com\/es\/wp-json\/wp\/v2\/pages\/12846"}],"wp:featuredmedia":[{"embeddable":true,"href":"https:\/\/casedarwinlaw.com\/es\/wp-json\/wp\/v2\/media\/12929"}],"wp:attachment":[{"href":"https:\/\/casedarwinlaw.com\/es\/wp-json\/wp\/v2\/media?parent=12855"}],"curies":[{"name":"wp","href":"https:\/\/api.w.org\/{rel}","templated":true}]}}