{"id":12858,"date":"2018-05-14T22:32:02","date_gmt":"2018-05-14T22:32:02","guid":{"rendered":"http:\/\/casedarwinlaw.com\/?page_id=12858"},"modified":"2018-08-28T18:54:24","modified_gmt":"2018-08-28T18:54:24","slug":"cargos-por-delitos-de-drogas-en-san-marcos","status":"publish","type":"page","link":"https:\/\/casedarwinlaw.com\/es\/servicios-legales-de-derecho-penal\/cargos-por-delitos-de-drogas-en-san-marcos\/","title":{"rendered":"Cargos por Delitos de Drogas en San Marcos"},"content":{"rendered":"<p>Los cargos por drogas deben tomarse seriamente, sean cargos menores por posesi\u00f3n de drogas o cargos m\u00e1s graves, como el de comercializaci\u00f3n o producci\u00f3n. Estos cargos llevan penas muy duras y pueden producir un efecto profundo en su vida, familia, empleo, y oportunidades acad\u00e9micas. Como ex fiscal, el abogado <a href=\"https:\/\/casedarwinlaw.com\/es\/el-abogado-case-j-darwin-es-ex-fiscal\/\">Case Darwin<\/a> posee una amplia experiencia en la atenci\u00f3n de casos relacionados con la droga. \u00c9l es partidario de cuestionar agresivamente toda acci\u00f3n policial en la prosecuci\u00f3n de la causa. En su defensa, Case trabajar\u00e1 con tenacidad para defender sus derechos y principalmente su libertad. \u00c9l maneja toda clase de casos relacionados con las drogas, incluyendo marijuana, coca\u00edna, hero\u00edna, \u201ccrystal meth,\u201d \u00e9xtasis, etc.<\/p>\n<h2>El abogado Darwin defiende a las personas acusadas por delitos relacionados con drogas, incluyendo:<\/h2>\n<ul>\n<li>Simple posesi\u00f3n de sustancias<\/li>\n<li>Posesi\u00f3n de marijuana<\/li>\n<li>Posesi\u00f3n de drogas con intenci\u00f3n de traficar<\/li>\n<li>Tr\u00e1fico de drogas<\/li>\n<li>Producci\u00f3n de drogas<\/li>\n<li>Posesi\u00f3n ilegal de drogas con prescripci\u00f3n, y<\/li>\n<li>Todos otros cargos relativos a drogas.<\/li>\n<\/ul>\n<h2>Sobreceimento<\/h2>\n<p>El arresto por un delito deja antecedentes permanentes, sea o no sea culpable. El Departamento de Seguridad P\u00fablica de Texas guarda estos antecedentes en el \u201cTexas Crime and Information Center\u201d (the \u201cTCIC\u201d). A menos que estos antecedentes sean sobrese\u00eddos permanecer\u00e1n en su historial policial.<\/p>\n<p>Obtener el Sobreseimiento o Secreto de Sumario de su Caso<br \/>\nEmpleadores, inmobiliarias, y entidades financieras verifican antecedentes cuando tienen que tomar decisiones comerciales o de alquiler a su nombre. El tener sus antecedentes criminales sobrese\u00eddos evita a las agencias policiales informar sobre su estado criminal. Desafortunadamente, no todos los delitos criminales pueden ser sobrese\u00eddos.<\/p>\n<p>Antecedentes criminales que son sobrese\u00eddos:<br \/>\nAlgunos casos desestimados,<br \/>\nUn juicio con un veredicto no culpable y<br \/>\nCasos de contravenci\u00f3n clase C diferidas por disposici\u00f3n.<\/p>\n<h3>Nota:<\/h3>\n<p>En casos de contravenciones clase A o B y ciertas felon\u00edas diferidas en corte el cliente puede ser elegible a solicitar que su caso permanezca bajo secreto de sumario.<\/p>\n<p>Mientras el antecedente criminal no este sobrese\u00eddo es posible que haya una orden de secreto de sumario que previene que la polic\u00eda informe sobre su estado criminal. La persona debe haber completado su pena y no haber tenido un arresto en un periodo de 2 a 5 a\u00f1os para obtener la orden de secreto de sumario.<\/p>\n<h2>Para obtener mas informacion, mira este video:<\/h2>\n<p><iframe loading=\"lazy\" src=\"https:\/\/www.youtube.com\/embed\/0FneqDMHweE?rel=0\" width=\"420\" height=\"315\" frameborder=\"0\" allowfullscreen=\"allowfullscreen\"><\/iframe><\/p>\n","protected":false},"excerpt":{"rendered":"<p>Los cargos por drogas deben tomarse seriamente, sean cargos menores por posesi\u00f3n de drogas o cargos m\u00e1s graves, como el de comercializaci\u00f3n o producci\u00f3n. Estos cargos llevan penas muy duras y pueden producir un efecto profundo en su vida, familia, empleo, y oportunidades acad\u00e9micas. Como ex fiscal, el abogado Case Darwin posee una amplia experiencia&#8230; <a class=\"more-link\" href=\"https:\/\/casedarwinlaw.com\/es\/servicios-legales-de-derecho-penal\/cargos-por-delitos-de-drogas-en-san-marcos\/\">Read More<\/a><\/p>\n","protected":false},"author":4,"featured_media":0,"parent":12846,"menu_order":0,"comment_status":"closed","ping_status":"open","template":"page-template-single-service.php","meta":{"_genesis_hide_title":false,"_genesis_hide_breadcrumbs":false,"_genesis_hide_singular_image":false,"_genesis_hide_footer_widgets":false,"_genesis_custom_body_class":"","_genesis_custom_post_class":"","_genesis_layout":"","footnotes":""},"class_list":{"0":"post-12858","1":"page","2":"type-page","3":"status-publish","5":"entry","6":"has-post-thumbnail"},"acf":[],"yoast_head":"<!-- This site is optimized with the Yoast SEO plugin v20.2.1 - https:\/\/yoast.com\/wordpress\/plugins\/seo\/ -->\n<title>Cargos por Delitos de Drogas en San Marcos - Law Office of Case J. Darwin Inc.<\/title>\n<meta name=\"robots\" content=\"index, follow, max-snippet:-1, max-image-preview:large, max-video-preview:-1\" \/>\n<link rel=\"canonical\" href=\"https:\/\/casedarwinlaw.com\/es\/servicios-legales-de-derecho-penal\/cargos-por-delitos-de-drogas-en-san-marcos\/\" \/>\n<meta property=\"og:locale\" content=\"es_ES\" \/>\n<meta property=\"og:type\" content=\"article\" \/>\n<meta property=\"og:title\" content=\"Cargos por Delitos de Drogas en San Marcos - Law Office of Case J. Darwin Inc.\" \/>\n<meta property=\"og:description\" content=\"Los cargos por drogas deben tomarse seriamente, sean cargos menores por posesi\u00f3n de drogas o cargos m\u00e1s graves, como el de comercializaci\u00f3n o producci\u00f3n. Estos cargos llevan penas muy duras y pueden producir un efecto profundo en su vida, familia, empleo, y oportunidades acad\u00e9micas. Como ex fiscal, el abogado Case Darwin posee una amplia experiencia... Read More\" \/>\n<meta property=\"og:url\" content=\"https:\/\/casedarwinlaw.com\/es\/servicios-legales-de-derecho-penal\/cargos-por-delitos-de-drogas-en-san-marcos\/\" \/>\n<meta property=\"og:site_name\" content=\"Law Office of Case J. Darwin Inc.\" \/>\n<meta property=\"article:publisher\" content=\"https:\/\/www.facebook.com\/casedarwinlaw\" \/>\n<meta property=\"article:modified_time\" content=\"2018-08-28T18:54:24+00:00\" \/>\n<meta name=\"twitter:card\" content=\"summary_large_image\" \/>\n<meta name=\"twitter:site\" content=\"@casedarwinlaw\" \/>\n<meta name=\"twitter:label1\" content=\"Tiempo de lectura\" \/>\n\t<meta name=\"twitter:data1\" content=\"2 minutos\" \/>\n<script type=\"application\/ld+json\" class=\"yoast-schema-graph\">{\"@context\":\"https:\/\/schema.org\",\"@graph\":[{\"@type\":\"WebPage\",\"@id\":\"https:\/\/casedarwinlaw.com\/es\/servicios-legales-de-derecho-penal\/cargos-por-delitos-de-drogas-en-san-marcos\/\",\"url\":\"https:\/\/casedarwinlaw.com\/es\/servicios-legales-de-derecho-penal\/cargos-por-delitos-de-drogas-en-san-marcos\/\",\"name\":\"Cargos por Delitos de Drogas en San Marcos - Law Office of Case J. Darwin Inc.\",\"isPartOf\":{\"@id\":\"https:\/\/casedarwinlaw.com\/#website\"},\"datePublished\":\"2018-05-14T22:32:02+00:00\",\"dateModified\":\"2018-08-28T18:54:24+00:00\",\"breadcrumb\":{\"@id\":\"https:\/\/casedarwinlaw.com\/es\/servicios-legales-de-derecho-penal\/cargos-por-delitos-de-drogas-en-san-marcos\/#breadcrumb\"},\"inLanguage\":\"es\",\"potentialAction\":[{\"@type\":\"ReadAction\",\"target\":[\"https:\/\/casedarwinlaw.com\/es\/servicios-legales-de-derecho-penal\/cargos-por-delitos-de-drogas-en-san-marcos\/\"]}]},{\"@type\":\"BreadcrumbList\",\"@id\":\"https:\/\/casedarwinlaw.com\/es\/servicios-legales-de-derecho-penal\/cargos-por-delitos-de-drogas-en-san-marcos\/#breadcrumb\",\"itemListElement\":[{\"@type\":\"ListItem\",\"position\":1,\"name\":\"Home\",\"item\":\"https:\/\/casedarwinlaw.com\/es\/\"},{\"@type\":\"ListItem\",\"position\":2,\"name\":\"Abogado Penalista en el Condado Hays y San Marcos\",\"item\":\"https:\/\/casedarwinlaw.com\/es\/servicios-legales-de-derecho-penal\/\"},{\"@type\":\"ListItem\",\"position\":3,\"name\":\"Cargos por Delitos de Drogas en San Marcos\"}]},{\"@type\":\"WebSite\",\"@id\":\"https:\/\/casedarwinlaw.com\/#website\",\"url\":\"https:\/\/casedarwinlaw.com\/\",\"name\":\"Law Office of Case J. Darwin Inc.\",\"description\":\"Settling your case\",\"potentialAction\":[{\"@type\":\"SearchAction\",\"target\":{\"@type\":\"EntryPoint\",\"urlTemplate\":\"https:\/\/casedarwinlaw.com\/?s={search_term_string}\"},\"query-input\":\"required name=search_term_string\"}],\"inLanguage\":\"es\"}]}<\/script>\n<!-- \/ Yoast SEO plugin. -->","yoast_head_json":{"title":"Cargos por Delitos de Drogas en San Marcos - Law Office of Case J. Darwin Inc.","robots":{"index":"index","follow":"follow","max-snippet":"max-snippet:-1","max-image-preview":"max-image-preview:large","max-video-preview":"max-video-preview:-1"},"canonical":"https:\/\/casedarwinlaw.com\/es\/servicios-legales-de-derecho-penal\/cargos-por-delitos-de-drogas-en-san-marcos\/","og_locale":"es_ES","og_type":"article","og_title":"Cargos por Delitos de Drogas en San Marcos - Law Office of Case J. Darwin Inc.","og_description":"Los cargos por drogas deben tomarse seriamente, sean cargos menores por posesi\u00f3n de drogas o cargos m\u00e1s graves, como el de comercializaci\u00f3n o producci\u00f3n. Estos cargos llevan penas muy duras y pueden producir un efecto profundo en su vida, familia, empleo, y oportunidades acad\u00e9micas. Como ex fiscal, el abogado Case Darwin posee una amplia experiencia... Read More","og_url":"https:\/\/casedarwinlaw.com\/es\/servicios-legales-de-derecho-penal\/cargos-por-delitos-de-drogas-en-san-marcos\/","og_site_name":"Law Office of Case J. Darwin Inc.","article_publisher":"https:\/\/www.facebook.com\/casedarwinlaw","article_modified_time":"2018-08-28T18:54:24+00:00","twitter_card":"summary_large_image","twitter_site":"@casedarwinlaw","twitter_misc":{"Tiempo de lectura":"2 minutos"},"schema":{"@context":"https:\/\/schema.org","@graph":[{"@type":"WebPage","@id":"https:\/\/casedarwinlaw.com\/es\/servicios-legales-de-derecho-penal\/cargos-por-delitos-de-drogas-en-san-marcos\/","url":"https:\/\/casedarwinlaw.com\/es\/servicios-legales-de-derecho-penal\/cargos-por-delitos-de-drogas-en-san-marcos\/","name":"Cargos por Delitos de Drogas en San Marcos - Law Office of Case J. Darwin Inc.","isPartOf":{"@id":"https:\/\/casedarwinlaw.com\/#website"},"datePublished":"2018-05-14T22:32:02+00:00","dateModified":"2018-08-28T18:54:24+00:00","breadcrumb":{"@id":"https:\/\/casedarwinlaw.com\/es\/servicios-legales-de-derecho-penal\/cargos-por-delitos-de-drogas-en-san-marcos\/#breadcrumb"},"inLanguage":"es","potentialAction":[{"@type":"ReadAction","target":["https:\/\/casedarwinlaw.com\/es\/servicios-legales-de-derecho-penal\/cargos-por-delitos-de-drogas-en-san-marcos\/"]}]},{"@type":"BreadcrumbList","@id":"https:\/\/casedarwinlaw.com\/es\/servicios-legales-de-derecho-penal\/cargos-por-delitos-de-drogas-en-san-marcos\/#breadcrumb","itemListElement":[{"@type":"ListItem","position":1,"name":"Home","item":"https:\/\/casedarwinlaw.com\/es\/"},{"@type":"ListItem","position":2,"name":"Abogado Penalista en el Condado Hays y San Marcos","item":"https:\/\/casedarwinlaw.com\/es\/servicios-legales-de-derecho-penal\/"},{"@type":"ListItem","position":3,"name":"Cargos por Delitos de Drogas en San Marcos"}]},{"@type":"WebSite","@id":"https:\/\/casedarwinlaw.com\/#website","url":"https:\/\/casedarwinlaw.com\/","name":"Law Office of Case J. Darwin Inc.","description":"Settling your case","potentialAction":[{"@type":"SearchAction","target":{"@type":"EntryPoint","urlTemplate":"https:\/\/casedarwinlaw.com\/?s={search_term_string}"},"query-input":"required name=search_term_string"}],"inLanguage":"es"}]}},"_links":{"self":[{"href":"https:\/\/casedarwinlaw.com\/es\/wp-json\/wp\/v2\/pages\/12858","targetHints":{"allow":["GET"]}}],"collection":[{"href":"https:\/\/casedarwinlaw.com\/es\/wp-json\/wp\/v2\/pages"}],"about":[{"href":"https:\/\/casedarwinlaw.com\/es\/wp-json\/wp\/v2\/types\/page"}],"author":[{"embeddable":true,"href":"https:\/\/casedarwinlaw.com\/es\/wp-json\/wp\/v2\/users\/4"}],"replies":[{"embeddable":true,"href":"https:\/\/casedarwinlaw.com\/es\/wp-json\/wp\/v2\/comments?post=12858"}],"version-history":[{"count":0,"href":"https:\/\/casedarwinlaw.com\/es\/wp-json\/wp\/v2\/pages\/12858\/revisions"}],"up":[{"embeddable":true,"href":"https:\/\/casedarwinlaw.com\/es\/wp-json\/wp\/v2\/pages\/12846"}],"wp:attachment":[{"href":"https:\/\/casedarwinlaw.com\/es\/wp-json\/wp\/v2\/media?parent=12858"}],"curies":[{"name":"wp","href":"https:\/\/api.w.org\/{rel}","templated":true}]}}