{"id":12859,"date":"2018-05-14T22:34:05","date_gmt":"2018-05-14T22:34:05","guid":{"rendered":"http:\/\/casedarwinlaw.com\/?page_id=12859"},"modified":"2018-08-28T18:44:42","modified_gmt":"2018-08-28T18:44:42","slug":"cargos-de-dwi-en-san-marcos","status":"publish","type":"page","link":"https:\/\/casedarwinlaw.com\/es\/servicios-legales-de-derecho-penal\/cargos-de-dwi-en-san-marcos\/","title":{"rendered":"Cargos de DWI en San Marcos"},"content":{"rendered":"<p>Advertencia: Si usted se ha negado a realizarse un examen qu\u00edmico o si su an\u00e1lisis de sangre o alcohol le sali\u00f3 positivo, usted tiene s\u00f3lo 15 d\u00edas para solicitar administrativamente la devoluci\u00f3n de su licencia de conducir. Case puede ayudarle a evitar que le suspendan su licencia.<\/p>\n<h2>\u00bfComo podemos ayudarle?<\/h2>\n<p>Si usted ha sido acusado de un DWI debe consultar con un abogado experimentado y especialista en DWI quien puede representarlo y defender sus derechos exitosamente.<\/p>\n<p><a href=\"https:\/\/casedarwinlaw.com\/es\/el-abogado-case-j-darwin-es-ex-fiscal\/\">El abogado Darwin<\/a> cobrar\u00e1 por este trabajo honorarios justos y competitivos, y estos honorarios normalmente incluyen los de un juicio. La gran mayor\u00eda de los abogados DWI simplemente solicitar\u00e1 un descargo, y por lo general, las penalidades son las mismas que si hubiese ido a juicio.<br \/>\nEn estos casos, la filosof\u00eda de El abogado Darwin consiste en que Ud. debe ir a juicio, o recibir una reducci\u00f3n de las penalidades (como por ejemplo, una acusaci\u00f3n por conducir descuidadamente).<\/p>\n<h2>Primera Infracci\u00f3n:<\/h2>\n<ul>\n<li>Multas de hasta U$S 2000<\/li>\n<li>72 horas a 180 d\u00edas de privaci\u00f3n de la libertad (c\u00e1rcel), y<\/li>\n<li>Suspensi\u00f3n de la licencia de conducir: desde 90 d\u00edas a 1 a\u00f1o.<\/li>\n<\/ul>\n<h3>Probaci\u00f3n:<\/h3>\n<p>La mayor\u00eda de las personas sentenciadas con una primera ofensa DWI no van a la c\u00e1rcel. T\u00e9cnicamente son sentenciadas con privaci\u00f3n de la libertad, pero esta sentencia es suspendida y transformada por la \u201cProbaci\u00f3n\u201d (servicio comunitario).<\/p>\n<p>La Probaci\u00f3n generalmente se aplica por un t\u00e9rmino de uno a dos a\u00f1os. Mientras se cumple esta condena, usted debe estar bajo las \u00f3rdenes del juez.<\/p>\n<p>Estas \u00f3rdenes son llamadas condiciones de la Probaci\u00f3n. Si usted no hace lo que el juez le ordena (las condiciones), entonces el juez tiene la opci\u00f3n de revocar la probaci\u00f3n y mandarlo a la c\u00e1rcel por los mismos d\u00edas que estableci\u00f3 la sentencia original que fuera suspendida.<\/p>\n<p>El juez puede ordenar cualquier condici\u00f3n razonable a su probaci\u00f3n. Las condiciones t\u00edpicas en una probaci\u00f3n son las siguientes:<\/p>\n<ul>\n<li>No violar la ley<\/li>\n<li>Reportarse con su oficial de probaci\u00f3n (por lo general una vez al mes)<\/li>\n<li>Pagar las multas, gastos de justicia y los gastos mensuales de la probaci\u00f3n<\/li>\n<li>Cumplir con el servicio comunitario. En el caso de una primera ofensa de DWI debe cumplir entre 24 a 80 horas y el tipo de servicio puede variar<\/li>\n<li>Est\u00e1 prohibido beber alcohol<\/li>\n<li>Debe asistir a clases sobre DWI<\/li>\n<li>Debe asistir a lo que se llama \u201cPanel sobre el Impacto en las V\u00edctimas.\u201d M.A.D.D. ofrece este Panel y est\u00e1 destinado a concientizar sobre los peligros de DWI<\/li>\n<li>Realizar controles de alcohol y drogas. (Si el control revela que tiene problemas con el alcohol o las drogas, deber\u00e1 someterse a un tratamiento), y<\/li>\n<li>Conservar un trabajo.<\/li>\n<\/ul>\n<p>Estas son las condiciones m\u00e1s comunes que se les imponen a las personas que se encuentran en Probaci\u00f3n por una primera ofensa de DWI.<\/p>\n<h2>Segunda Infracci\u00f3n:<\/h2>\n<ul>\n<li>Multas de hasta U$S 4000<\/li>\n<li>0 d\u00edas a 1 a\u00f1o de arresto, y<\/li>\n<li>Suspensi\u00f3n de la licencia de conducir: desde 180 d\u00edas a 2 a\u00f1os.<\/li>\n<\/ul>\n<h3>Probaci\u00f3n:<\/h3>\n<p>Si usted ha sido condenado por una segunda ofensa de DWI, es elegible para la Probaci\u00f3n.<\/p>\n<p>Pero \u00e9sta no se aplica tan frecuentemente como si se tratara de una primera ofensa. En este caso, las exigencias ser\u00e1n mayores y la duraci\u00f3n de la Probaci\u00f3n probablemente se extienda a 2 a\u00f1os completos. Las exigencias adicionales que se requieren en casos de segunda ofensa son las siguientes:<\/p>\n<ul>\n<li>Debe pasar tiempo en prisi\u00f3n como condici\u00f3n de su Probaci\u00f3n (El m\u00e1ximo es de 30 d\u00edas, d\u00eda por d\u00eda)<\/li>\n<li>El servicio comunitario debe comprender entre 80 a 200 horas, y<\/li>\n<li>Se le exigir\u00e1 que lleve en su autom\u00f3vil un respirador de profundidad.<\/li>\n<\/ul>\n<p>Este es un dispositivo para realizar pruebas de alcoholismo conectado al arranque del autom\u00f3vil. Si se detecta alcohol en su respiraci\u00f3n, su autom\u00f3vil no arrancar\u00e1. Esto ser\u00e1 transmitido autom\u00e1ticamente a su oficial de la \u201cprobation\u201d como una violaci\u00f3n a la misma y puede ser motivo para que se le revoque la \u201cprobation.\u201d<\/p>\n<h2>Tercera Infracci\u00f3n:<\/h2>\n<ul>\n<li>Multa de hasta U$S 10.000<\/li>\n<li>De 2 a 10 a\u00f1os en c\u00e1rcel estatal, y<\/li>\n<li>Suspensi\u00f3n de la licencia de conducir, de 180 d\u00edas a 2 a\u00f1os.<\/li>\n<\/ul>\n<h3>Probaci\u00f3n:<\/h3>\n<p>Si ha sido condenado por una tercera ofensa de DWI, puede suceder que usted sea elegible o no para la Probaci\u00f3n. Si es elegible, el t\u00e9rmino ser\u00e1 de 2 a 10 a\u00f1os. La corte analizar\u00e1 varios factores para determinar si usted es elegible. Algunos de esos factores son:<\/p>\n<h4>\u00bfCu\u00e1ndo fue su \u00faltima ofensa DWI?<\/h4>\n<p>Si usted previamente ha estado en Probaci\u00f3n, ?c\u00f3mo la realiz\u00f3? (viol\u00f3 alguna de las condiciones de la Probaci\u00f3n?).<\/p>\n<h4>\u00bfQu\u00e9 gravedad revisten los hechos en el caso presente?<\/h4>\n<h4>\u00bfHubo un accidente?<\/h4>\n<p>Si le hicieron el test de alcoholismo, \u00bfcu\u00e1n alta era la concentraci\u00f3n de alcohol?<\/p>\n<h4>\u00bfExistieron factores agravantes?<\/h4>\n<p>Tambi\u00e9n est\u00e1 el \u201cShock Probation\u201d. Esto se da cuando usted ha sido condenado a prisi\u00f3n. En cualquier momento antes de los 180 d\u00edas de ser sentenciado a prisi\u00f3n, la corte puede SHOCK cambiarle a Probaci\u00f3n.<\/p>\n<p>Para calificar al \u201cshock probation,\u201d usted debe ser elegible para la Probaci\u00f3n y nunca antes haber sido sentenciado a prisi\u00f3n. Por lo tanto, es decisi\u00f3n de la corte enviarlo a prisi\u00f3n o no.<\/p>\n<p>Las condiciones siguientes le ser\u00e1n requeridas para obtener la Probaci\u00f3n en un caso de delito DWI (Adem\u00e1s de las requeridas por infracciones Clase A):<\/p>\n<ul>\n<li>Ser\u00e1n necesarias de 160 a 600 horas de servicio comunitario<\/li>\n<li>Ud. deber\u00e1 pasar tiempo en la c\u00e1rcel como condici\u00f3n para la Probaci\u00f3n, y<\/li>\n<li>El juez puede requerir diferentes tipos de programas para el tratamiento del alcohol.<\/li>\n<\/ul>\n<p>Esto puede ir desde un tratamiento con internaci\u00f3n a uno ambulatorio.<\/p>\n","protected":false},"excerpt":{"rendered":"<p>Advertencia: Si usted se ha negado a realizarse un examen qu\u00edmico o si su an\u00e1lisis de sangre o alcohol le sali\u00f3 positivo, usted tiene s\u00f3lo 15 d\u00edas para solicitar administrativamente la devoluci\u00f3n de su licencia de conducir. Case puede ayudarle a evitar que le suspendan su licencia. \u00bfComo podemos ayudarle? Si usted ha sido acusado&#8230; <a class=\"more-link\" href=\"https:\/\/casedarwinlaw.com\/es\/servicios-legales-de-derecho-penal\/cargos-de-dwi-en-san-marcos\/\">Read More<\/a><\/p>\n","protected":false},"author":4,"featured_media":0,"parent":12846,"menu_order":0,"comment_status":"closed","ping_status":"closed","template":"page-template-single-service.php","meta":{"_genesis_hide_title":false,"_genesis_hide_breadcrumbs":false,"_genesis_hide_singular_image":false,"_genesis_hide_footer_widgets":false,"_genesis_custom_body_class":"","_genesis_custom_post_class":"","_genesis_layout":"","footnotes":""},"class_list":{"0":"post-12859","1":"page","2":"type-page","3":"status-publish","5":"entry","6":"has-post-thumbnail"},"acf":[],"yoast_head":"<!-- This site is optimized with the Yoast SEO plugin v20.2.1 - https:\/\/yoast.com\/wordpress\/plugins\/seo\/ -->\n<title>Cargos de DWI en San Marcos - Law Office of Case J. Darwin Inc.<\/title>\n<meta name=\"robots\" content=\"index, follow, max-snippet:-1, max-image-preview:large, max-video-preview:-1\" \/>\n<link rel=\"canonical\" href=\"https:\/\/casedarwinlaw.com\/es\/servicios-legales-de-derecho-penal\/cargos-de-dwi-en-san-marcos\/\" \/>\n<meta property=\"og:locale\" content=\"es_ES\" \/>\n<meta property=\"og:type\" content=\"article\" \/>\n<meta property=\"og:title\" content=\"Cargos de DWI en San Marcos - Law Office of Case J. Darwin Inc.\" \/>\n<meta property=\"og:description\" content=\"Advertencia: Si usted se ha negado a realizarse un examen qu\u00edmico o si su an\u00e1lisis de sangre o alcohol le sali\u00f3 positivo, usted tiene s\u00f3lo 15 d\u00edas para solicitar administrativamente la devoluci\u00f3n de su licencia de conducir. Case puede ayudarle a evitar que le suspendan su licencia. \u00bfComo podemos ayudarle? Si usted ha sido acusado... Read More\" \/>\n<meta property=\"og:url\" content=\"https:\/\/casedarwinlaw.com\/es\/servicios-legales-de-derecho-penal\/cargos-de-dwi-en-san-marcos\/\" \/>\n<meta property=\"og:site_name\" content=\"Law Office of Case J. Darwin Inc.\" \/>\n<meta property=\"article:publisher\" content=\"https:\/\/www.facebook.com\/casedarwinlaw\" \/>\n<meta property=\"article:modified_time\" content=\"2018-08-28T18:44:42+00:00\" \/>\n<meta name=\"twitter:card\" content=\"summary_large_image\" \/>\n<meta name=\"twitter:site\" content=\"@casedarwinlaw\" \/>\n<meta name=\"twitter:label1\" content=\"Tiempo de lectura\" \/>\n\t<meta name=\"twitter:data1\" content=\"5 minutos\" \/>\n<script type=\"application\/ld+json\" class=\"yoast-schema-graph\">{\"@context\":\"https:\/\/schema.org\",\"@graph\":[{\"@type\":\"WebPage\",\"@id\":\"https:\/\/casedarwinlaw.com\/es\/servicios-legales-de-derecho-penal\/cargos-de-dwi-en-san-marcos\/\",\"url\":\"https:\/\/casedarwinlaw.com\/es\/servicios-legales-de-derecho-penal\/cargos-de-dwi-en-san-marcos\/\",\"name\":\"Cargos de DWI en San Marcos - Law Office of Case J. Darwin Inc.\",\"isPartOf\":{\"@id\":\"https:\/\/casedarwinlaw.com\/#website\"},\"datePublished\":\"2018-05-14T22:34:05+00:00\",\"dateModified\":\"2018-08-28T18:44:42+00:00\",\"breadcrumb\":{\"@id\":\"https:\/\/casedarwinlaw.com\/es\/servicios-legales-de-derecho-penal\/cargos-de-dwi-en-san-marcos\/#breadcrumb\"},\"inLanguage\":\"es\",\"potentialAction\":[{\"@type\":\"ReadAction\",\"target\":[\"https:\/\/casedarwinlaw.com\/es\/servicios-legales-de-derecho-penal\/cargos-de-dwi-en-san-marcos\/\"]}]},{\"@type\":\"BreadcrumbList\",\"@id\":\"https:\/\/casedarwinlaw.com\/es\/servicios-legales-de-derecho-penal\/cargos-de-dwi-en-san-marcos\/#breadcrumb\",\"itemListElement\":[{\"@type\":\"ListItem\",\"position\":1,\"name\":\"Home\",\"item\":\"https:\/\/casedarwinlaw.com\/es\/\"},{\"@type\":\"ListItem\",\"position\":2,\"name\":\"Abogado Penalista en el Condado Hays y San Marcos\",\"item\":\"https:\/\/casedarwinlaw.com\/es\/servicios-legales-de-derecho-penal\/\"},{\"@type\":\"ListItem\",\"position\":3,\"name\":\"Cargos de DWI en San Marcos\"}]},{\"@type\":\"WebSite\",\"@id\":\"https:\/\/casedarwinlaw.com\/#website\",\"url\":\"https:\/\/casedarwinlaw.com\/\",\"name\":\"Law Office of Case J. Darwin Inc.\",\"description\":\"Settling your case\",\"potentialAction\":[{\"@type\":\"SearchAction\",\"target\":{\"@type\":\"EntryPoint\",\"urlTemplate\":\"https:\/\/casedarwinlaw.com\/?s={search_term_string}\"},\"query-input\":\"required name=search_term_string\"}],\"inLanguage\":\"es\"}]}<\/script>\n<!-- \/ Yoast SEO plugin. -->","yoast_head_json":{"title":"Cargos de DWI en San Marcos - Law Office of Case J. Darwin Inc.","robots":{"index":"index","follow":"follow","max-snippet":"max-snippet:-1","max-image-preview":"max-image-preview:large","max-video-preview":"max-video-preview:-1"},"canonical":"https:\/\/casedarwinlaw.com\/es\/servicios-legales-de-derecho-penal\/cargos-de-dwi-en-san-marcos\/","og_locale":"es_ES","og_type":"article","og_title":"Cargos de DWI en San Marcos - Law Office of Case J. Darwin Inc.","og_description":"Advertencia: Si usted se ha negado a realizarse un examen qu\u00edmico o si su an\u00e1lisis de sangre o alcohol le sali\u00f3 positivo, usted tiene s\u00f3lo 15 d\u00edas para solicitar administrativamente la devoluci\u00f3n de su licencia de conducir. Case puede ayudarle a evitar que le suspendan su licencia. \u00bfComo podemos ayudarle? Si usted ha sido acusado... Read More","og_url":"https:\/\/casedarwinlaw.com\/es\/servicios-legales-de-derecho-penal\/cargos-de-dwi-en-san-marcos\/","og_site_name":"Law Office of Case J. Darwin Inc.","article_publisher":"https:\/\/www.facebook.com\/casedarwinlaw","article_modified_time":"2018-08-28T18:44:42+00:00","twitter_card":"summary_large_image","twitter_site":"@casedarwinlaw","twitter_misc":{"Tiempo de lectura":"5 minutos"},"schema":{"@context":"https:\/\/schema.org","@graph":[{"@type":"WebPage","@id":"https:\/\/casedarwinlaw.com\/es\/servicios-legales-de-derecho-penal\/cargos-de-dwi-en-san-marcos\/","url":"https:\/\/casedarwinlaw.com\/es\/servicios-legales-de-derecho-penal\/cargos-de-dwi-en-san-marcos\/","name":"Cargos de DWI en San Marcos - Law Office of Case J. Darwin Inc.","isPartOf":{"@id":"https:\/\/casedarwinlaw.com\/#website"},"datePublished":"2018-05-14T22:34:05+00:00","dateModified":"2018-08-28T18:44:42+00:00","breadcrumb":{"@id":"https:\/\/casedarwinlaw.com\/es\/servicios-legales-de-derecho-penal\/cargos-de-dwi-en-san-marcos\/#breadcrumb"},"inLanguage":"es","potentialAction":[{"@type":"ReadAction","target":["https:\/\/casedarwinlaw.com\/es\/servicios-legales-de-derecho-penal\/cargos-de-dwi-en-san-marcos\/"]}]},{"@type":"BreadcrumbList","@id":"https:\/\/casedarwinlaw.com\/es\/servicios-legales-de-derecho-penal\/cargos-de-dwi-en-san-marcos\/#breadcrumb","itemListElement":[{"@type":"ListItem","position":1,"name":"Home","item":"https:\/\/casedarwinlaw.com\/es\/"},{"@type":"ListItem","position":2,"name":"Abogado Penalista en el Condado Hays y San Marcos","item":"https:\/\/casedarwinlaw.com\/es\/servicios-legales-de-derecho-penal\/"},{"@type":"ListItem","position":3,"name":"Cargos de DWI en San Marcos"}]},{"@type":"WebSite","@id":"https:\/\/casedarwinlaw.com\/#website","url":"https:\/\/casedarwinlaw.com\/","name":"Law Office of Case J. Darwin Inc.","description":"Settling your case","potentialAction":[{"@type":"SearchAction","target":{"@type":"EntryPoint","urlTemplate":"https:\/\/casedarwinlaw.com\/?s={search_term_string}"},"query-input":"required name=search_term_string"}],"inLanguage":"es"}]}},"_links":{"self":[{"href":"https:\/\/casedarwinlaw.com\/es\/wp-json\/wp\/v2\/pages\/12859","targetHints":{"allow":["GET"]}}],"collection":[{"href":"https:\/\/casedarwinlaw.com\/es\/wp-json\/wp\/v2\/pages"}],"about":[{"href":"https:\/\/casedarwinlaw.com\/es\/wp-json\/wp\/v2\/types\/page"}],"author":[{"embeddable":true,"href":"https:\/\/casedarwinlaw.com\/es\/wp-json\/wp\/v2\/users\/4"}],"replies":[{"embeddable":true,"href":"https:\/\/casedarwinlaw.com\/es\/wp-json\/wp\/v2\/comments?post=12859"}],"version-history":[{"count":0,"href":"https:\/\/casedarwinlaw.com\/es\/wp-json\/wp\/v2\/pages\/12859\/revisions"}],"up":[{"embeddable":true,"href":"https:\/\/casedarwinlaw.com\/es\/wp-json\/wp\/v2\/pages\/12846"}],"wp:attachment":[{"href":"https:\/\/casedarwinlaw.com\/es\/wp-json\/wp\/v2\/media?parent=12859"}],"curies":[{"name":"wp","href":"https:\/\/api.w.org\/{rel}","templated":true}]}}