{"id":12860,"date":"2018-05-14T22:35:24","date_gmt":"2018-05-14T22:35:24","guid":{"rendered":"http:\/\/casedarwinlaw.com\/?page_id=12860"},"modified":"2018-07-24T18:46:33","modified_gmt":"2018-07-24T18:46:33","slug":"dwi-preguntas-frecuentes","status":"publish","type":"page","link":"https:\/\/casedarwinlaw.com\/es\/servicios-legales-de-derecho-penal\/cargos-de-dwi-en-san-marcos\/dwi-preguntas-frecuentes\/","title":{"rendered":"Preguntas Frecuentes Sobre DWI"},"content":{"rendered":"<h2>Selecciona una pregunta y encontrar\u00e1s la respuesta.<\/h2>\n<ol>\n<li style=\"font-weight: 400;\"><span style=\"font-weight: 400;\">\u00bfQu\u00e9 es un DWI en Texas?<\/span><\/li>\n<li style=\"font-weight: 400;\"><span style=\"font-weight: 400;\">\u00bfUn arrest\u00f3 por DWI significa que autom\u00e1ticamente soy culpable?<\/span><\/li>\n<li style=\"font-weight: 400;\"><span style=\"font-weight: 400;\">\u00bfCu\u00e1l es la pena por un DWI en Texas?<\/span><\/li>\n<li style=\"font-weight: 400;\"><span style=\"font-weight: 400;\">\u00bfPerder\u00e9 mi licencia despu\u00e9s de un DWI?<\/span><\/li>\n<li style=\"font-weight: 400;\"><span style=\"font-weight: 400;\">\u00bfQu\u00e9 es una Audiencia ALR?<\/span><\/li>\n<li style=\"font-weight: 400;\"><span style=\"font-weight: 400;\">\u00bfQu\u00e9 m\u00e1s necesito saber despu\u00e9s de un arresto de DWI.?<\/span><\/li>\n<\/ol>\n<h2>\u00bfQu\u00e9 es un DWI en Texas?<\/h2>\n<p><span style=\"font-weight: 400;\">En Texas, manejar intoxicado (DWI por sus siglas en ingl\u00e9s) se define como manejar bajo la influencia del alcohol. El Estado de Texas utiliza el nivel de concentraci\u00f3n de alcohol en la sangre (BAC por sus siglas en ingl\u00e9s) para determinar si estas intoxicado para operar un veh\u00edculo motorisado. Manejar con un BAC de 0.08 (nivel de concentraci\u00f3n de alcohol en la sangre o el aliento) se considera como manejar bajo la influencia del alcohol.<\/span><\/p>\n<h2>\u00bfUn arrest\u00f3 por DWI significa que autom\u00e1ticamente soy culpable?<\/h2>\n<p><span style=\"font-weight: 400;\">No. Hay un sin n\u00famero de factores a tomar en cuenta en un cargo de DWI. El mejor curso de acci\u00f3n ser\u00eda consultar con un abogado que pueda ayudarte mejor a defender tu caso en la eventualidad de un arresto.<\/span><\/p>\n<h2>\u00bfCu\u00e1l es la pena por un DWI en Texas?<\/h2>\n<p><span style=\"font-weight: 400;\">En Texas, puedes recibir una multa de hasta $2,000 por la primera vez que seas arrestado en estado de embriaguez. Tu licencia de conducir ser\u00e1 suspendida por al menos 90 d\u00edas y no m\u00e1s de un a\u00f1o. Para entender las penas por la segunda y tercera ofensa, visite por favor nuestra secci\u00f3n de DWI.<\/span><\/p>\n<h2>\u00bfPerder\u00e9 mi licencia despu\u00e9s de un DWI?<\/h2>\n<p><span style=\"font-weight: 400;\">En casi todos los casos, se deber\u00eda esperar la suspensi\u00f3n de la licencia, por lo menos temporalmente. A menudo puedes aplicar por una licencia restringida la cual te permitir\u00e1 desplazarte desde y hasta tu lugar de trabajo o escuela, si lo necesitas.<\/span><\/p>\n<h2>\u00bfQu\u00e9 es una Audiencia ALR?<\/h2>\n<p><span style=\"font-weight: 400;\">Al momento del arresto, se te quitar\u00e1 la licencia. Por esta raz\u00f3n, una de las primeras cosas a considerar es si se deber\u00e1 pedir una audiencia con relaci\u00f3n a tu licencia de conducir. Esto es lo que se conoce como una audiencia ALR (Revocaci\u00f3n de Licencia Administrativa por sus siglas en ingl\u00e9s) y es algo a lo que tienes derecho luego que el Departamento de Transporte presente una petici\u00f3n para suspender tu licencia.<\/span><\/p>\n<p><span style=\"font-weight: 400;\">No obstante, s\u00f3lo tienes 15 d\u00edas despu\u00e9s del arresto para solicitar una audiencia ALR. Si no se solicita la audiencia, tu licencia ser\u00e1 suspendida autom\u00e1ticamente por un periodo de tiempo, al 40 tavo d\u00eda seguido a tu fecha de arresto.<\/span><\/p>\n<h2>\u00bfQu\u00e9 m\u00e1s necesito saber despu\u00e9s de un arresto de DWI.?<\/h2>\n<p><span style=\"font-weight: 400;\">Haber sido arrestado por un DWI se toma de manera muy seria en San Marcos y en Texas.Tiempo, dinero, estr\u00e9s e implicaciones emocionales est\u00e1n entre la cosas m\u00e1s comunes que las personas enfrentan despu\u00e9s de dichos cargos. Queremos que sepas que estamos aqu\u00ed para ayudarte. Si te encuentras en esta situaci\u00f3n, por favor no dudes en contactarnos hoy.<\/span><\/p>\n","protected":false},"excerpt":{"rendered":"<p>Selecciona una pregunta y encontrar\u00e1s la respuesta. \u00bfQu\u00e9 es un DWI en Texas? \u00bfUn arrest\u00f3 por DWI significa que autom\u00e1ticamente soy culpable? \u00bfCu\u00e1l es la pena por un DWI en Texas? \u00bfPerder\u00e9 mi licencia despu\u00e9s de un DWI? \u00bfQu\u00e9 es una Audiencia ALR? \u00bfQu\u00e9 m\u00e1s necesito saber despu\u00e9s de un arresto de DWI.? \u00bfQu\u00e9 es&#8230; <a class=\"more-link\" href=\"https:\/\/casedarwinlaw.com\/es\/servicios-legales-de-derecho-penal\/cargos-de-dwi-en-san-marcos\/dwi-preguntas-frecuentes\/\">Read More<\/a><\/p>\n","protected":false},"author":4,"featured_media":0,"parent":12859,"menu_order":0,"comment_status":"closed","ping_status":"closed","template":"","meta":{"_genesis_hide_title":false,"_genesis_hide_breadcrumbs":false,"_genesis_hide_singular_image":false,"_genesis_hide_footer_widgets":false,"_genesis_custom_body_class":"","_genesis_custom_post_class":"","_genesis_layout":"","footnotes":""},"class_list":{"0":"post-12860","1":"page","2":"type-page","3":"status-publish","5":"entry"},"acf":[],"yoast_head":"<!-- This site is optimized with the Yoast SEO plugin v20.2.1 - https:\/\/yoast.com\/wordpress\/plugins\/seo\/ -->\n<title>Preguntas Frecuentes Sobre DWI - Law Office of Case J. Darwin Inc.<\/title>\n<meta name=\"robots\" content=\"index, follow, max-snippet:-1, max-image-preview:large, max-video-preview:-1\" \/>\n<link rel=\"canonical\" href=\"https:\/\/casedarwinlaw.com\/es\/servicios-legales-de-derecho-penal\/cargos-de-dwi-en-san-marcos\/dwi-preguntas-frecuentes\/\" \/>\n<meta property=\"og:locale\" content=\"es_ES\" \/>\n<meta property=\"og:type\" content=\"article\" \/>\n<meta property=\"og:title\" content=\"Preguntas Frecuentes Sobre DWI - Law Office of Case J. Darwin Inc.\" \/>\n<meta property=\"og:description\" content=\"Selecciona una pregunta y encontrar\u00e1s la respuesta. \u00bfQu\u00e9 es un DWI en Texas? \u00bfUn arrest\u00f3 por DWI significa que autom\u00e1ticamente soy culpable? \u00bfCu\u00e1l es la pena por un DWI en Texas? \u00bfPerder\u00e9 mi licencia despu\u00e9s de un DWI? \u00bfQu\u00e9 es una Audiencia ALR? \u00bfQu\u00e9 m\u00e1s necesito saber despu\u00e9s de un arresto de DWI.? \u00bfQu\u00e9 es... Read More\" \/>\n<meta property=\"og:url\" content=\"https:\/\/casedarwinlaw.com\/es\/servicios-legales-de-derecho-penal\/cargos-de-dwi-en-san-marcos\/dwi-preguntas-frecuentes\/\" \/>\n<meta property=\"og:site_name\" content=\"Law Office of Case J. Darwin Inc.\" \/>\n<meta property=\"article:publisher\" content=\"https:\/\/www.facebook.com\/casedarwinlaw\" \/>\n<meta property=\"article:modified_time\" content=\"2018-07-24T18:46:33+00:00\" \/>\n<meta name=\"twitter:card\" content=\"summary_large_image\" \/>\n<meta name=\"twitter:site\" content=\"@casedarwinlaw\" \/>\n<meta name=\"twitter:label1\" content=\"Tiempo de lectura\" \/>\n\t<meta name=\"twitter:data1\" content=\"3 minutos\" \/>\n<script type=\"application\/ld+json\" class=\"yoast-schema-graph\">{\"@context\":\"https:\/\/schema.org\",\"@graph\":[{\"@type\":\"WebPage\",\"@id\":\"https:\/\/casedarwinlaw.com\/es\/servicios-legales-de-derecho-penal\/cargos-de-dwi-en-san-marcos\/dwi-preguntas-frecuentes\/\",\"url\":\"https:\/\/casedarwinlaw.com\/es\/servicios-legales-de-derecho-penal\/cargos-de-dwi-en-san-marcos\/dwi-preguntas-frecuentes\/\",\"name\":\"Preguntas Frecuentes Sobre DWI - Law Office of Case J. Darwin Inc.\",\"isPartOf\":{\"@id\":\"https:\/\/casedarwinlaw.com\/#website\"},\"datePublished\":\"2018-05-14T22:35:24+00:00\",\"dateModified\":\"2018-07-24T18:46:33+00:00\",\"breadcrumb\":{\"@id\":\"https:\/\/casedarwinlaw.com\/es\/servicios-legales-de-derecho-penal\/cargos-de-dwi-en-san-marcos\/dwi-preguntas-frecuentes\/#breadcrumb\"},\"inLanguage\":\"es\",\"potentialAction\":[{\"@type\":\"ReadAction\",\"target\":[\"https:\/\/casedarwinlaw.com\/es\/servicios-legales-de-derecho-penal\/cargos-de-dwi-en-san-marcos\/dwi-preguntas-frecuentes\/\"]}]},{\"@type\":\"BreadcrumbList\",\"@id\":\"https:\/\/casedarwinlaw.com\/es\/servicios-legales-de-derecho-penal\/cargos-de-dwi-en-san-marcos\/dwi-preguntas-frecuentes\/#breadcrumb\",\"itemListElement\":[{\"@type\":\"ListItem\",\"position\":1,\"name\":\"Home\",\"item\":\"https:\/\/casedarwinlaw.com\/es\/\"},{\"@type\":\"ListItem\",\"position\":2,\"name\":\"Abogado Penalista en el Condado Hays y San Marcos\",\"item\":\"https:\/\/casedarwinlaw.com\/es\/servicios-legales-de-derecho-penal\/\"},{\"@type\":\"ListItem\",\"position\":3,\"name\":\"Cargos de DWI en San Marcos\",\"item\":\"https:\/\/casedarwinlaw.com\/es\/servicios-legales-de-derecho-penal\/cargos-de-dwi-en-san-marcos\/\"},{\"@type\":\"ListItem\",\"position\":4,\"name\":\"Preguntas Frecuentes Sobre DWI\"}]},{\"@type\":\"WebSite\",\"@id\":\"https:\/\/casedarwinlaw.com\/#website\",\"url\":\"https:\/\/casedarwinlaw.com\/\",\"name\":\"Law Office of Case J. Darwin Inc.\",\"description\":\"Settling your case\",\"potentialAction\":[{\"@type\":\"SearchAction\",\"target\":{\"@type\":\"EntryPoint\",\"urlTemplate\":\"https:\/\/casedarwinlaw.com\/?s={search_term_string}\"},\"query-input\":\"required name=search_term_string\"}],\"inLanguage\":\"es\"}]}<\/script>\n<!-- \/ Yoast SEO plugin. -->","yoast_head_json":{"title":"Preguntas Frecuentes Sobre DWI - Law Office of Case J. Darwin Inc.","robots":{"index":"index","follow":"follow","max-snippet":"max-snippet:-1","max-image-preview":"max-image-preview:large","max-video-preview":"max-video-preview:-1"},"canonical":"https:\/\/casedarwinlaw.com\/es\/servicios-legales-de-derecho-penal\/cargos-de-dwi-en-san-marcos\/dwi-preguntas-frecuentes\/","og_locale":"es_ES","og_type":"article","og_title":"Preguntas Frecuentes Sobre DWI - Law Office of Case J. Darwin Inc.","og_description":"Selecciona una pregunta y encontrar\u00e1s la respuesta. \u00bfQu\u00e9 es un DWI en Texas? \u00bfUn arrest\u00f3 por DWI significa que autom\u00e1ticamente soy culpable? \u00bfCu\u00e1l es la pena por un DWI en Texas? \u00bfPerder\u00e9 mi licencia despu\u00e9s de un DWI? \u00bfQu\u00e9 es una Audiencia ALR? \u00bfQu\u00e9 m\u00e1s necesito saber despu\u00e9s de un arresto de DWI.? \u00bfQu\u00e9 es... Read More","og_url":"https:\/\/casedarwinlaw.com\/es\/servicios-legales-de-derecho-penal\/cargos-de-dwi-en-san-marcos\/dwi-preguntas-frecuentes\/","og_site_name":"Law Office of Case J. Darwin Inc.","article_publisher":"https:\/\/www.facebook.com\/casedarwinlaw","article_modified_time":"2018-07-24T18:46:33+00:00","twitter_card":"summary_large_image","twitter_site":"@casedarwinlaw","twitter_misc":{"Tiempo de lectura":"3 minutos"},"schema":{"@context":"https:\/\/schema.org","@graph":[{"@type":"WebPage","@id":"https:\/\/casedarwinlaw.com\/es\/servicios-legales-de-derecho-penal\/cargos-de-dwi-en-san-marcos\/dwi-preguntas-frecuentes\/","url":"https:\/\/casedarwinlaw.com\/es\/servicios-legales-de-derecho-penal\/cargos-de-dwi-en-san-marcos\/dwi-preguntas-frecuentes\/","name":"Preguntas Frecuentes Sobre DWI - Law Office of Case J. Darwin Inc.","isPartOf":{"@id":"https:\/\/casedarwinlaw.com\/#website"},"datePublished":"2018-05-14T22:35:24+00:00","dateModified":"2018-07-24T18:46:33+00:00","breadcrumb":{"@id":"https:\/\/casedarwinlaw.com\/es\/servicios-legales-de-derecho-penal\/cargos-de-dwi-en-san-marcos\/dwi-preguntas-frecuentes\/#breadcrumb"},"inLanguage":"es","potentialAction":[{"@type":"ReadAction","target":["https:\/\/casedarwinlaw.com\/es\/servicios-legales-de-derecho-penal\/cargos-de-dwi-en-san-marcos\/dwi-preguntas-frecuentes\/"]}]},{"@type":"BreadcrumbList","@id":"https:\/\/casedarwinlaw.com\/es\/servicios-legales-de-derecho-penal\/cargos-de-dwi-en-san-marcos\/dwi-preguntas-frecuentes\/#breadcrumb","itemListElement":[{"@type":"ListItem","position":1,"name":"Home","item":"https:\/\/casedarwinlaw.com\/es\/"},{"@type":"ListItem","position":2,"name":"Abogado Penalista en el Condado Hays y San Marcos","item":"https:\/\/casedarwinlaw.com\/es\/servicios-legales-de-derecho-penal\/"},{"@type":"ListItem","position":3,"name":"Cargos de DWI en San Marcos","item":"https:\/\/casedarwinlaw.com\/es\/servicios-legales-de-derecho-penal\/cargos-de-dwi-en-san-marcos\/"},{"@type":"ListItem","position":4,"name":"Preguntas Frecuentes Sobre DWI"}]},{"@type":"WebSite","@id":"https:\/\/casedarwinlaw.com\/#website","url":"https:\/\/casedarwinlaw.com\/","name":"Law Office of Case J. Darwin Inc.","description":"Settling your case","potentialAction":[{"@type":"SearchAction","target":{"@type":"EntryPoint","urlTemplate":"https:\/\/casedarwinlaw.com\/?s={search_term_string}"},"query-input":"required name=search_term_string"}],"inLanguage":"es"}]}},"_links":{"self":[{"href":"https:\/\/casedarwinlaw.com\/es\/wp-json\/wp\/v2\/pages\/12860","targetHints":{"allow":["GET"]}}],"collection":[{"href":"https:\/\/casedarwinlaw.com\/es\/wp-json\/wp\/v2\/pages"}],"about":[{"href":"https:\/\/casedarwinlaw.com\/es\/wp-json\/wp\/v2\/types\/page"}],"author":[{"embeddable":true,"href":"https:\/\/casedarwinlaw.com\/es\/wp-json\/wp\/v2\/users\/4"}],"replies":[{"embeddable":true,"href":"https:\/\/casedarwinlaw.com\/es\/wp-json\/wp\/v2\/comments?post=12860"}],"version-history":[{"count":0,"href":"https:\/\/casedarwinlaw.com\/es\/wp-json\/wp\/v2\/pages\/12860\/revisions"}],"up":[{"embeddable":true,"href":"https:\/\/casedarwinlaw.com\/es\/wp-json\/wp\/v2\/pages\/12859"}],"wp:attachment":[{"href":"https:\/\/casedarwinlaw.com\/es\/wp-json\/wp\/v2\/media?parent=12860"}],"curies":[{"name":"wp","href":"https:\/\/api.w.org\/{rel}","templated":true}]}}