{"id":12863,"date":"2018-05-14T22:42:26","date_gmt":"2018-05-14T22:42:26","guid":{"rendered":"http:\/\/casedarwinlaw.com\/?page_id=12863"},"modified":"2018-08-28T18:50:08","modified_gmt":"2018-08-28T18:50:08","slug":"cargos-federales-por-delitos-en-san-marcos","status":"publish","type":"page","link":"https:\/\/casedarwinlaw.com\/es\/servicios-legales-de-derecho-penal\/cargos-federales-por-delitos-en-san-marcos\/","title":{"rendered":"Cargos Federales por Delitos en San Marcos"},"content":{"rendered":"<p>Cuando se enfrente a cargos de cr\u00edmenes federales, en la corte federal, es muy importante consultar con <a href=\"https:\/\/casedarwinlaw.com\/es\/el-abogado-case-j-darwin-es-ex-fiscal\/\">un abogado con experiencia<\/a> que entienda claramente las diferencias entre las leyes estatales y las leyes que rigen nuestra naci\u00f3n cuando se trata de delitos federales. La Oficina Jur\u00eddica de Case J. Darwin Inc. en San Marcos es una firma de abogados con experiencia en el tratamiento de delitos federales y te ayudaremos a lograr el mejor resultado posible para su situaci\u00f3n.<\/p>\n<h2>Abogado con Delitos Federales<\/h2>\n<p>Cuando se trata de delitos federales, es muy posible que el gobierno federal ya haya investigado su caso. Esto se debe a que los delitos federales son procesados por la Oficina Fiscal de los Estados Unidos. Los casos se asignan a la zona geogr\u00e1fica donde dicho delito en particular se llev\u00f3 a cabo.<\/p>\n<p>Por otra parte, los abogados que representan al Gobierno en los tribunales son todos abogados empleados de los Estados Unidos. Debido a esto, usted debe depositar su confianza en un abogado penal federal que entiende a fondo la ley federal penal en los EE.UU. El contratar a un abogado que ejerce en el tribunal de cr\u00edmenes federales le puede ahorrar muchos problemas en el futuro. En nuestro bufete de abogados de San Marcos, nos tomamos el tiempo para entender su caso particular y desarrollamos soluciones que ayudan a lograr el mejor resultado posible para su caso. Cuando se trata de cualquier tipo de cargos que vienen con este nivel de gravedad, es aconsejable consultar con un abogado con experiencia en los tribunales federales. Al hacer esto, usted se da una mejor oportunidad de lograr un resultado positivo en su caso particular.<\/p>\n<p>Para obtener m\u00e1s informaci\u00f3n sobre los delitos de orden federal en Texas y San Marcos, por favor <a href=\"https:\/\/en.wikipedia.org\/wiki\/Federal_crime_in_the_United_States\" target=\"_blank\" rel=\"noopener\">revise este art\u00edculo<\/a>.\u00a0 La comprensi\u00f3n de las personalidades que est\u00e1n involucrados con cada tipo de delito es \u00fatil, pero cuando es hora de luchar contra los cargos, estamos aqu\u00ed.<\/p>\n","protected":false},"excerpt":{"rendered":"<p>Cuando se enfrente a cargos de cr\u00edmenes federales, en la corte federal, es muy importante consultar con un abogado con experiencia que entienda claramente las diferencias entre las leyes estatales y las leyes que rigen nuestra naci\u00f3n cuando se trata de delitos federales. La Oficina Jur\u00eddica de Case J. Darwin Inc. en San Marcos es&#8230; <a class=\"more-link\" href=\"https:\/\/casedarwinlaw.com\/es\/servicios-legales-de-derecho-penal\/cargos-federales-por-delitos-en-san-marcos\/\">Read More<\/a><\/p>\n","protected":false},"author":4,"featured_media":0,"parent":12846,"menu_order":0,"comment_status":"closed","ping_status":"closed","template":"page-template-single-service.php","meta":{"_genesis_hide_title":false,"_genesis_hide_breadcrumbs":false,"_genesis_hide_singular_image":false,"_genesis_hide_footer_widgets":false,"_genesis_custom_body_class":"","_genesis_custom_post_class":"","_genesis_layout":"","footnotes":""},"class_list":{"0":"post-12863","1":"page","2":"type-page","3":"status-publish","5":"entry"},"acf":[],"yoast_head":"<!-- This site is optimized with the Yoast SEO plugin v20.2.1 - https:\/\/yoast.com\/wordpress\/plugins\/seo\/ -->\n<title>Cargos Federales por Delitos en San Marcos - Law Office of Case J. Darwin Inc.<\/title>\n<meta name=\"robots\" content=\"index, follow, max-snippet:-1, max-image-preview:large, max-video-preview:-1\" \/>\n<link rel=\"canonical\" href=\"https:\/\/casedarwinlaw.com\/es\/servicios-legales-de-derecho-penal\/cargos-federales-por-delitos-en-san-marcos\/\" \/>\n<meta property=\"og:locale\" content=\"es_ES\" \/>\n<meta property=\"og:type\" content=\"article\" \/>\n<meta property=\"og:title\" content=\"Cargos Federales por Delitos en San Marcos - Law Office of Case J. Darwin Inc.\" \/>\n<meta property=\"og:description\" content=\"Cuando se enfrente a cargos de cr\u00edmenes federales, en la corte federal, es muy importante consultar con un abogado con experiencia que entienda claramente las diferencias entre las leyes estatales y las leyes que rigen nuestra naci\u00f3n cuando se trata de delitos federales. La Oficina Jur\u00eddica de Case J. Darwin Inc. en San Marcos es... Read More\" \/>\n<meta property=\"og:url\" content=\"https:\/\/casedarwinlaw.com\/es\/servicios-legales-de-derecho-penal\/cargos-federales-por-delitos-en-san-marcos\/\" \/>\n<meta property=\"og:site_name\" content=\"Law Office of Case J. Darwin Inc.\" \/>\n<meta property=\"article:publisher\" content=\"https:\/\/www.facebook.com\/casedarwinlaw\" \/>\n<meta property=\"article:modified_time\" content=\"2018-08-28T18:50:08+00:00\" \/>\n<meta name=\"twitter:card\" content=\"summary_large_image\" \/>\n<meta name=\"twitter:site\" content=\"@casedarwinlaw\" \/>\n<meta name=\"twitter:label1\" content=\"Tiempo de lectura\" \/>\n\t<meta name=\"twitter:data1\" content=\"2 minutos\" \/>\n<script type=\"application\/ld+json\" class=\"yoast-schema-graph\">{\"@context\":\"https:\/\/schema.org\",\"@graph\":[{\"@type\":\"WebPage\",\"@id\":\"https:\/\/casedarwinlaw.com\/es\/servicios-legales-de-derecho-penal\/cargos-federales-por-delitos-en-san-marcos\/\",\"url\":\"https:\/\/casedarwinlaw.com\/es\/servicios-legales-de-derecho-penal\/cargos-federales-por-delitos-en-san-marcos\/\",\"name\":\"Cargos Federales por Delitos en San Marcos - Law Office of Case J. Darwin Inc.\",\"isPartOf\":{\"@id\":\"https:\/\/casedarwinlaw.com\/#website\"},\"datePublished\":\"2018-05-14T22:42:26+00:00\",\"dateModified\":\"2018-08-28T18:50:08+00:00\",\"breadcrumb\":{\"@id\":\"https:\/\/casedarwinlaw.com\/es\/servicios-legales-de-derecho-penal\/cargos-federales-por-delitos-en-san-marcos\/#breadcrumb\"},\"inLanguage\":\"es\",\"potentialAction\":[{\"@type\":\"ReadAction\",\"target\":[\"https:\/\/casedarwinlaw.com\/es\/servicios-legales-de-derecho-penal\/cargos-federales-por-delitos-en-san-marcos\/\"]}]},{\"@type\":\"BreadcrumbList\",\"@id\":\"https:\/\/casedarwinlaw.com\/es\/servicios-legales-de-derecho-penal\/cargos-federales-por-delitos-en-san-marcos\/#breadcrumb\",\"itemListElement\":[{\"@type\":\"ListItem\",\"position\":1,\"name\":\"Home\",\"item\":\"https:\/\/casedarwinlaw.com\/es\/\"},{\"@type\":\"ListItem\",\"position\":2,\"name\":\"Abogado Penalista en el Condado Hays y San Marcos\",\"item\":\"https:\/\/casedarwinlaw.com\/es\/servicios-legales-de-derecho-penal\/\"},{\"@type\":\"ListItem\",\"position\":3,\"name\":\"Cargos Federales por Delitos en San Marcos\"}]},{\"@type\":\"WebSite\",\"@id\":\"https:\/\/casedarwinlaw.com\/#website\",\"url\":\"https:\/\/casedarwinlaw.com\/\",\"name\":\"Law Office of Case J. Darwin Inc.\",\"description\":\"Settling your case\",\"potentialAction\":[{\"@type\":\"SearchAction\",\"target\":{\"@type\":\"EntryPoint\",\"urlTemplate\":\"https:\/\/casedarwinlaw.com\/?s={search_term_string}\"},\"query-input\":\"required name=search_term_string\"}],\"inLanguage\":\"es\"}]}<\/script>\n<!-- \/ Yoast SEO plugin. -->","yoast_head_json":{"title":"Cargos Federales por Delitos en San Marcos - Law Office of Case J. Darwin Inc.","robots":{"index":"index","follow":"follow","max-snippet":"max-snippet:-1","max-image-preview":"max-image-preview:large","max-video-preview":"max-video-preview:-1"},"canonical":"https:\/\/casedarwinlaw.com\/es\/servicios-legales-de-derecho-penal\/cargos-federales-por-delitos-en-san-marcos\/","og_locale":"es_ES","og_type":"article","og_title":"Cargos Federales por Delitos en San Marcos - Law Office of Case J. Darwin Inc.","og_description":"Cuando se enfrente a cargos de cr\u00edmenes federales, en la corte federal, es muy importante consultar con un abogado con experiencia que entienda claramente las diferencias entre las leyes estatales y las leyes que rigen nuestra naci\u00f3n cuando se trata de delitos federales. La Oficina Jur\u00eddica de Case J. Darwin Inc. en San Marcos es... Read More","og_url":"https:\/\/casedarwinlaw.com\/es\/servicios-legales-de-derecho-penal\/cargos-federales-por-delitos-en-san-marcos\/","og_site_name":"Law Office of Case J. Darwin Inc.","article_publisher":"https:\/\/www.facebook.com\/casedarwinlaw","article_modified_time":"2018-08-28T18:50:08+00:00","twitter_card":"summary_large_image","twitter_site":"@casedarwinlaw","twitter_misc":{"Tiempo de lectura":"2 minutos"},"schema":{"@context":"https:\/\/schema.org","@graph":[{"@type":"WebPage","@id":"https:\/\/casedarwinlaw.com\/es\/servicios-legales-de-derecho-penal\/cargos-federales-por-delitos-en-san-marcos\/","url":"https:\/\/casedarwinlaw.com\/es\/servicios-legales-de-derecho-penal\/cargos-federales-por-delitos-en-san-marcos\/","name":"Cargos Federales por Delitos en San Marcos - Law Office of Case J. Darwin Inc.","isPartOf":{"@id":"https:\/\/casedarwinlaw.com\/#website"},"datePublished":"2018-05-14T22:42:26+00:00","dateModified":"2018-08-28T18:50:08+00:00","breadcrumb":{"@id":"https:\/\/casedarwinlaw.com\/es\/servicios-legales-de-derecho-penal\/cargos-federales-por-delitos-en-san-marcos\/#breadcrumb"},"inLanguage":"es","potentialAction":[{"@type":"ReadAction","target":["https:\/\/casedarwinlaw.com\/es\/servicios-legales-de-derecho-penal\/cargos-federales-por-delitos-en-san-marcos\/"]}]},{"@type":"BreadcrumbList","@id":"https:\/\/casedarwinlaw.com\/es\/servicios-legales-de-derecho-penal\/cargos-federales-por-delitos-en-san-marcos\/#breadcrumb","itemListElement":[{"@type":"ListItem","position":1,"name":"Home","item":"https:\/\/casedarwinlaw.com\/es\/"},{"@type":"ListItem","position":2,"name":"Abogado Penalista en el Condado Hays y San Marcos","item":"https:\/\/casedarwinlaw.com\/es\/servicios-legales-de-derecho-penal\/"},{"@type":"ListItem","position":3,"name":"Cargos Federales por Delitos en San Marcos"}]},{"@type":"WebSite","@id":"https:\/\/casedarwinlaw.com\/#website","url":"https:\/\/casedarwinlaw.com\/","name":"Law Office of Case J. Darwin Inc.","description":"Settling your case","potentialAction":[{"@type":"SearchAction","target":{"@type":"EntryPoint","urlTemplate":"https:\/\/casedarwinlaw.com\/?s={search_term_string}"},"query-input":"required name=search_term_string"}],"inLanguage":"es"}]}},"_links":{"self":[{"href":"https:\/\/casedarwinlaw.com\/es\/wp-json\/wp\/v2\/pages\/12863","targetHints":{"allow":["GET"]}}],"collection":[{"href":"https:\/\/casedarwinlaw.com\/es\/wp-json\/wp\/v2\/pages"}],"about":[{"href":"https:\/\/casedarwinlaw.com\/es\/wp-json\/wp\/v2\/types\/page"}],"author":[{"embeddable":true,"href":"https:\/\/casedarwinlaw.com\/es\/wp-json\/wp\/v2\/users\/4"}],"replies":[{"embeddable":true,"href":"https:\/\/casedarwinlaw.com\/es\/wp-json\/wp\/v2\/comments?post=12863"}],"version-history":[{"count":0,"href":"https:\/\/casedarwinlaw.com\/es\/wp-json\/wp\/v2\/pages\/12863\/revisions"}],"up":[{"embeddable":true,"href":"https:\/\/casedarwinlaw.com\/es\/wp-json\/wp\/v2\/pages\/12846"}],"wp:attachment":[{"href":"https:\/\/casedarwinlaw.com\/es\/wp-json\/wp\/v2\/media?parent=12863"}],"curies":[{"name":"wp","href":"https:\/\/api.w.org\/{rel}","templated":true}]}}