{"id":12864,"date":"2018-05-14T22:44:50","date_gmt":"2018-05-14T22:44:50","guid":{"rendered":"http:\/\/casedarwinlaw.com\/?page_id=12864"},"modified":"2018-07-27T21:48:10","modified_gmt":"2018-07-27T21:48:10","slug":"cargos-por-delitos-de-internet-en-san-marcos","status":"publish","type":"page","link":"https:\/\/casedarwinlaw.com\/es\/servicios-legales-de-derecho-penal\/cargos-por-delitos-de-internet-en-san-marcos\/","title":{"rendered":"Cargos por Delitos de Internet en San Marcos"},"content":{"rendered":"<p>El utilizar una computadora o Internet para fines delictivos, no se puede saber de primera mano. Debido a esto, es importante tener un abogado de su lado que entienda completamente las implicaciones que conllevan un delito en Internet en San Marcos. Por supuesto, casi todo el mundo tiene acceso a internet en estos d\u00edas. En consecuencia, diferentes delitos se pueden cometer al utilizar Internet sin siquiera saberlo. Si es declarado culpable de un crimen del Internet, usted podr\u00eda enfrentarse con la pena de prisi\u00f3n, multas, libertad condicional y antecedentes penales. D\u00e9se la mejor oportunidad de desprenderse estos cargos poni\u00e9ndose en contacto con la Oficina Legal de Case J. Darwin Inc.<\/p>\n<h2>Los Delitos por Computadora e Internet comprende los siguientes:<\/h2>\n<ul>\n<li>Delitos financieros y de fraude<\/li>\n<li>Terrorismo cibern\u00e9tico<\/li>\n<li>Extorsi\u00f3n cibern\u00e9tica<\/li>\n<li>Guerra cibern\u00e9tica<\/li>\n<li>Computadora como objetivo<\/li>\n<li>Computadora como herramienta<\/li>\n<li>Contenido obsceno u offensivo<\/li>\n<li>Acoso<\/li>\n<li>Amenazas<\/li>\n<li>Tr\u00e1fico de drogas<\/li>\n<\/ul>\n<p>Para m\u00e1s informaci\u00f3n sobre la delincuencia en Internet, por favor visite <a href=\"https:\/\/www.fbi.gov\/about-us\/investigate\/cyber\">fbi.gov<\/a>.<\/p>\n<p>Entienda por favor, nosotros estamos aqu\u00ed para paliar este tipo de cargos y buscar su mejor inter\u00e9s.<\/p>\n","protected":false},"excerpt":{"rendered":"<p>El utilizar una computadora o Internet para fines delictivos, no se puede saber de primera mano. Debido a esto, es importante tener un abogado de su lado que entienda completamente las implicaciones que conllevan un delito en Internet en San Marcos. Por supuesto, casi todo el mundo tiene acceso a internet en estos d\u00edas. En&#8230; <a class=\"more-link\" href=\"https:\/\/casedarwinlaw.com\/es\/servicios-legales-de-derecho-penal\/cargos-por-delitos-de-internet-en-san-marcos\/\">Read More<\/a><\/p>\n","protected":false},"author":4,"featured_media":0,"parent":12846,"menu_order":0,"comment_status":"closed","ping_status":"closed","template":"page-template-single-service.php","meta":{"_genesis_hide_title":false,"_genesis_hide_breadcrumbs":false,"_genesis_hide_singular_image":false,"_genesis_hide_footer_widgets":false,"_genesis_custom_body_class":"","_genesis_custom_post_class":"","_genesis_layout":"","footnotes":""},"class_list":{"0":"post-12864","1":"page","2":"type-page","3":"status-publish","5":"entry"},"acf":[],"yoast_head":"<!-- This site is optimized with the Yoast SEO plugin v20.2.1 - https:\/\/yoast.com\/wordpress\/plugins\/seo\/ -->\n<title>Cargos por Delitos de Internet en San Marcos - Law Office of Case J. Darwin Inc.<\/title>\n<meta name=\"robots\" content=\"index, follow, max-snippet:-1, max-image-preview:large, max-video-preview:-1\" \/>\n<link rel=\"canonical\" href=\"https:\/\/casedarwinlaw.com\/es\/servicios-legales-de-derecho-penal\/cargos-por-delitos-de-internet-en-san-marcos\/\" \/>\n<meta property=\"og:locale\" content=\"es_ES\" \/>\n<meta property=\"og:type\" content=\"article\" \/>\n<meta property=\"og:title\" content=\"Cargos por Delitos de Internet en San Marcos - Law Office of Case J. Darwin Inc.\" \/>\n<meta property=\"og:description\" content=\"El utilizar una computadora o Internet para fines delictivos, no se puede saber de primera mano. Debido a esto, es importante tener un abogado de su lado que entienda completamente las implicaciones que conllevan un delito en Internet en San Marcos. Por supuesto, casi todo el mundo tiene acceso a internet en estos d\u00edas. En... Read More\" \/>\n<meta property=\"og:url\" content=\"https:\/\/casedarwinlaw.com\/es\/servicios-legales-de-derecho-penal\/cargos-por-delitos-de-internet-en-san-marcos\/\" \/>\n<meta property=\"og:site_name\" content=\"Law Office of Case J. Darwin Inc.\" \/>\n<meta property=\"article:publisher\" content=\"https:\/\/www.facebook.com\/casedarwinlaw\" \/>\n<meta property=\"article:modified_time\" content=\"2018-07-27T21:48:10+00:00\" \/>\n<meta name=\"twitter:card\" content=\"summary_large_image\" \/>\n<meta name=\"twitter:site\" content=\"@casedarwinlaw\" \/>\n<meta name=\"twitter:label1\" content=\"Tiempo de lectura\" \/>\n\t<meta name=\"twitter:data1\" content=\"1 minuto\" \/>\n<script type=\"application\/ld+json\" class=\"yoast-schema-graph\">{\"@context\":\"https:\/\/schema.org\",\"@graph\":[{\"@type\":\"WebPage\",\"@id\":\"https:\/\/casedarwinlaw.com\/es\/servicios-legales-de-derecho-penal\/cargos-por-delitos-de-internet-en-san-marcos\/\",\"url\":\"https:\/\/casedarwinlaw.com\/es\/servicios-legales-de-derecho-penal\/cargos-por-delitos-de-internet-en-san-marcos\/\",\"name\":\"Cargos por Delitos de Internet en San Marcos - Law Office of Case J. Darwin Inc.\",\"isPartOf\":{\"@id\":\"https:\/\/casedarwinlaw.com\/#website\"},\"datePublished\":\"2018-05-14T22:44:50+00:00\",\"dateModified\":\"2018-07-27T21:48:10+00:00\",\"breadcrumb\":{\"@id\":\"https:\/\/casedarwinlaw.com\/es\/servicios-legales-de-derecho-penal\/cargos-por-delitos-de-internet-en-san-marcos\/#breadcrumb\"},\"inLanguage\":\"es\",\"potentialAction\":[{\"@type\":\"ReadAction\",\"target\":[\"https:\/\/casedarwinlaw.com\/es\/servicios-legales-de-derecho-penal\/cargos-por-delitos-de-internet-en-san-marcos\/\"]}]},{\"@type\":\"BreadcrumbList\",\"@id\":\"https:\/\/casedarwinlaw.com\/es\/servicios-legales-de-derecho-penal\/cargos-por-delitos-de-internet-en-san-marcos\/#breadcrumb\",\"itemListElement\":[{\"@type\":\"ListItem\",\"position\":1,\"name\":\"Home\",\"item\":\"https:\/\/casedarwinlaw.com\/es\/\"},{\"@type\":\"ListItem\",\"position\":2,\"name\":\"Abogado Penalista en el Condado Hays y San Marcos\",\"item\":\"https:\/\/casedarwinlaw.com\/es\/servicios-legales-de-derecho-penal\/\"},{\"@type\":\"ListItem\",\"position\":3,\"name\":\"Cargos por Delitos de Internet en San Marcos\"}]},{\"@type\":\"WebSite\",\"@id\":\"https:\/\/casedarwinlaw.com\/#website\",\"url\":\"https:\/\/casedarwinlaw.com\/\",\"name\":\"Law Office of Case J. Darwin Inc.\",\"description\":\"Settling your case\",\"potentialAction\":[{\"@type\":\"SearchAction\",\"target\":{\"@type\":\"EntryPoint\",\"urlTemplate\":\"https:\/\/casedarwinlaw.com\/?s={search_term_string}\"},\"query-input\":\"required name=search_term_string\"}],\"inLanguage\":\"es\"}]}<\/script>\n<!-- \/ Yoast SEO plugin. -->","yoast_head_json":{"title":"Cargos por Delitos de Internet en San Marcos - Law Office of Case J. Darwin Inc.","robots":{"index":"index","follow":"follow","max-snippet":"max-snippet:-1","max-image-preview":"max-image-preview:large","max-video-preview":"max-video-preview:-1"},"canonical":"https:\/\/casedarwinlaw.com\/es\/servicios-legales-de-derecho-penal\/cargos-por-delitos-de-internet-en-san-marcos\/","og_locale":"es_ES","og_type":"article","og_title":"Cargos por Delitos de Internet en San Marcos - Law Office of Case J. Darwin Inc.","og_description":"El utilizar una computadora o Internet para fines delictivos, no se puede saber de primera mano. Debido a esto, es importante tener un abogado de su lado que entienda completamente las implicaciones que conllevan un delito en Internet en San Marcos. Por supuesto, casi todo el mundo tiene acceso a internet en estos d\u00edas. En... Read More","og_url":"https:\/\/casedarwinlaw.com\/es\/servicios-legales-de-derecho-penal\/cargos-por-delitos-de-internet-en-san-marcos\/","og_site_name":"Law Office of Case J. Darwin Inc.","article_publisher":"https:\/\/www.facebook.com\/casedarwinlaw","article_modified_time":"2018-07-27T21:48:10+00:00","twitter_card":"summary_large_image","twitter_site":"@casedarwinlaw","twitter_misc":{"Tiempo de lectura":"1 minuto"},"schema":{"@context":"https:\/\/schema.org","@graph":[{"@type":"WebPage","@id":"https:\/\/casedarwinlaw.com\/es\/servicios-legales-de-derecho-penal\/cargos-por-delitos-de-internet-en-san-marcos\/","url":"https:\/\/casedarwinlaw.com\/es\/servicios-legales-de-derecho-penal\/cargos-por-delitos-de-internet-en-san-marcos\/","name":"Cargos por Delitos de Internet en San Marcos - Law Office of Case J. Darwin Inc.","isPartOf":{"@id":"https:\/\/casedarwinlaw.com\/#website"},"datePublished":"2018-05-14T22:44:50+00:00","dateModified":"2018-07-27T21:48:10+00:00","breadcrumb":{"@id":"https:\/\/casedarwinlaw.com\/es\/servicios-legales-de-derecho-penal\/cargos-por-delitos-de-internet-en-san-marcos\/#breadcrumb"},"inLanguage":"es","potentialAction":[{"@type":"ReadAction","target":["https:\/\/casedarwinlaw.com\/es\/servicios-legales-de-derecho-penal\/cargos-por-delitos-de-internet-en-san-marcos\/"]}]},{"@type":"BreadcrumbList","@id":"https:\/\/casedarwinlaw.com\/es\/servicios-legales-de-derecho-penal\/cargos-por-delitos-de-internet-en-san-marcos\/#breadcrumb","itemListElement":[{"@type":"ListItem","position":1,"name":"Home","item":"https:\/\/casedarwinlaw.com\/es\/"},{"@type":"ListItem","position":2,"name":"Abogado Penalista en el Condado Hays y San Marcos","item":"https:\/\/casedarwinlaw.com\/es\/servicios-legales-de-derecho-penal\/"},{"@type":"ListItem","position":3,"name":"Cargos por Delitos de Internet en San Marcos"}]},{"@type":"WebSite","@id":"https:\/\/casedarwinlaw.com\/#website","url":"https:\/\/casedarwinlaw.com\/","name":"Law Office of Case J. Darwin Inc.","description":"Settling your case","potentialAction":[{"@type":"SearchAction","target":{"@type":"EntryPoint","urlTemplate":"https:\/\/casedarwinlaw.com\/?s={search_term_string}"},"query-input":"required name=search_term_string"}],"inLanguage":"es"}]}},"_links":{"self":[{"href":"https:\/\/casedarwinlaw.com\/es\/wp-json\/wp\/v2\/pages\/12864","targetHints":{"allow":["GET"]}}],"collection":[{"href":"https:\/\/casedarwinlaw.com\/es\/wp-json\/wp\/v2\/pages"}],"about":[{"href":"https:\/\/casedarwinlaw.com\/es\/wp-json\/wp\/v2\/types\/page"}],"author":[{"embeddable":true,"href":"https:\/\/casedarwinlaw.com\/es\/wp-json\/wp\/v2\/users\/4"}],"replies":[{"embeddable":true,"href":"https:\/\/casedarwinlaw.com\/es\/wp-json\/wp\/v2\/comments?post=12864"}],"version-history":[{"count":0,"href":"https:\/\/casedarwinlaw.com\/es\/wp-json\/wp\/v2\/pages\/12864\/revisions"}],"up":[{"embeddable":true,"href":"https:\/\/casedarwinlaw.com\/es\/wp-json\/wp\/v2\/pages\/12846"}],"wp:attachment":[{"href":"https:\/\/casedarwinlaw.com\/es\/wp-json\/wp\/v2\/media?parent=12864"}],"curies":[{"name":"wp","href":"https:\/\/api.w.org\/{rel}","templated":true}]}}