{"id":12865,"date":"2018-05-14T22:48:30","date_gmt":"2018-05-14T22:48:30","guid":{"rendered":"http:\/\/casedarwinlaw.com\/?page_id=12865"},"modified":"2018-07-27T21:51:12","modified_gmt":"2018-07-27T21:51:12","slug":"violacion-de-libertad-condicional-en-san-marcos","status":"publish","type":"page","link":"https:\/\/casedarwinlaw.com\/es\/servicios-legales-de-derecho-penal\/violacion-de-libertad-condicional-en-san-marcos\/","title":{"rendered":"Violaci\u00f3n de Libertad Condicional en San Marcos"},"content":{"rendered":"<p>La violaci\u00f3n de la libertad condicional, en esencia, es un delito que ocurre cuando alguien perturba la condici\u00f3n de una sentencia. Las consecuencias que est\u00e1n involucradas con la violaci\u00f3n de la libertad condicional por lo general dependen de una serie de motivos diferentes.<\/p>\n<h2>En San Marcos la violaci\u00f3n de la libertad condicional incluye:<\/h2>\n<ul>\n<li>la naturaleza y gravedad de la violaci\u00f3n<\/li>\n<li>si hay violaciones anteriores<\/li>\n<li>y si existen otras circunstancias que podr\u00edan afectar la situaci\u00f3n<\/li>\n<\/ul>\n<h3>Una violaci\u00f3n de libertad condicional podr\u00eda dar lugar a sanciones severas, incluyendo:<\/h3>\n<ul>\n<li>fuertes multas<\/li>\n<li>requisitos extendidos<\/li>\n<li>tiempo en la c\u00e1rcel, tal vez m\u00e1s<\/li>\n<\/ul>\n<h2>Como ocurre la violaci\u00f3n de la libertad condicional<\/h2>\n<p>Las violaciones de libertad condicional son diferentes en cada estado, pero en general son congruentes con la ley federal, estatal y en San Marcos. Estas violaciones suceden cuando alguien ignora, evita, rechaza, o rompe los t\u00e9rminos \/ condiciones de una sentencia de libertad condicional durante el periodo de prueba.<\/p>\n<h2>Situaciones en las que surge la violaci\u00f3n de la libertad condicional<\/h2>\n<ul>\n<li>No presentarse a la corte<\/li>\n<li>No informar a un oficial de libertad condicional a tiempo<\/li>\n<li>No pagar las multas designadas por la corte<\/li>\n<li>Salir del Estado en contra de una orden judicial<\/li>\n<li>Cualquier consumo de drogas<\/li>\n<li>Involucrarse en otros delitos<\/li>\n<\/ul>\n<p>En la oficina legal de Case J. Darwin Inc., tomamos muy en serio la violaci\u00f3n de la libertad condicional por lo que si usted o alguien que usted conoce ha sido acusado de alg\u00fan tipo de violaci\u00f3n de la libertad condicional, usted necesita un abogado de defensa criminal que puede defender su caso.<\/p>\n","protected":false},"excerpt":{"rendered":"<p>La violaci\u00f3n de la libertad condicional, en esencia, es un delito que ocurre cuando alguien perturba la condici\u00f3n de una sentencia. Las consecuencias que est\u00e1n involucradas con la violaci\u00f3n de la libertad condicional por lo general dependen de una serie de motivos diferentes. En San Marcos la violaci\u00f3n de la libertad condicional incluye: la naturaleza&#8230; <a class=\"more-link\" href=\"https:\/\/casedarwinlaw.com\/es\/servicios-legales-de-derecho-penal\/violacion-de-libertad-condicional-en-san-marcos\/\">Read More<\/a><\/p>\n","protected":false},"author":4,"featured_media":0,"parent":12846,"menu_order":0,"comment_status":"closed","ping_status":"closed","template":"page-template-single-service.php","meta":{"_genesis_hide_title":false,"_genesis_hide_breadcrumbs":false,"_genesis_hide_singular_image":false,"_genesis_hide_footer_widgets":false,"_genesis_custom_body_class":"","_genesis_custom_post_class":"","_genesis_layout":"","footnotes":""},"class_list":{"0":"post-12865","1":"page","2":"type-page","3":"status-publish","5":"entry","6":"has-post-thumbnail"},"acf":[],"yoast_head":"<!-- This site is optimized with the Yoast SEO plugin v20.2.1 - https:\/\/yoast.com\/wordpress\/plugins\/seo\/ -->\n<title>Violaci\u00f3n de Libertad Condicional en San Marcos - Law Office of Case J. Darwin Inc.<\/title>\n<meta name=\"robots\" content=\"index, follow, max-snippet:-1, max-image-preview:large, max-video-preview:-1\" \/>\n<link rel=\"canonical\" href=\"https:\/\/casedarwinlaw.com\/es\/servicios-legales-de-derecho-penal\/violacion-de-libertad-condicional-en-san-marcos\/\" \/>\n<meta property=\"og:locale\" content=\"es_ES\" \/>\n<meta property=\"og:type\" content=\"article\" \/>\n<meta property=\"og:title\" content=\"Violaci\u00f3n de Libertad Condicional en San Marcos - Law Office of Case J. Darwin Inc.\" \/>\n<meta property=\"og:description\" content=\"La violaci\u00f3n de la libertad condicional, en esencia, es un delito que ocurre cuando alguien perturba la condici\u00f3n de una sentencia. Las consecuencias que est\u00e1n involucradas con la violaci\u00f3n de la libertad condicional por lo general dependen de una serie de motivos diferentes. En San Marcos la violaci\u00f3n de la libertad condicional incluye: la naturaleza... Read More\" \/>\n<meta property=\"og:url\" content=\"https:\/\/casedarwinlaw.com\/es\/servicios-legales-de-derecho-penal\/violacion-de-libertad-condicional-en-san-marcos\/\" \/>\n<meta property=\"og:site_name\" content=\"Law Office of Case J. Darwin Inc.\" \/>\n<meta property=\"article:publisher\" content=\"https:\/\/www.facebook.com\/casedarwinlaw\" \/>\n<meta property=\"article:modified_time\" content=\"2018-07-27T21:51:12+00:00\" \/>\n<meta name=\"twitter:card\" content=\"summary_large_image\" \/>\n<meta name=\"twitter:site\" content=\"@casedarwinlaw\" \/>\n<meta name=\"twitter:label1\" content=\"Tiempo de lectura\" \/>\n\t<meta name=\"twitter:data1\" content=\"1 minuto\" \/>\n<script type=\"application\/ld+json\" class=\"yoast-schema-graph\">{\"@context\":\"https:\/\/schema.org\",\"@graph\":[{\"@type\":\"WebPage\",\"@id\":\"https:\/\/casedarwinlaw.com\/es\/servicios-legales-de-derecho-penal\/violacion-de-libertad-condicional-en-san-marcos\/\",\"url\":\"https:\/\/casedarwinlaw.com\/es\/servicios-legales-de-derecho-penal\/violacion-de-libertad-condicional-en-san-marcos\/\",\"name\":\"Violaci\u00f3n de Libertad Condicional en San Marcos - Law Office of Case J. Darwin Inc.\",\"isPartOf\":{\"@id\":\"https:\/\/casedarwinlaw.com\/#website\"},\"datePublished\":\"2018-05-14T22:48:30+00:00\",\"dateModified\":\"2018-07-27T21:51:12+00:00\",\"breadcrumb\":{\"@id\":\"https:\/\/casedarwinlaw.com\/es\/servicios-legales-de-derecho-penal\/violacion-de-libertad-condicional-en-san-marcos\/#breadcrumb\"},\"inLanguage\":\"es\",\"potentialAction\":[{\"@type\":\"ReadAction\",\"target\":[\"https:\/\/casedarwinlaw.com\/es\/servicios-legales-de-derecho-penal\/violacion-de-libertad-condicional-en-san-marcos\/\"]}]},{\"@type\":\"BreadcrumbList\",\"@id\":\"https:\/\/casedarwinlaw.com\/es\/servicios-legales-de-derecho-penal\/violacion-de-libertad-condicional-en-san-marcos\/#breadcrumb\",\"itemListElement\":[{\"@type\":\"ListItem\",\"position\":1,\"name\":\"Home\",\"item\":\"https:\/\/casedarwinlaw.com\/es\/\"},{\"@type\":\"ListItem\",\"position\":2,\"name\":\"Abogado Penalista en el Condado Hays y San Marcos\",\"item\":\"https:\/\/casedarwinlaw.com\/es\/servicios-legales-de-derecho-penal\/\"},{\"@type\":\"ListItem\",\"position\":3,\"name\":\"Violaci\u00f3n de Libertad Condicional en San Marcos\"}]},{\"@type\":\"WebSite\",\"@id\":\"https:\/\/casedarwinlaw.com\/#website\",\"url\":\"https:\/\/casedarwinlaw.com\/\",\"name\":\"Law Office of Case J. Darwin Inc.\",\"description\":\"Settling your case\",\"potentialAction\":[{\"@type\":\"SearchAction\",\"target\":{\"@type\":\"EntryPoint\",\"urlTemplate\":\"https:\/\/casedarwinlaw.com\/?s={search_term_string}\"},\"query-input\":\"required name=search_term_string\"}],\"inLanguage\":\"es\"}]}<\/script>\n<!-- \/ Yoast SEO plugin. -->","yoast_head_json":{"title":"Violaci\u00f3n de Libertad Condicional en San Marcos - Law Office of Case J. Darwin Inc.","robots":{"index":"index","follow":"follow","max-snippet":"max-snippet:-1","max-image-preview":"max-image-preview:large","max-video-preview":"max-video-preview:-1"},"canonical":"https:\/\/casedarwinlaw.com\/es\/servicios-legales-de-derecho-penal\/violacion-de-libertad-condicional-en-san-marcos\/","og_locale":"es_ES","og_type":"article","og_title":"Violaci\u00f3n de Libertad Condicional en San Marcos - Law Office of Case J. Darwin Inc.","og_description":"La violaci\u00f3n de la libertad condicional, en esencia, es un delito que ocurre cuando alguien perturba la condici\u00f3n de una sentencia. Las consecuencias que est\u00e1n involucradas con la violaci\u00f3n de la libertad condicional por lo general dependen de una serie de motivos diferentes. En San Marcos la violaci\u00f3n de la libertad condicional incluye: la naturaleza... Read More","og_url":"https:\/\/casedarwinlaw.com\/es\/servicios-legales-de-derecho-penal\/violacion-de-libertad-condicional-en-san-marcos\/","og_site_name":"Law Office of Case J. Darwin Inc.","article_publisher":"https:\/\/www.facebook.com\/casedarwinlaw","article_modified_time":"2018-07-27T21:51:12+00:00","twitter_card":"summary_large_image","twitter_site":"@casedarwinlaw","twitter_misc":{"Tiempo de lectura":"1 minuto"},"schema":{"@context":"https:\/\/schema.org","@graph":[{"@type":"WebPage","@id":"https:\/\/casedarwinlaw.com\/es\/servicios-legales-de-derecho-penal\/violacion-de-libertad-condicional-en-san-marcos\/","url":"https:\/\/casedarwinlaw.com\/es\/servicios-legales-de-derecho-penal\/violacion-de-libertad-condicional-en-san-marcos\/","name":"Violaci\u00f3n de Libertad Condicional en San Marcos - Law Office of Case J. Darwin Inc.","isPartOf":{"@id":"https:\/\/casedarwinlaw.com\/#website"},"datePublished":"2018-05-14T22:48:30+00:00","dateModified":"2018-07-27T21:51:12+00:00","breadcrumb":{"@id":"https:\/\/casedarwinlaw.com\/es\/servicios-legales-de-derecho-penal\/violacion-de-libertad-condicional-en-san-marcos\/#breadcrumb"},"inLanguage":"es","potentialAction":[{"@type":"ReadAction","target":["https:\/\/casedarwinlaw.com\/es\/servicios-legales-de-derecho-penal\/violacion-de-libertad-condicional-en-san-marcos\/"]}]},{"@type":"BreadcrumbList","@id":"https:\/\/casedarwinlaw.com\/es\/servicios-legales-de-derecho-penal\/violacion-de-libertad-condicional-en-san-marcos\/#breadcrumb","itemListElement":[{"@type":"ListItem","position":1,"name":"Home","item":"https:\/\/casedarwinlaw.com\/es\/"},{"@type":"ListItem","position":2,"name":"Abogado Penalista en el Condado Hays y San Marcos","item":"https:\/\/casedarwinlaw.com\/es\/servicios-legales-de-derecho-penal\/"},{"@type":"ListItem","position":3,"name":"Violaci\u00f3n de Libertad Condicional en San Marcos"}]},{"@type":"WebSite","@id":"https:\/\/casedarwinlaw.com\/#website","url":"https:\/\/casedarwinlaw.com\/","name":"Law Office of Case J. Darwin Inc.","description":"Settling your case","potentialAction":[{"@type":"SearchAction","target":{"@type":"EntryPoint","urlTemplate":"https:\/\/casedarwinlaw.com\/?s={search_term_string}"},"query-input":"required name=search_term_string"}],"inLanguage":"es"}]}},"_links":{"self":[{"href":"https:\/\/casedarwinlaw.com\/es\/wp-json\/wp\/v2\/pages\/12865","targetHints":{"allow":["GET"]}}],"collection":[{"href":"https:\/\/casedarwinlaw.com\/es\/wp-json\/wp\/v2\/pages"}],"about":[{"href":"https:\/\/casedarwinlaw.com\/es\/wp-json\/wp\/v2\/types\/page"}],"author":[{"embeddable":true,"href":"https:\/\/casedarwinlaw.com\/es\/wp-json\/wp\/v2\/users\/4"}],"replies":[{"embeddable":true,"href":"https:\/\/casedarwinlaw.com\/es\/wp-json\/wp\/v2\/comments?post=12865"}],"version-history":[{"count":0,"href":"https:\/\/casedarwinlaw.com\/es\/wp-json\/wp\/v2\/pages\/12865\/revisions"}],"up":[{"embeddable":true,"href":"https:\/\/casedarwinlaw.com\/es\/wp-json\/wp\/v2\/pages\/12846"}],"wp:attachment":[{"href":"https:\/\/casedarwinlaw.com\/es\/wp-json\/wp\/v2\/media?parent=12865"}],"curies":[{"name":"wp","href":"https:\/\/api.w.org\/{rel}","templated":true}]}}