{"id":12866,"date":"2018-05-14T22:49:58","date_gmt":"2018-05-14T22:49:58","guid":{"rendered":"http:\/\/casedarwinlaw.com\/?page_id=12866"},"modified":"2018-08-28T18:29:51","modified_gmt":"2018-08-28T18:29:51","slug":"abogado-de-inmigracion-de-san-marcos","status":"publish","type":"page","link":"https:\/\/casedarwinlaw.com\/es\/servicios-legales-de-derecho-penal\/abogado-de-inmigracion-de-san-marcos\/","title":{"rendered":"Abogado de Inmigraci\u00f3n de San Marcos"},"content":{"rendered":"<p><span style=\"font-weight: 400;\">Cuando se trata de inmigraci\u00f3n y naturalizaci\u00f3n, hasta los aspectos m\u00e1s sencillos de la ley se han vuelto cada vez m\u00e1s complicados. El proceso puede ser abrumador y confuso, e incluso el proceso m\u00e1s sencillo puede tomar meses o a\u00f1os para completarse. Con los cambios de las leyes y su creciente cumplimiento, el obtener la ciudadan\u00eda o la residencia en Los Estados Unidos puede desmotivar a los individuos.<\/span><\/p>\n<p><span style=\"font-weight: 400;\">Para asegurarte que tus intereses estar\u00e1n bien representados, la ayuda de un abogado de migraci\u00f3n es central para sobrellevar el proceso exitosamente. Para m\u00e1s informaci\u00f3n, contacte nuestra dedicada firma de abogados en San Marcos, la cual ofrece servicios excepcionales a aquellos que m\u00e1s lo necesitan.<\/span><\/p>\n<h2><b>Enfrentamos las disputas de inmigraci\u00f3n m\u00e1s complicadas, incluyendo:<\/b><\/h2>\n<ul>\n<li style=\"font-weight: 400;\"><span style=\"font-weight: 400;\">Deportaci\u00f3n y remoci\u00f3n del litigio;<\/span><\/li>\n<li style=\"font-weight: 400;\"><span style=\"font-weight: 400;\">Casos de familia;<\/span><\/li>\n<li style=\"font-weight: 400;\"><span style=\"font-weight: 400;\">Casos laborales;<\/span><\/li>\n<li style=\"font-weight: 400;\"><span style=\"font-weight: 400;\">Green cards y Visas;<\/span><\/li>\n<li style=\"font-weight: 400;\"><span style=\"font-weight: 400;\">Ajuste de situaci\u00f3n contra el proceso consular;<\/span><\/li>\n<li style=\"font-weight: 400;\"><span style=\"font-weight: 400;\">Excepciones de inadmisibilidad;<\/span><\/li>\n<li style=\"font-weight: 400;\"><span style=\"font-weight: 400;\">Complejo y defensa penal;<\/span><\/li>\n<li style=\"font-weight: 400;\"><span style=\"font-weight: 400;\">Asilo; y<\/span><\/li>\n<li style=\"font-weight: 400;\"><span style=\"font-weight: 400;\">Ciudadan\u00eda.<\/span><\/li>\n<\/ul>\n<h2>Nuestro Servicio de Migraci\u00f3n Explicado:<\/h2>\n<h3><b>Otros Servicios en que nos Especializamos<\/b><\/h3>\n<ul>\n<li style=\"font-weight: 400;\"><span style=\"font-weight: 400;\">Ciudadan\u00eda y Naturalizaci\u00f3n <\/span><\/li>\n<li style=\"font-weight: 400;\"><span style=\"font-weight: 400;\">Inmigraci\u00f3n Basada en Familia<\/span><\/li>\n<li style=\"font-weight: 400;\"><span style=\"font-weight: 400;\">Acci\u00f3n Aplazada Por La Llegada De Ni\u00f1os<\/span><\/li>\n<li style=\"font-weight: 400;\"><span style=\"font-weight: 400;\">Apelaciones<\/span><\/li>\n<li style=\"font-weight: 400;\"><span style=\"font-weight: 400;\">Anmist\u00eda<\/span><\/li>\n<\/ul>\n<p><span style=\"font-weight: 400;\">Para m\u00e1s recursos relacionados, visite la Oficina Local de USCIS en San Marcos. Tambi\u00e9n puede visitar la p\u00e1gina web FindLaw la cual contiene un poco m\u00e1s de informaci\u00f3n sobre las leyes en el Estado de Texas.<\/span><\/p>\n<p><span style=\"font-weight: 400;\">Al final del d\u00eda, el Bufete de Case J. Darwin Inc. esta aqu\u00ed para proteger tus derechos, as\u00ed que queremos estar seguros que estas bien representado si tu o un miembro de tu familia se encuentra en una situaci\u00f3n parecida en San Marcos. Recuerde, estamos aqu\u00ed para ti. Cuando enfrente cualquier tipo de <a href=\"https:\/\/casedarwinlaw.com\/es\/servicios-legales-de-derecho-penal\/\">acusaci\u00f3n penal<\/a> no debe enfrentarlo solo. Por este motivo, creemos que toda persona deber\u00eda estar representada por un abogado que est\u00e9 all\u00ed para ti y no en las cortes.<\/span><\/p>\n<p><span style=\"font-weight: 400;\">Adem\u00e1s de los recursos anteriores, aqu\u00ed hay uno que puede resultarte especialmente \u00fatil. Esta es una gu\u00eda para protegerte a ti y a tu familia en caso de una redada.<\/span><\/p>\n","protected":false},"excerpt":{"rendered":"<p>Cuando se trata de inmigraci\u00f3n y naturalizaci\u00f3n, hasta los aspectos m\u00e1s sencillos de la ley se han vuelto cada vez m\u00e1s complicados. El proceso puede ser abrumador y confuso, e incluso el proceso m\u00e1s sencillo puede tomar meses o a\u00f1os para completarse. Con los cambios de las leyes y su creciente cumplimiento, el obtener la&#8230; <a class=\"more-link\" href=\"https:\/\/casedarwinlaw.com\/es\/servicios-legales-de-derecho-penal\/abogado-de-inmigracion-de-san-marcos\/\">Read More<\/a><\/p>\n","protected":false},"author":4,"featured_media":0,"parent":12846,"menu_order":0,"comment_status":"closed","ping_status":"closed","template":"page-template-single-service.php","meta":{"_genesis_hide_title":false,"_genesis_hide_breadcrumbs":false,"_genesis_hide_singular_image":false,"_genesis_hide_footer_widgets":false,"_genesis_custom_body_class":"","_genesis_custom_post_class":"","_genesis_layout":"","footnotes":""},"class_list":{"0":"post-12866","1":"page","2":"type-page","3":"status-publish","5":"entry","6":"has-post-thumbnail"},"acf":[],"yoast_head":"<!-- This site is optimized with the Yoast SEO plugin v20.2.1 - https:\/\/yoast.com\/wordpress\/plugins\/seo\/ -->\n<title>Abogado de Inmigraci\u00f3n de San Marcos - Law Office of Case J. Darwin Inc.<\/title>\n<meta name=\"robots\" content=\"index, follow, max-snippet:-1, max-image-preview:large, max-video-preview:-1\" \/>\n<link rel=\"canonical\" href=\"https:\/\/casedarwinlaw.com\/es\/servicios-legales-de-derecho-penal\/abogado-de-inmigracion-de-san-marcos\/\" \/>\n<meta property=\"og:locale\" content=\"es_ES\" \/>\n<meta property=\"og:type\" content=\"article\" \/>\n<meta property=\"og:title\" content=\"Abogado de Inmigraci\u00f3n de San Marcos - Law Office of Case J. Darwin Inc.\" \/>\n<meta property=\"og:description\" content=\"Cuando se trata de inmigraci\u00f3n y naturalizaci\u00f3n, hasta los aspectos m\u00e1s sencillos de la ley se han vuelto cada vez m\u00e1s complicados. El proceso puede ser abrumador y confuso, e incluso el proceso m\u00e1s sencillo puede tomar meses o a\u00f1os para completarse. Con los cambios de las leyes y su creciente cumplimiento, el obtener la... Read More\" \/>\n<meta property=\"og:url\" content=\"https:\/\/casedarwinlaw.com\/es\/servicios-legales-de-derecho-penal\/abogado-de-inmigracion-de-san-marcos\/\" \/>\n<meta property=\"og:site_name\" content=\"Law Office of Case J. Darwin Inc.\" \/>\n<meta property=\"article:publisher\" content=\"https:\/\/www.facebook.com\/casedarwinlaw\" \/>\n<meta property=\"article:modified_time\" content=\"2018-08-28T18:29:51+00:00\" \/>\n<meta name=\"twitter:card\" content=\"summary_large_image\" \/>\n<meta name=\"twitter:site\" content=\"@casedarwinlaw\" \/>\n<meta name=\"twitter:label1\" content=\"Tiempo de lectura\" \/>\n\t<meta name=\"twitter:data1\" content=\"2 minutos\" \/>\n<script type=\"application\/ld+json\" class=\"yoast-schema-graph\">{\"@context\":\"https:\/\/schema.org\",\"@graph\":[{\"@type\":\"WebPage\",\"@id\":\"https:\/\/casedarwinlaw.com\/es\/servicios-legales-de-derecho-penal\/abogado-de-inmigracion-de-san-marcos\/\",\"url\":\"https:\/\/casedarwinlaw.com\/es\/servicios-legales-de-derecho-penal\/abogado-de-inmigracion-de-san-marcos\/\",\"name\":\"Abogado de Inmigraci\u00f3n de San Marcos - Law Office of Case J. Darwin Inc.\",\"isPartOf\":{\"@id\":\"https:\/\/casedarwinlaw.com\/#website\"},\"datePublished\":\"2018-05-14T22:49:58+00:00\",\"dateModified\":\"2018-08-28T18:29:51+00:00\",\"breadcrumb\":{\"@id\":\"https:\/\/casedarwinlaw.com\/es\/servicios-legales-de-derecho-penal\/abogado-de-inmigracion-de-san-marcos\/#breadcrumb\"},\"inLanguage\":\"es\",\"potentialAction\":[{\"@type\":\"ReadAction\",\"target\":[\"https:\/\/casedarwinlaw.com\/es\/servicios-legales-de-derecho-penal\/abogado-de-inmigracion-de-san-marcos\/\"]}]},{\"@type\":\"BreadcrumbList\",\"@id\":\"https:\/\/casedarwinlaw.com\/es\/servicios-legales-de-derecho-penal\/abogado-de-inmigracion-de-san-marcos\/#breadcrumb\",\"itemListElement\":[{\"@type\":\"ListItem\",\"position\":1,\"name\":\"Home\",\"item\":\"https:\/\/casedarwinlaw.com\/es\/\"},{\"@type\":\"ListItem\",\"position\":2,\"name\":\"Abogado Penalista en el Condado Hays y San Marcos\",\"item\":\"https:\/\/casedarwinlaw.com\/es\/servicios-legales-de-derecho-penal\/\"},{\"@type\":\"ListItem\",\"position\":3,\"name\":\"Abogado de Inmigraci\u00f3n de San Marcos\"}]},{\"@type\":\"WebSite\",\"@id\":\"https:\/\/casedarwinlaw.com\/#website\",\"url\":\"https:\/\/casedarwinlaw.com\/\",\"name\":\"Law Office of Case J. Darwin Inc.\",\"description\":\"Settling your case\",\"potentialAction\":[{\"@type\":\"SearchAction\",\"target\":{\"@type\":\"EntryPoint\",\"urlTemplate\":\"https:\/\/casedarwinlaw.com\/?s={search_term_string}\"},\"query-input\":\"required name=search_term_string\"}],\"inLanguage\":\"es\"}]}<\/script>\n<!-- \/ Yoast SEO plugin. -->","yoast_head_json":{"title":"Abogado de Inmigraci\u00f3n de San Marcos - Law Office of Case J. Darwin Inc.","robots":{"index":"index","follow":"follow","max-snippet":"max-snippet:-1","max-image-preview":"max-image-preview:large","max-video-preview":"max-video-preview:-1"},"canonical":"https:\/\/casedarwinlaw.com\/es\/servicios-legales-de-derecho-penal\/abogado-de-inmigracion-de-san-marcos\/","og_locale":"es_ES","og_type":"article","og_title":"Abogado de Inmigraci\u00f3n de San Marcos - Law Office of Case J. Darwin Inc.","og_description":"Cuando se trata de inmigraci\u00f3n y naturalizaci\u00f3n, hasta los aspectos m\u00e1s sencillos de la ley se han vuelto cada vez m\u00e1s complicados. El proceso puede ser abrumador y confuso, e incluso el proceso m\u00e1s sencillo puede tomar meses o a\u00f1os para completarse. Con los cambios de las leyes y su creciente cumplimiento, el obtener la... Read More","og_url":"https:\/\/casedarwinlaw.com\/es\/servicios-legales-de-derecho-penal\/abogado-de-inmigracion-de-san-marcos\/","og_site_name":"Law Office of Case J. Darwin Inc.","article_publisher":"https:\/\/www.facebook.com\/casedarwinlaw","article_modified_time":"2018-08-28T18:29:51+00:00","twitter_card":"summary_large_image","twitter_site":"@casedarwinlaw","twitter_misc":{"Tiempo de lectura":"2 minutos"},"schema":{"@context":"https:\/\/schema.org","@graph":[{"@type":"WebPage","@id":"https:\/\/casedarwinlaw.com\/es\/servicios-legales-de-derecho-penal\/abogado-de-inmigracion-de-san-marcos\/","url":"https:\/\/casedarwinlaw.com\/es\/servicios-legales-de-derecho-penal\/abogado-de-inmigracion-de-san-marcos\/","name":"Abogado de Inmigraci\u00f3n de San Marcos - Law Office of Case J. Darwin Inc.","isPartOf":{"@id":"https:\/\/casedarwinlaw.com\/#website"},"datePublished":"2018-05-14T22:49:58+00:00","dateModified":"2018-08-28T18:29:51+00:00","breadcrumb":{"@id":"https:\/\/casedarwinlaw.com\/es\/servicios-legales-de-derecho-penal\/abogado-de-inmigracion-de-san-marcos\/#breadcrumb"},"inLanguage":"es","potentialAction":[{"@type":"ReadAction","target":["https:\/\/casedarwinlaw.com\/es\/servicios-legales-de-derecho-penal\/abogado-de-inmigracion-de-san-marcos\/"]}]},{"@type":"BreadcrumbList","@id":"https:\/\/casedarwinlaw.com\/es\/servicios-legales-de-derecho-penal\/abogado-de-inmigracion-de-san-marcos\/#breadcrumb","itemListElement":[{"@type":"ListItem","position":1,"name":"Home","item":"https:\/\/casedarwinlaw.com\/es\/"},{"@type":"ListItem","position":2,"name":"Abogado Penalista en el Condado Hays y San Marcos","item":"https:\/\/casedarwinlaw.com\/es\/servicios-legales-de-derecho-penal\/"},{"@type":"ListItem","position":3,"name":"Abogado de Inmigraci\u00f3n de San Marcos"}]},{"@type":"WebSite","@id":"https:\/\/casedarwinlaw.com\/#website","url":"https:\/\/casedarwinlaw.com\/","name":"Law Office of Case J. Darwin Inc.","description":"Settling your case","potentialAction":[{"@type":"SearchAction","target":{"@type":"EntryPoint","urlTemplate":"https:\/\/casedarwinlaw.com\/?s={search_term_string}"},"query-input":"required name=search_term_string"}],"inLanguage":"es"}]}},"_links":{"self":[{"href":"https:\/\/casedarwinlaw.com\/es\/wp-json\/wp\/v2\/pages\/12866","targetHints":{"allow":["GET"]}}],"collection":[{"href":"https:\/\/casedarwinlaw.com\/es\/wp-json\/wp\/v2\/pages"}],"about":[{"href":"https:\/\/casedarwinlaw.com\/es\/wp-json\/wp\/v2\/types\/page"}],"author":[{"embeddable":true,"href":"https:\/\/casedarwinlaw.com\/es\/wp-json\/wp\/v2\/users\/4"}],"replies":[{"embeddable":true,"href":"https:\/\/casedarwinlaw.com\/es\/wp-json\/wp\/v2\/comments?post=12866"}],"version-history":[{"count":0,"href":"https:\/\/casedarwinlaw.com\/es\/wp-json\/wp\/v2\/pages\/12866\/revisions"}],"up":[{"embeddable":true,"href":"https:\/\/casedarwinlaw.com\/es\/wp-json\/wp\/v2\/pages\/12846"}],"wp:attachment":[{"href":"https:\/\/casedarwinlaw.com\/es\/wp-json\/wp\/v2\/media?parent=12866"}],"curies":[{"name":"wp","href":"https:\/\/api.w.org\/{rel}","templated":true}]}}