{"id":12867,"date":"2018-05-14T22:52:35","date_gmt":"2018-05-14T22:52:35","guid":{"rendered":"http:\/\/casedarwinlaw.com\/?page_id=12867"},"modified":"2018-07-27T21:43:18","modified_gmt":"2018-07-27T21:43:18","slug":"boletos-de-trafico-en-san-marcos","status":"publish","type":"page","link":"https:\/\/casedarwinlaw.com\/es\/servicios-legales-de-derecho-penal\/boletos-de-trafico-en-san-marcos\/","title":{"rendered":"Boletos de Tr\u00e1fico en San Marcos"},"content":{"rendered":"<h2>Proteja sus antescedentes como conductor<\/h2>\n<p>No pague sus multas por infracciones de tr\u00e1nsito.  Hacerlo puede significar primas de seguro m\u00e1s altas, puntos en su r\u00e9cord de conducir, y en algunos casos, hasta la suspensi\u00f3n de su licencia.  Adem\u00e1s, pagar algunas infracciones puede resultar en algunas consecuencias ocultas que usted no las advierte.<\/p>\n<p>Estas consecuencias pueden ser un costo anual mayor, adem\u00e1s de las multas y costos judiciales.  Deber\u00e1 pagar estos costos adicionales por a\u00f1os, solo para conservar su licencia.  Un ejemplo perfecto de lo que digo, es que si usted paga directamente la multa, hacerlo le costar\u00e1 cerca de U$S 260 por a\u00f1o durante 3 a\u00f1os.  Esto es sumado al monto de las multas y costos judiciales pagados a la corte.  No trate de resolver las cosas por s\u00ed mismo.<\/p>\n<p>El Estado est\u00e1 representado por un abogado, usted tambi\u00e9n debe estar representado por un abogado.<\/p>\n","protected":false},"excerpt":{"rendered":"<p>Proteja sus antescedentes como conductor No pague sus multas por infracciones de tr\u00e1nsito. Hacerlo puede significar primas de seguro m\u00e1s altas, puntos en su r\u00e9cord de conducir, y en algunos casos, hasta la suspensi\u00f3n de su licencia. Adem\u00e1s, pagar algunas infracciones puede resultar en algunas consecuencias ocultas que usted no las advierte. Estas consecuencias pueden&#8230; <a class=\"more-link\" href=\"https:\/\/casedarwinlaw.com\/es\/servicios-legales-de-derecho-penal\/boletos-de-trafico-en-san-marcos\/\">Read More<\/a><\/p>\n","protected":false},"author":4,"featured_media":0,"parent":12846,"menu_order":0,"comment_status":"closed","ping_status":"closed","template":"page-template-single-service.php","meta":{"_genesis_hide_title":false,"_genesis_hide_breadcrumbs":false,"_genesis_hide_singular_image":false,"_genesis_hide_footer_widgets":false,"_genesis_custom_body_class":"","_genesis_custom_post_class":"","_genesis_layout":"","footnotes":""},"class_list":{"0":"post-12867","1":"page","2":"type-page","3":"status-publish","5":"entry","6":"has-post-thumbnail"},"acf":[],"yoast_head":"<!-- This site is optimized with the Yoast SEO plugin v20.2.1 - https:\/\/yoast.com\/wordpress\/plugins\/seo\/ -->\n<title>Boletos de Tr\u00e1fico en San Marcos - Law Office of Case J. Darwin Inc.<\/title>\n<meta name=\"robots\" content=\"index, follow, max-snippet:-1, max-image-preview:large, max-video-preview:-1\" \/>\n<link rel=\"canonical\" href=\"https:\/\/casedarwinlaw.com\/es\/servicios-legales-de-derecho-penal\/boletos-de-trafico-en-san-marcos\/\" \/>\n<meta property=\"og:locale\" content=\"es_ES\" \/>\n<meta property=\"og:type\" content=\"article\" \/>\n<meta property=\"og:title\" content=\"Boletos de Tr\u00e1fico en San Marcos - Law Office of Case J. Darwin Inc.\" \/>\n<meta property=\"og:description\" content=\"Proteja sus antescedentes como conductor No pague sus multas por infracciones de tr\u00e1nsito. Hacerlo puede significar primas de seguro m\u00e1s altas, puntos en su r\u00e9cord de conducir, y en algunos casos, hasta la suspensi\u00f3n de su licencia. Adem\u00e1s, pagar algunas infracciones puede resultar en algunas consecuencias ocultas que usted no las advierte. Estas consecuencias pueden... Read More\" \/>\n<meta property=\"og:url\" content=\"https:\/\/casedarwinlaw.com\/es\/servicios-legales-de-derecho-penal\/boletos-de-trafico-en-san-marcos\/\" \/>\n<meta property=\"og:site_name\" content=\"Law Office of Case J. Darwin Inc.\" \/>\n<meta property=\"article:publisher\" content=\"https:\/\/www.facebook.com\/casedarwinlaw\" \/>\n<meta property=\"article:modified_time\" content=\"2018-07-27T21:43:18+00:00\" \/>\n<meta name=\"twitter:card\" content=\"summary_large_image\" \/>\n<meta name=\"twitter:site\" content=\"@casedarwinlaw\" \/>\n<meta name=\"twitter:label1\" content=\"Tiempo de lectura\" \/>\n\t<meta name=\"twitter:data1\" content=\"1 minuto\" \/>\n<script type=\"application\/ld+json\" class=\"yoast-schema-graph\">{\"@context\":\"https:\/\/schema.org\",\"@graph\":[{\"@type\":\"WebPage\",\"@id\":\"https:\/\/casedarwinlaw.com\/es\/servicios-legales-de-derecho-penal\/boletos-de-trafico-en-san-marcos\/\",\"url\":\"https:\/\/casedarwinlaw.com\/es\/servicios-legales-de-derecho-penal\/boletos-de-trafico-en-san-marcos\/\",\"name\":\"Boletos de Tr\u00e1fico en San Marcos - Law Office of Case J. Darwin Inc.\",\"isPartOf\":{\"@id\":\"https:\/\/casedarwinlaw.com\/#website\"},\"datePublished\":\"2018-05-14T22:52:35+00:00\",\"dateModified\":\"2018-07-27T21:43:18+00:00\",\"breadcrumb\":{\"@id\":\"https:\/\/casedarwinlaw.com\/es\/servicios-legales-de-derecho-penal\/boletos-de-trafico-en-san-marcos\/#breadcrumb\"},\"inLanguage\":\"es\",\"potentialAction\":[{\"@type\":\"ReadAction\",\"target\":[\"https:\/\/casedarwinlaw.com\/es\/servicios-legales-de-derecho-penal\/boletos-de-trafico-en-san-marcos\/\"]}]},{\"@type\":\"BreadcrumbList\",\"@id\":\"https:\/\/casedarwinlaw.com\/es\/servicios-legales-de-derecho-penal\/boletos-de-trafico-en-san-marcos\/#breadcrumb\",\"itemListElement\":[{\"@type\":\"ListItem\",\"position\":1,\"name\":\"Home\",\"item\":\"https:\/\/casedarwinlaw.com\/es\/\"},{\"@type\":\"ListItem\",\"position\":2,\"name\":\"Abogado Penalista en el Condado Hays y San Marcos\",\"item\":\"https:\/\/casedarwinlaw.com\/es\/servicios-legales-de-derecho-penal\/\"},{\"@type\":\"ListItem\",\"position\":3,\"name\":\"Boletos de Tr\u00e1fico en San Marcos\"}]},{\"@type\":\"WebSite\",\"@id\":\"https:\/\/casedarwinlaw.com\/#website\",\"url\":\"https:\/\/casedarwinlaw.com\/\",\"name\":\"Law Office of Case J. Darwin Inc.\",\"description\":\"Settling your case\",\"potentialAction\":[{\"@type\":\"SearchAction\",\"target\":{\"@type\":\"EntryPoint\",\"urlTemplate\":\"https:\/\/casedarwinlaw.com\/?s={search_term_string}\"},\"query-input\":\"required name=search_term_string\"}],\"inLanguage\":\"es\"}]}<\/script>\n<!-- \/ Yoast SEO plugin. -->","yoast_head_json":{"title":"Boletos de Tr\u00e1fico en San Marcos - Law Office of Case J. Darwin Inc.","robots":{"index":"index","follow":"follow","max-snippet":"max-snippet:-1","max-image-preview":"max-image-preview:large","max-video-preview":"max-video-preview:-1"},"canonical":"https:\/\/casedarwinlaw.com\/es\/servicios-legales-de-derecho-penal\/boletos-de-trafico-en-san-marcos\/","og_locale":"es_ES","og_type":"article","og_title":"Boletos de Tr\u00e1fico en San Marcos - Law Office of Case J. Darwin Inc.","og_description":"Proteja sus antescedentes como conductor No pague sus multas por infracciones de tr\u00e1nsito. Hacerlo puede significar primas de seguro m\u00e1s altas, puntos en su r\u00e9cord de conducir, y en algunos casos, hasta la suspensi\u00f3n de su licencia. Adem\u00e1s, pagar algunas infracciones puede resultar en algunas consecuencias ocultas que usted no las advierte. Estas consecuencias pueden... Read More","og_url":"https:\/\/casedarwinlaw.com\/es\/servicios-legales-de-derecho-penal\/boletos-de-trafico-en-san-marcos\/","og_site_name":"Law Office of Case J. Darwin Inc.","article_publisher":"https:\/\/www.facebook.com\/casedarwinlaw","article_modified_time":"2018-07-27T21:43:18+00:00","twitter_card":"summary_large_image","twitter_site":"@casedarwinlaw","twitter_misc":{"Tiempo de lectura":"1 minuto"},"schema":{"@context":"https:\/\/schema.org","@graph":[{"@type":"WebPage","@id":"https:\/\/casedarwinlaw.com\/es\/servicios-legales-de-derecho-penal\/boletos-de-trafico-en-san-marcos\/","url":"https:\/\/casedarwinlaw.com\/es\/servicios-legales-de-derecho-penal\/boletos-de-trafico-en-san-marcos\/","name":"Boletos de Tr\u00e1fico en San Marcos - Law Office of Case J. Darwin Inc.","isPartOf":{"@id":"https:\/\/casedarwinlaw.com\/#website"},"datePublished":"2018-05-14T22:52:35+00:00","dateModified":"2018-07-27T21:43:18+00:00","breadcrumb":{"@id":"https:\/\/casedarwinlaw.com\/es\/servicios-legales-de-derecho-penal\/boletos-de-trafico-en-san-marcos\/#breadcrumb"},"inLanguage":"es","potentialAction":[{"@type":"ReadAction","target":["https:\/\/casedarwinlaw.com\/es\/servicios-legales-de-derecho-penal\/boletos-de-trafico-en-san-marcos\/"]}]},{"@type":"BreadcrumbList","@id":"https:\/\/casedarwinlaw.com\/es\/servicios-legales-de-derecho-penal\/boletos-de-trafico-en-san-marcos\/#breadcrumb","itemListElement":[{"@type":"ListItem","position":1,"name":"Home","item":"https:\/\/casedarwinlaw.com\/es\/"},{"@type":"ListItem","position":2,"name":"Abogado Penalista en el Condado Hays y San Marcos","item":"https:\/\/casedarwinlaw.com\/es\/servicios-legales-de-derecho-penal\/"},{"@type":"ListItem","position":3,"name":"Boletos de Tr\u00e1fico en San Marcos"}]},{"@type":"WebSite","@id":"https:\/\/casedarwinlaw.com\/#website","url":"https:\/\/casedarwinlaw.com\/","name":"Law Office of Case J. Darwin Inc.","description":"Settling your case","potentialAction":[{"@type":"SearchAction","target":{"@type":"EntryPoint","urlTemplate":"https:\/\/casedarwinlaw.com\/?s={search_term_string}"},"query-input":"required name=search_term_string"}],"inLanguage":"es"}]}},"_links":{"self":[{"href":"https:\/\/casedarwinlaw.com\/es\/wp-json\/wp\/v2\/pages\/12867","targetHints":{"allow":["GET"]}}],"collection":[{"href":"https:\/\/casedarwinlaw.com\/es\/wp-json\/wp\/v2\/pages"}],"about":[{"href":"https:\/\/casedarwinlaw.com\/es\/wp-json\/wp\/v2\/types\/page"}],"author":[{"embeddable":true,"href":"https:\/\/casedarwinlaw.com\/es\/wp-json\/wp\/v2\/users\/4"}],"replies":[{"embeddable":true,"href":"https:\/\/casedarwinlaw.com\/es\/wp-json\/wp\/v2\/comments?post=12867"}],"version-history":[{"count":0,"href":"https:\/\/casedarwinlaw.com\/es\/wp-json\/wp\/v2\/pages\/12867\/revisions"}],"up":[{"embeddable":true,"href":"https:\/\/casedarwinlaw.com\/es\/wp-json\/wp\/v2\/pages\/12846"}],"wp:attachment":[{"href":"https:\/\/casedarwinlaw.com\/es\/wp-json\/wp\/v2\/media?parent=12867"}],"curies":[{"name":"wp","href":"https:\/\/api.w.org\/{rel}","templated":true}]}}