{"id":12868,"date":"2018-05-14T23:03:35","date_gmt":"2018-05-14T23:03:35","guid":{"rendered":"http:\/\/casedarwinlaw.com\/?page_id=12868"},"modified":"2018-07-27T21:49:52","modified_gmt":"2018-07-27T21:49:52","slug":"cargos-por-delitos-violentos-en-san-marcos","status":"publish","type":"page","link":"https:\/\/casedarwinlaw.com\/es\/servicios-legales-de-derecho-penal\/cargos-por-delitos-violentos-en-san-marcos\/","title":{"rendered":"Cargos por delitos violentos en San Marcos"},"content":{"rendered":"<p>Los delitos violentos son casos en los que el delincuente utiliza o amenaza con utilizar la fuerza sobre su v\u00edctima. Estos incluyen delitos en los que el acto violento es el objetivo como el asesinato, y delitos donde la violencia es el medio para un fin. Los delitos violentos pueden o no ser cometidos con armas. Dependiendo de la jurisdicci\u00f3n los delitos violentos podr\u00edan variar desde homicidio hasta acoso.<\/p>\n<p>Sabido esto, los delitos violentos deber\u00edan ser tratados seriamente. Si usted o un ser querido ha sido acusado por cualquier tipo de delito violento, es muy importante que usted tenga el abogado correcto de su lado en San Marcos. Como una firma legal de defensa criminal en San Marcos, hacemos todo el esfuerzo para brindar a nuestros clientes el mejor escenario. Si bien esto requiere un entendimiento profundo de su caso y de la pena recibida, creemos que toda persona se merece el derecho de ser escuchado en la corte.<\/p>\n<h2>Que son considerados Delitos Violentos?<\/h2>\n<p>Los delitos violentos pueden variar desde asesinato hasta agresi\u00f3n con un arma mortal. Como quiera que sea, estos delitos casi siempre son considerados graves. Aqu\u00ed hay una lista de delitos violentos comunes:<\/p>\n<ul>\n<li>Agresi\u00f3n f\u00edsica o verbal<\/li>\n<li>Asesinato<\/li>\n<li>Homicidio involuntario<\/li>\n<li>Violaci\u00f3n<\/li>\n<li>Incendio provocado<\/li>\n<li>Terrorismo<\/li>\n<li>Violencia domestica<\/li>\n<li>Violencia grupal<\/li>\n<li>Secuestro<\/li>\n<li>Robo<\/li>\n<\/ul>\n<p>Si has sido acusado por alguno de estos delitos, por favor contacta al abogado criminal defensor en nuestra firma. A pesar de que todos estos delitos violentos son casos serios, a\u00fan podemos ofrecerte soluciones, lo cual es mejor que tratar solo con esta situaci\u00f3n. Si usted se encuentra en alguna de estas categor\u00edas, estamos listos para ayudar.<\/p>\n<p>Para obtener m\u00e1s informaci\u00f3n y recursos relacionados con delitos violentos, por favor visite <a href=\"https:\/\/www.fbi.gov\/about-us\/cjis\/ucr\/crime-in-the-u.s\/2011\/crime-in-the-u.s.-2011\/violent-crime\/violent-crime\" target=\"_blank\" rel=\"noopener\">fbi.gov<\/a>.<\/p>\n<p>Para obtener una lista de los Informes Uniformes de Crimen en San Marcos, visite <a href=\"http:\/\/www.sanantonio.gov\/SAPD\/UniformCrimeReports.aspx\" target=\"_blank\" rel=\"noopener\">sanantonio.gov<\/a>.<\/p>\n","protected":false},"excerpt":{"rendered":"<p>Los delitos violentos son casos en los que el delincuente utiliza o amenaza con utilizar la fuerza sobre su v\u00edctima. Estos incluyen delitos en los que el acto violento es el objetivo como el asesinato, y delitos donde la violencia es el medio para un fin. Los delitos violentos pueden o no ser cometidos con&#8230; <a class=\"more-link\" href=\"https:\/\/casedarwinlaw.com\/es\/servicios-legales-de-derecho-penal\/cargos-por-delitos-violentos-en-san-marcos\/\">Read More<\/a><\/p>\n","protected":false},"author":4,"featured_media":0,"parent":12846,"menu_order":0,"comment_status":"closed","ping_status":"closed","template":"page-template-single-service.php","meta":{"_genesis_hide_title":false,"_genesis_hide_breadcrumbs":false,"_genesis_hide_singular_image":false,"_genesis_hide_footer_widgets":false,"_genesis_custom_body_class":"","_genesis_custom_post_class":"","_genesis_layout":"","footnotes":""},"class_list":{"0":"post-12868","1":"page","2":"type-page","3":"status-publish","5":"entry"},"acf":[],"yoast_head":"<!-- This site is optimized with the Yoast SEO plugin v20.2.1 - https:\/\/yoast.com\/wordpress\/plugins\/seo\/ -->\n<title>Cargos por delitos violentos en San Marcos - Law Office of Case J. Darwin Inc.<\/title>\n<meta name=\"robots\" content=\"index, follow, max-snippet:-1, max-image-preview:large, max-video-preview:-1\" \/>\n<link rel=\"canonical\" href=\"https:\/\/casedarwinlaw.com\/es\/servicios-legales-de-derecho-penal\/cargos-por-delitos-violentos-en-san-marcos\/\" \/>\n<meta property=\"og:locale\" content=\"es_ES\" \/>\n<meta property=\"og:type\" content=\"article\" \/>\n<meta property=\"og:title\" content=\"Cargos por delitos violentos en San Marcos - Law Office of Case J. Darwin Inc.\" \/>\n<meta property=\"og:description\" content=\"Los delitos violentos son casos en los que el delincuente utiliza o amenaza con utilizar la fuerza sobre su v\u00edctima. Estos incluyen delitos en los que el acto violento es el objetivo como el asesinato, y delitos donde la violencia es el medio para un fin. Los delitos violentos pueden o no ser cometidos con... Read More\" \/>\n<meta property=\"og:url\" content=\"https:\/\/casedarwinlaw.com\/es\/servicios-legales-de-derecho-penal\/cargos-por-delitos-violentos-en-san-marcos\/\" \/>\n<meta property=\"og:site_name\" content=\"Law Office of Case J. Darwin Inc.\" \/>\n<meta property=\"article:publisher\" content=\"https:\/\/www.facebook.com\/casedarwinlaw\" \/>\n<meta property=\"article:modified_time\" content=\"2018-07-27T21:49:52+00:00\" \/>\n<meta name=\"twitter:card\" content=\"summary_large_image\" \/>\n<meta name=\"twitter:site\" content=\"@casedarwinlaw\" \/>\n<meta name=\"twitter:label1\" content=\"Tiempo de lectura\" \/>\n\t<meta name=\"twitter:data1\" content=\"2 minutos\" \/>\n<script type=\"application\/ld+json\" class=\"yoast-schema-graph\">{\"@context\":\"https:\/\/schema.org\",\"@graph\":[{\"@type\":\"WebPage\",\"@id\":\"https:\/\/casedarwinlaw.com\/es\/servicios-legales-de-derecho-penal\/cargos-por-delitos-violentos-en-san-marcos\/\",\"url\":\"https:\/\/casedarwinlaw.com\/es\/servicios-legales-de-derecho-penal\/cargos-por-delitos-violentos-en-san-marcos\/\",\"name\":\"Cargos por delitos violentos en San Marcos - Law Office of Case J. Darwin Inc.\",\"isPartOf\":{\"@id\":\"https:\/\/casedarwinlaw.com\/#website\"},\"datePublished\":\"2018-05-14T23:03:35+00:00\",\"dateModified\":\"2018-07-27T21:49:52+00:00\",\"breadcrumb\":{\"@id\":\"https:\/\/casedarwinlaw.com\/es\/servicios-legales-de-derecho-penal\/cargos-por-delitos-violentos-en-san-marcos\/#breadcrumb\"},\"inLanguage\":\"es\",\"potentialAction\":[{\"@type\":\"ReadAction\",\"target\":[\"https:\/\/casedarwinlaw.com\/es\/servicios-legales-de-derecho-penal\/cargos-por-delitos-violentos-en-san-marcos\/\"]}]},{\"@type\":\"BreadcrumbList\",\"@id\":\"https:\/\/casedarwinlaw.com\/es\/servicios-legales-de-derecho-penal\/cargos-por-delitos-violentos-en-san-marcos\/#breadcrumb\",\"itemListElement\":[{\"@type\":\"ListItem\",\"position\":1,\"name\":\"Home\",\"item\":\"https:\/\/casedarwinlaw.com\/es\/\"},{\"@type\":\"ListItem\",\"position\":2,\"name\":\"Abogado Penalista en el Condado Hays y San Marcos\",\"item\":\"https:\/\/casedarwinlaw.com\/es\/servicios-legales-de-derecho-penal\/\"},{\"@type\":\"ListItem\",\"position\":3,\"name\":\"Cargos por delitos violentos en San Marcos\"}]},{\"@type\":\"WebSite\",\"@id\":\"https:\/\/casedarwinlaw.com\/#website\",\"url\":\"https:\/\/casedarwinlaw.com\/\",\"name\":\"Law Office of Case J. Darwin Inc.\",\"description\":\"Settling your case\",\"potentialAction\":[{\"@type\":\"SearchAction\",\"target\":{\"@type\":\"EntryPoint\",\"urlTemplate\":\"https:\/\/casedarwinlaw.com\/?s={search_term_string}\"},\"query-input\":\"required name=search_term_string\"}],\"inLanguage\":\"es\"}]}<\/script>\n<!-- \/ Yoast SEO plugin. -->","yoast_head_json":{"title":"Cargos por delitos violentos en San Marcos - Law Office of Case J. Darwin Inc.","robots":{"index":"index","follow":"follow","max-snippet":"max-snippet:-1","max-image-preview":"max-image-preview:large","max-video-preview":"max-video-preview:-1"},"canonical":"https:\/\/casedarwinlaw.com\/es\/servicios-legales-de-derecho-penal\/cargos-por-delitos-violentos-en-san-marcos\/","og_locale":"es_ES","og_type":"article","og_title":"Cargos por delitos violentos en San Marcos - Law Office of Case J. Darwin Inc.","og_description":"Los delitos violentos son casos en los que el delincuente utiliza o amenaza con utilizar la fuerza sobre su v\u00edctima. Estos incluyen delitos en los que el acto violento es el objetivo como el asesinato, y delitos donde la violencia es el medio para un fin. Los delitos violentos pueden o no ser cometidos con... Read More","og_url":"https:\/\/casedarwinlaw.com\/es\/servicios-legales-de-derecho-penal\/cargos-por-delitos-violentos-en-san-marcos\/","og_site_name":"Law Office of Case J. Darwin Inc.","article_publisher":"https:\/\/www.facebook.com\/casedarwinlaw","article_modified_time":"2018-07-27T21:49:52+00:00","twitter_card":"summary_large_image","twitter_site":"@casedarwinlaw","twitter_misc":{"Tiempo de lectura":"2 minutos"},"schema":{"@context":"https:\/\/schema.org","@graph":[{"@type":"WebPage","@id":"https:\/\/casedarwinlaw.com\/es\/servicios-legales-de-derecho-penal\/cargos-por-delitos-violentos-en-san-marcos\/","url":"https:\/\/casedarwinlaw.com\/es\/servicios-legales-de-derecho-penal\/cargos-por-delitos-violentos-en-san-marcos\/","name":"Cargos por delitos violentos en San Marcos - Law Office of Case J. Darwin Inc.","isPartOf":{"@id":"https:\/\/casedarwinlaw.com\/#website"},"datePublished":"2018-05-14T23:03:35+00:00","dateModified":"2018-07-27T21:49:52+00:00","breadcrumb":{"@id":"https:\/\/casedarwinlaw.com\/es\/servicios-legales-de-derecho-penal\/cargos-por-delitos-violentos-en-san-marcos\/#breadcrumb"},"inLanguage":"es","potentialAction":[{"@type":"ReadAction","target":["https:\/\/casedarwinlaw.com\/es\/servicios-legales-de-derecho-penal\/cargos-por-delitos-violentos-en-san-marcos\/"]}]},{"@type":"BreadcrumbList","@id":"https:\/\/casedarwinlaw.com\/es\/servicios-legales-de-derecho-penal\/cargos-por-delitos-violentos-en-san-marcos\/#breadcrumb","itemListElement":[{"@type":"ListItem","position":1,"name":"Home","item":"https:\/\/casedarwinlaw.com\/es\/"},{"@type":"ListItem","position":2,"name":"Abogado Penalista en el Condado Hays y San Marcos","item":"https:\/\/casedarwinlaw.com\/es\/servicios-legales-de-derecho-penal\/"},{"@type":"ListItem","position":3,"name":"Cargos por delitos violentos en San Marcos"}]},{"@type":"WebSite","@id":"https:\/\/casedarwinlaw.com\/#website","url":"https:\/\/casedarwinlaw.com\/","name":"Law Office of Case J. Darwin Inc.","description":"Settling your case","potentialAction":[{"@type":"SearchAction","target":{"@type":"EntryPoint","urlTemplate":"https:\/\/casedarwinlaw.com\/?s={search_term_string}"},"query-input":"required name=search_term_string"}],"inLanguage":"es"}]}},"_links":{"self":[{"href":"https:\/\/casedarwinlaw.com\/es\/wp-json\/wp\/v2\/pages\/12868","targetHints":{"allow":["GET"]}}],"collection":[{"href":"https:\/\/casedarwinlaw.com\/es\/wp-json\/wp\/v2\/pages"}],"about":[{"href":"https:\/\/casedarwinlaw.com\/es\/wp-json\/wp\/v2\/types\/page"}],"author":[{"embeddable":true,"href":"https:\/\/casedarwinlaw.com\/es\/wp-json\/wp\/v2\/users\/4"}],"replies":[{"embeddable":true,"href":"https:\/\/casedarwinlaw.com\/es\/wp-json\/wp\/v2\/comments?post=12868"}],"version-history":[{"count":0,"href":"https:\/\/casedarwinlaw.com\/es\/wp-json\/wp\/v2\/pages\/12868\/revisions"}],"up":[{"embeddable":true,"href":"https:\/\/casedarwinlaw.com\/es\/wp-json\/wp\/v2\/pages\/12846"}],"wp:attachment":[{"href":"https:\/\/casedarwinlaw.com\/es\/wp-json\/wp\/v2\/media?parent=12868"}],"curies":[{"name":"wp","href":"https:\/\/api.w.org\/{rel}","templated":true}]}}