{"id":12870,"date":"2018-05-14T23:04:57","date_gmt":"2018-05-14T23:04:57","guid":{"rendered":"http:\/\/casedarwinlaw.com\/?page_id=12870"},"modified":"2018-08-28T18:48:18","modified_gmt":"2018-08-28T18:48:18","slug":"cargos-por-crimenes-de-cuello-blanco-en-san-marcos","status":"publish","type":"page","link":"https:\/\/casedarwinlaw.com\/es\/servicios-legales-de-derecho-penal\/cargos-por-crimenes-de-cuello-blanco-en-san-marcos\/","title":{"rendered":"Cargos por Cr\u00edmenes de Cuello Blanco en San Marcos"},"content":{"rendered":"<p>\u00bfQu\u00e9 son los Delitos de Cuello Blanco?<\/p>\n<p>Los delitos de cuello blanco generalmente son delitos asociados a hacer algo ilegal para ganar dinero. Esto incluye cosas como el fraude o la evasi\u00f3n fiscal. Si usted o alguien cercano a usted ha sido acusado de delitos de cuello blanco en San Marcos, es importante buscar ayuda inmediata con un <a href=\"https:\/\/casedarwinlaw.com\/es\/el-abogado-case-j-darwin-es-ex-fiscal\/\">abogado defensor bien calificado<\/a> que pueda ayudarle a defenderse en estas situaciones.<\/p>\n<h3>Los delitos de cuello blanco m\u00e1s comunes son los siguientes:<\/h3>\n<ul>\n<li>Fraude<\/li>\n<li>Soborno<\/li>\n<li>Malversaci\u00f3n<\/li>\n<li>Infracci\u00f3n de copyright<\/li>\n<li>El robo de identidad<\/li>\n<li>Falsificaci\u00f3n<\/li>\n<\/ul>\n<h2>Abogado para delitos de cuello blanco ayuda en San Marcos<\/h2>\n<p>A pesar de que los delitos de cuello blanco no son cr\u00edmenes violentos como otros cargos criminales, todav\u00eda son muy graves y pueden tener efectos devastadores sobre usted y los dem\u00e1s. Cuando se enfrente a este tipo de delitos, lo mejor es entender cu\u00e1les son sus opciones. Es con lo que podemos ayudar. En tiempos como estos, es muy f\u00e1cil sentirse abrumado e inseguro de ad\u00f3nde acudir. Si esto le sucede, sepa que los abogados defensores est\u00e1n de su lado. Ya sea que el delito de cuello blanco implique cualquier tipo de lavado, malversaci\u00f3n de fondos, u otros, hay esperanza. Pero lo importante es actuar con rapidez. En situaciones como \u00e9stas, no hay tiempo que perder. El resultado de su caso puede depender de cuan r\u00e1pido act\u00fae.<\/p>\n<h2>Para obtener m\u00e1s informaci\u00f3n sobre los delitos de cuello blanco por favor visite estos recursos<\/h2>\n<ul>\n<li>El <a href=\"https:\/\/www.fbi.gov\/about-us\/investigate\/white_collar\" target=\"_blank\" rel=\"noopener\">FBI<\/a> tiene un gran art\u00edculo sobre delitos de cuello blanco y la forma en que se determinan.<\/li>\n<li><a href=\"https:\/\/en.wikipedia.org\/wiki\/White-collar_crime\" target=\"_blank\" rel=\"noopener\">Wikipedia<\/a> tambi\u00e9n hace que sea muy f\u00e1cil de entender que son los delitos de cuello blanco y sus diferentes tipos.<\/li>\n<\/ul>\n<p>Por favor t\u00f3mese el tiempo para revisar estos \u00fatiles recursos. Ellos pueden responder a algunas de las preguntas que usted pueda tener. Y cuando est\u00e9 listo para pelear su cargo, estaremos aqu\u00ed para ayudarle. Lo mejor que puedes hacer en esta situaci\u00f3n es que tomar buenas decisiones cuando se involucra la ley. Ah\u00ed es donde prosperamos.<\/p>\n","protected":false},"excerpt":{"rendered":"<p>\u00bfQu\u00e9 son los Delitos de Cuello Blanco? Los delitos de cuello blanco generalmente son delitos asociados a hacer algo ilegal para ganar dinero. Esto incluye cosas como el fraude o la evasi\u00f3n fiscal. Si usted o alguien cercano a usted ha sido acusado de delitos de cuello blanco en San Marcos, es importante buscar ayuda&#8230; <a class=\"more-link\" href=\"https:\/\/casedarwinlaw.com\/es\/servicios-legales-de-derecho-penal\/cargos-por-crimenes-de-cuello-blanco-en-san-marcos\/\">Read More<\/a><\/p>\n","protected":false},"author":4,"featured_media":0,"parent":12846,"menu_order":0,"comment_status":"closed","ping_status":"closed","template":"page-template-single-service.php","meta":{"_genesis_hide_title":false,"_genesis_hide_breadcrumbs":false,"_genesis_hide_singular_image":false,"_genesis_hide_footer_widgets":false,"_genesis_custom_body_class":"","_genesis_custom_post_class":"","_genesis_layout":"","footnotes":""},"class_list":{"0":"post-12870","1":"page","2":"type-page","3":"status-publish","5":"entry"},"acf":[],"yoast_head":"<!-- This site is optimized with the Yoast SEO plugin v20.2.1 - https:\/\/yoast.com\/wordpress\/plugins\/seo\/ -->\n<title>Cargos por Cr\u00edmenes de Cuello Blanco en San Marcos - Law Office of Case J. Darwin Inc.<\/title>\n<meta name=\"robots\" content=\"index, follow, max-snippet:-1, max-image-preview:large, max-video-preview:-1\" \/>\n<link rel=\"canonical\" href=\"https:\/\/casedarwinlaw.com\/es\/servicios-legales-de-derecho-penal\/cargos-por-crimenes-de-cuello-blanco-en-san-marcos\/\" \/>\n<meta property=\"og:locale\" content=\"es_ES\" \/>\n<meta property=\"og:type\" content=\"article\" \/>\n<meta property=\"og:title\" content=\"Cargos por Cr\u00edmenes de Cuello Blanco en San Marcos - Law Office of Case J. Darwin Inc.\" \/>\n<meta property=\"og:description\" content=\"\u00bfQu\u00e9 son los Delitos de Cuello Blanco? Los delitos de cuello blanco generalmente son delitos asociados a hacer algo ilegal para ganar dinero. Esto incluye cosas como el fraude o la evasi\u00f3n fiscal. Si usted o alguien cercano a usted ha sido acusado de delitos de cuello blanco en San Marcos, es importante buscar ayuda... Read More\" \/>\n<meta property=\"og:url\" content=\"https:\/\/casedarwinlaw.com\/es\/servicios-legales-de-derecho-penal\/cargos-por-crimenes-de-cuello-blanco-en-san-marcos\/\" \/>\n<meta property=\"og:site_name\" content=\"Law Office of Case J. Darwin Inc.\" \/>\n<meta property=\"article:publisher\" content=\"https:\/\/www.facebook.com\/casedarwinlaw\" \/>\n<meta property=\"article:modified_time\" content=\"2018-08-28T18:48:18+00:00\" \/>\n<meta name=\"twitter:card\" content=\"summary_large_image\" \/>\n<meta name=\"twitter:site\" content=\"@casedarwinlaw\" \/>\n<meta name=\"twitter:label1\" content=\"Tiempo de lectura\" \/>\n\t<meta name=\"twitter:data1\" content=\"2 minutos\" \/>\n<script type=\"application\/ld+json\" class=\"yoast-schema-graph\">{\"@context\":\"https:\/\/schema.org\",\"@graph\":[{\"@type\":\"WebPage\",\"@id\":\"https:\/\/casedarwinlaw.com\/es\/servicios-legales-de-derecho-penal\/cargos-por-crimenes-de-cuello-blanco-en-san-marcos\/\",\"url\":\"https:\/\/casedarwinlaw.com\/es\/servicios-legales-de-derecho-penal\/cargos-por-crimenes-de-cuello-blanco-en-san-marcos\/\",\"name\":\"Cargos por Cr\u00edmenes de Cuello Blanco en San Marcos - Law Office of Case J. Darwin Inc.\",\"isPartOf\":{\"@id\":\"https:\/\/casedarwinlaw.com\/#website\"},\"datePublished\":\"2018-05-14T23:04:57+00:00\",\"dateModified\":\"2018-08-28T18:48:18+00:00\",\"breadcrumb\":{\"@id\":\"https:\/\/casedarwinlaw.com\/es\/servicios-legales-de-derecho-penal\/cargos-por-crimenes-de-cuello-blanco-en-san-marcos\/#breadcrumb\"},\"inLanguage\":\"es\",\"potentialAction\":[{\"@type\":\"ReadAction\",\"target\":[\"https:\/\/casedarwinlaw.com\/es\/servicios-legales-de-derecho-penal\/cargos-por-crimenes-de-cuello-blanco-en-san-marcos\/\"]}]},{\"@type\":\"BreadcrumbList\",\"@id\":\"https:\/\/casedarwinlaw.com\/es\/servicios-legales-de-derecho-penal\/cargos-por-crimenes-de-cuello-blanco-en-san-marcos\/#breadcrumb\",\"itemListElement\":[{\"@type\":\"ListItem\",\"position\":1,\"name\":\"Home\",\"item\":\"https:\/\/casedarwinlaw.com\/es\/\"},{\"@type\":\"ListItem\",\"position\":2,\"name\":\"Abogado Penalista en el Condado Hays y San Marcos\",\"item\":\"https:\/\/casedarwinlaw.com\/es\/servicios-legales-de-derecho-penal\/\"},{\"@type\":\"ListItem\",\"position\":3,\"name\":\"Cargos por Cr\u00edmenes de Cuello Blanco en San Marcos\"}]},{\"@type\":\"WebSite\",\"@id\":\"https:\/\/casedarwinlaw.com\/#website\",\"url\":\"https:\/\/casedarwinlaw.com\/\",\"name\":\"Law Office of Case J. Darwin Inc.\",\"description\":\"Settling your case\",\"potentialAction\":[{\"@type\":\"SearchAction\",\"target\":{\"@type\":\"EntryPoint\",\"urlTemplate\":\"https:\/\/casedarwinlaw.com\/?s={search_term_string}\"},\"query-input\":\"required name=search_term_string\"}],\"inLanguage\":\"es\"}]}<\/script>\n<!-- \/ Yoast SEO plugin. -->","yoast_head_json":{"title":"Cargos por Cr\u00edmenes de Cuello Blanco en San Marcos - Law Office of Case J. Darwin Inc.","robots":{"index":"index","follow":"follow","max-snippet":"max-snippet:-1","max-image-preview":"max-image-preview:large","max-video-preview":"max-video-preview:-1"},"canonical":"https:\/\/casedarwinlaw.com\/es\/servicios-legales-de-derecho-penal\/cargos-por-crimenes-de-cuello-blanco-en-san-marcos\/","og_locale":"es_ES","og_type":"article","og_title":"Cargos por Cr\u00edmenes de Cuello Blanco en San Marcos - Law Office of Case J. Darwin Inc.","og_description":"\u00bfQu\u00e9 son los Delitos de Cuello Blanco? Los delitos de cuello blanco generalmente son delitos asociados a hacer algo ilegal para ganar dinero. Esto incluye cosas como el fraude o la evasi\u00f3n fiscal. Si usted o alguien cercano a usted ha sido acusado de delitos de cuello blanco en San Marcos, es importante buscar ayuda... Read More","og_url":"https:\/\/casedarwinlaw.com\/es\/servicios-legales-de-derecho-penal\/cargos-por-crimenes-de-cuello-blanco-en-san-marcos\/","og_site_name":"Law Office of Case J. Darwin Inc.","article_publisher":"https:\/\/www.facebook.com\/casedarwinlaw","article_modified_time":"2018-08-28T18:48:18+00:00","twitter_card":"summary_large_image","twitter_site":"@casedarwinlaw","twitter_misc":{"Tiempo de lectura":"2 minutos"},"schema":{"@context":"https:\/\/schema.org","@graph":[{"@type":"WebPage","@id":"https:\/\/casedarwinlaw.com\/es\/servicios-legales-de-derecho-penal\/cargos-por-crimenes-de-cuello-blanco-en-san-marcos\/","url":"https:\/\/casedarwinlaw.com\/es\/servicios-legales-de-derecho-penal\/cargos-por-crimenes-de-cuello-blanco-en-san-marcos\/","name":"Cargos por Cr\u00edmenes de Cuello Blanco en San Marcos - Law Office of Case J. Darwin Inc.","isPartOf":{"@id":"https:\/\/casedarwinlaw.com\/#website"},"datePublished":"2018-05-14T23:04:57+00:00","dateModified":"2018-08-28T18:48:18+00:00","breadcrumb":{"@id":"https:\/\/casedarwinlaw.com\/es\/servicios-legales-de-derecho-penal\/cargos-por-crimenes-de-cuello-blanco-en-san-marcos\/#breadcrumb"},"inLanguage":"es","potentialAction":[{"@type":"ReadAction","target":["https:\/\/casedarwinlaw.com\/es\/servicios-legales-de-derecho-penal\/cargos-por-crimenes-de-cuello-blanco-en-san-marcos\/"]}]},{"@type":"BreadcrumbList","@id":"https:\/\/casedarwinlaw.com\/es\/servicios-legales-de-derecho-penal\/cargos-por-crimenes-de-cuello-blanco-en-san-marcos\/#breadcrumb","itemListElement":[{"@type":"ListItem","position":1,"name":"Home","item":"https:\/\/casedarwinlaw.com\/es\/"},{"@type":"ListItem","position":2,"name":"Abogado Penalista en el Condado Hays y San Marcos","item":"https:\/\/casedarwinlaw.com\/es\/servicios-legales-de-derecho-penal\/"},{"@type":"ListItem","position":3,"name":"Cargos por Cr\u00edmenes de Cuello Blanco en San Marcos"}]},{"@type":"WebSite","@id":"https:\/\/casedarwinlaw.com\/#website","url":"https:\/\/casedarwinlaw.com\/","name":"Law Office of Case J. Darwin Inc.","description":"Settling your case","potentialAction":[{"@type":"SearchAction","target":{"@type":"EntryPoint","urlTemplate":"https:\/\/casedarwinlaw.com\/?s={search_term_string}"},"query-input":"required name=search_term_string"}],"inLanguage":"es"}]}},"_links":{"self":[{"href":"https:\/\/casedarwinlaw.com\/es\/wp-json\/wp\/v2\/pages\/12870","targetHints":{"allow":["GET"]}}],"collection":[{"href":"https:\/\/casedarwinlaw.com\/es\/wp-json\/wp\/v2\/pages"}],"about":[{"href":"https:\/\/casedarwinlaw.com\/es\/wp-json\/wp\/v2\/types\/page"}],"author":[{"embeddable":true,"href":"https:\/\/casedarwinlaw.com\/es\/wp-json\/wp\/v2\/users\/4"}],"replies":[{"embeddable":true,"href":"https:\/\/casedarwinlaw.com\/es\/wp-json\/wp\/v2\/comments?post=12870"}],"version-history":[{"count":0,"href":"https:\/\/casedarwinlaw.com\/es\/wp-json\/wp\/v2\/pages\/12870\/revisions"}],"up":[{"embeddable":true,"href":"https:\/\/casedarwinlaw.com\/es\/wp-json\/wp\/v2\/pages\/12846"}],"wp:attachment":[{"href":"https:\/\/casedarwinlaw.com\/es\/wp-json\/wp\/v2\/media?parent=12870"}],"curies":[{"name":"wp","href":"https:\/\/api.w.org\/{rel}","templated":true}]}}