{"id":12872,"date":"2018-05-14T23:06:47","date_gmt":"2018-05-14T23:06:47","guid":{"rendered":"http:\/\/casedarwinlaw.com\/?page_id=12872"},"modified":"2018-07-24T17:46:08","modified_gmt":"2018-07-24T17:46:08","slug":"renuncia","status":"publish","type":"page","link":"https:\/\/casedarwinlaw.com\/es\/renuncia\/","title":{"rendered":"Descargo de responsabilidad"},"content":{"rendered":"<h2>Comunicaci\u00f3n por medio del Sitio Web<\/h2>\n<p>El uso de este sitio web, o el uso de cualquier forma de contacto para comunicarse con<br \/>\nla firma, o cualquier individuo parte de la firma, no establece una relaci\u00f3n cliente-<br \/>\nabogado. La informaci\u00f3n confidencial o en tiempo sensitiva no deber\u00eda ser enviada a<br \/>\ntrav\u00e9s de este sitio web. El enviar informaci\u00f3n a Law Office of Case J. Darwin Inc. por<br \/>\ncorreo electr\u00f3nico, mensaje de voz, de texto, faxes, y otras formas de comunicaci\u00f3n, no<br \/>\nestablece una relaci\u00f3n abogado-cliente.<\/p>\n<p>Al hacer click en ENVIAR en la forma de contacto de este sitio web, reconoces que Law<br \/>\nOffice of Case J. Darwin Inc., no tiene obligaci\u00f3n de mantener la confidencialidad de<br \/>\ncualquier informaci\u00f3n que nos suministres a menos que ya te representemos o<br \/>\nestemos de acuerdo en representarte por medio de una carta de compromiso.<\/p>\n<p>Si a\u00fan no eres un cliente retenido, reconocido de Law Office of Case J. Darwin., no<br \/>\nincluyas en tu correspondencia en l\u00ednea ninguna informaci\u00f3n confidencial que no<br \/>\ndesees que personas fuera de la firma puedan ver. En lugar de eso, por favor ll\u00e1manos<br \/>\ndirectamente a nuestra oficina. Todas las conversaciones con miembros de nuestra<br \/>\nfirma, incluyendo los asistentes de abogados o nuestro coordinador de clientes, son<br \/>\nconfidenciales a pesar de que haya contratado o no nuestra firma.<\/p>\n<h2>Otra Comunicaci\u00f3n<\/h2>\n<p>El enviar informaci\u00f3n a Law Office of Case J. Darwin Inc. por correo electr\u00f3nico,<br \/>\nmensaje de voz, de texto, faxes, y otras formas de comunicaci\u00f3n, no establece una<br \/>\nrelaci\u00f3n abogado-cliente.<\/p>\n<p>Por favor observe que en respuesta a tu llamada\/correo electr\u00f3nico\/carta no solicitada<br \/>\nno podemos y no te representaremos en relaci\u00f3n a este o cualquier otro asunto. Nada<br \/>\nen tu comunicaci\u00f3n con nosotros o en este mensaje crea alguna forma de relaci\u00f3n<br \/>\nabogado-cliente o alg\u00fan deber u obligaci\u00f3n de nuestra parte. La informaci\u00f3n de tu<br \/>\nllamada no solicitada no ser\u00e1 considerada confidencial. Borraremos la llamada\/correo<br \/>\nelectr\u00f3nico\/texto despu\u00e9s de leerlo\/escucharlo. Te aconsejamos que consultes con un<br \/>\nabogado con relaci\u00f3n a alg\u00fan reclamo de tipo legal que puedas tener, incluyendo<br \/>\ncualquier plazo que pueda limitar tus derechos.<\/p>\n<p>Puedes contactar tu asociaci\u00f3n de abogados local para que te ayuden a localizar un<br \/>\nabogado ya que no podemos y no te representaremos s\u00f3lo por tu acci\u00f3n de<br \/>\ncomunicaci\u00f3n. Por favor no env\u00ede ninguna informaci\u00f3n adicional no solicitada a nuestra<br \/>\nfirma por tel\u00e9fono, texto, fax o correo electr\u00f3nico.<\/p>\n<h2>Materiales de Publicidad<\/h2>\n<p>Este sitio web es utilizado solamente con prop\u00f3sitos publicitarios y no debe ser<br \/>\ninterpretado como asesoramiento legal.<\/p>\n","protected":false},"excerpt":{"rendered":"<p>Comunicaci\u00f3n por medio del Sitio Web El uso de este sitio web, o el uso de cualquier forma de contacto para comunicarse con la firma, o cualquier individuo parte de la firma, no establece una relaci\u00f3n cliente- abogado. La informaci\u00f3n confidencial o en tiempo sensitiva no deber\u00eda ser enviada a trav\u00e9s de este sitio web&#8230;. <a class=\"more-link\" href=\"https:\/\/casedarwinlaw.com\/es\/renuncia\/\">Read More<\/a><\/p>\n","protected":false},"author":4,"featured_media":0,"parent":0,"menu_order":0,"comment_status":"closed","ping_status":"closed","template":"","meta":{"_genesis_hide_title":false,"_genesis_hide_breadcrumbs":false,"_genesis_hide_singular_image":false,"_genesis_hide_footer_widgets":false,"_genesis_custom_body_class":"","_genesis_custom_post_class":"","_genesis_layout":"","footnotes":""},"class_list":{"0":"post-12872","1":"page","2":"type-page","3":"status-publish","5":"entry"},"acf":[],"yoast_head":"<!-- This site is optimized with the Yoast SEO plugin v20.2.1 - https:\/\/yoast.com\/wordpress\/plugins\/seo\/ -->\n<title>Descargo de responsabilidad - Law Office of Case J. Darwin Inc.<\/title>\n<meta name=\"robots\" content=\"index, follow, max-snippet:-1, max-image-preview:large, max-video-preview:-1\" \/>\n<link rel=\"canonical\" href=\"https:\/\/casedarwinlaw.com\/es\/renuncia\/\" \/>\n<meta property=\"og:locale\" content=\"es_ES\" \/>\n<meta property=\"og:type\" content=\"article\" \/>\n<meta property=\"og:title\" content=\"Descargo de responsabilidad - Law Office of Case J. Darwin Inc.\" \/>\n<meta property=\"og:description\" content=\"Comunicaci\u00f3n por medio del Sitio Web El uso de este sitio web, o el uso de cualquier forma de contacto para comunicarse con la firma, o cualquier individuo parte de la firma, no establece una relaci\u00f3n cliente- abogado. La informaci\u00f3n confidencial o en tiempo sensitiva no deber\u00eda ser enviada a trav\u00e9s de este sitio web.... Read More\" \/>\n<meta property=\"og:url\" content=\"https:\/\/casedarwinlaw.com\/es\/renuncia\/\" \/>\n<meta property=\"og:site_name\" content=\"Law Office of Case J. Darwin Inc.\" \/>\n<meta property=\"article:publisher\" content=\"https:\/\/www.facebook.com\/casedarwinlaw\" \/>\n<meta property=\"article:modified_time\" content=\"2018-07-24T17:46:08+00:00\" \/>\n<meta name=\"twitter:card\" content=\"summary_large_image\" \/>\n<meta name=\"twitter:site\" content=\"@casedarwinlaw\" \/>\n<meta name=\"twitter:label1\" content=\"Tiempo de lectura\" \/>\n\t<meta name=\"twitter:data1\" content=\"2 minutos\" \/>\n<script type=\"application\/ld+json\" class=\"yoast-schema-graph\">{\"@context\":\"https:\/\/schema.org\",\"@graph\":[{\"@type\":\"WebPage\",\"@id\":\"https:\/\/casedarwinlaw.com\/es\/renuncia\/\",\"url\":\"https:\/\/casedarwinlaw.com\/es\/renuncia\/\",\"name\":\"Descargo de responsabilidad - Law Office of Case J. Darwin Inc.\",\"isPartOf\":{\"@id\":\"https:\/\/casedarwinlaw.com\/#website\"},\"datePublished\":\"2018-05-14T23:06:47+00:00\",\"dateModified\":\"2018-07-24T17:46:08+00:00\",\"breadcrumb\":{\"@id\":\"https:\/\/casedarwinlaw.com\/es\/renuncia\/#breadcrumb\"},\"inLanguage\":\"es\",\"potentialAction\":[{\"@type\":\"ReadAction\",\"target\":[\"https:\/\/casedarwinlaw.com\/es\/renuncia\/\"]}]},{\"@type\":\"BreadcrumbList\",\"@id\":\"https:\/\/casedarwinlaw.com\/es\/renuncia\/#breadcrumb\",\"itemListElement\":[{\"@type\":\"ListItem\",\"position\":1,\"name\":\"Home\",\"item\":\"https:\/\/casedarwinlaw.com\/es\/\"},{\"@type\":\"ListItem\",\"position\":2,\"name\":\"Descargo de responsabilidad\"}]},{\"@type\":\"WebSite\",\"@id\":\"https:\/\/casedarwinlaw.com\/#website\",\"url\":\"https:\/\/casedarwinlaw.com\/\",\"name\":\"Law Office of Case J. Darwin Inc.\",\"description\":\"Settling your case\",\"potentialAction\":[{\"@type\":\"SearchAction\",\"target\":{\"@type\":\"EntryPoint\",\"urlTemplate\":\"https:\/\/casedarwinlaw.com\/?s={search_term_string}\"},\"query-input\":\"required name=search_term_string\"}],\"inLanguage\":\"es\"}]}<\/script>\n<!-- \/ Yoast SEO plugin. -->","yoast_head_json":{"title":"Descargo de responsabilidad - Law Office of Case J. Darwin Inc.","robots":{"index":"index","follow":"follow","max-snippet":"max-snippet:-1","max-image-preview":"max-image-preview:large","max-video-preview":"max-video-preview:-1"},"canonical":"https:\/\/casedarwinlaw.com\/es\/renuncia\/","og_locale":"es_ES","og_type":"article","og_title":"Descargo de responsabilidad - Law Office of Case J. Darwin Inc.","og_description":"Comunicaci\u00f3n por medio del Sitio Web El uso de este sitio web, o el uso de cualquier forma de contacto para comunicarse con la firma, o cualquier individuo parte de la firma, no establece una relaci\u00f3n cliente- abogado. La informaci\u00f3n confidencial o en tiempo sensitiva no deber\u00eda ser enviada a trav\u00e9s de este sitio web.... Read More","og_url":"https:\/\/casedarwinlaw.com\/es\/renuncia\/","og_site_name":"Law Office of Case J. Darwin Inc.","article_publisher":"https:\/\/www.facebook.com\/casedarwinlaw","article_modified_time":"2018-07-24T17:46:08+00:00","twitter_card":"summary_large_image","twitter_site":"@casedarwinlaw","twitter_misc":{"Tiempo de lectura":"2 minutos"},"schema":{"@context":"https:\/\/schema.org","@graph":[{"@type":"WebPage","@id":"https:\/\/casedarwinlaw.com\/es\/renuncia\/","url":"https:\/\/casedarwinlaw.com\/es\/renuncia\/","name":"Descargo de responsabilidad - Law Office of Case J. Darwin Inc.","isPartOf":{"@id":"https:\/\/casedarwinlaw.com\/#website"},"datePublished":"2018-05-14T23:06:47+00:00","dateModified":"2018-07-24T17:46:08+00:00","breadcrumb":{"@id":"https:\/\/casedarwinlaw.com\/es\/renuncia\/#breadcrumb"},"inLanguage":"es","potentialAction":[{"@type":"ReadAction","target":["https:\/\/casedarwinlaw.com\/es\/renuncia\/"]}]},{"@type":"BreadcrumbList","@id":"https:\/\/casedarwinlaw.com\/es\/renuncia\/#breadcrumb","itemListElement":[{"@type":"ListItem","position":1,"name":"Home","item":"https:\/\/casedarwinlaw.com\/es\/"},{"@type":"ListItem","position":2,"name":"Descargo de responsabilidad"}]},{"@type":"WebSite","@id":"https:\/\/casedarwinlaw.com\/#website","url":"https:\/\/casedarwinlaw.com\/","name":"Law Office of Case J. Darwin Inc.","description":"Settling your case","potentialAction":[{"@type":"SearchAction","target":{"@type":"EntryPoint","urlTemplate":"https:\/\/casedarwinlaw.com\/?s={search_term_string}"},"query-input":"required name=search_term_string"}],"inLanguage":"es"}]}},"_links":{"self":[{"href":"https:\/\/casedarwinlaw.com\/es\/wp-json\/wp\/v2\/pages\/12872","targetHints":{"allow":["GET"]}}],"collection":[{"href":"https:\/\/casedarwinlaw.com\/es\/wp-json\/wp\/v2\/pages"}],"about":[{"href":"https:\/\/casedarwinlaw.com\/es\/wp-json\/wp\/v2\/types\/page"}],"author":[{"embeddable":true,"href":"https:\/\/casedarwinlaw.com\/es\/wp-json\/wp\/v2\/users\/4"}],"replies":[{"embeddable":true,"href":"https:\/\/casedarwinlaw.com\/es\/wp-json\/wp\/v2\/comments?post=12872"}],"version-history":[{"count":0,"href":"https:\/\/casedarwinlaw.com\/es\/wp-json\/wp\/v2\/pages\/12872\/revisions"}],"wp:attachment":[{"href":"https:\/\/casedarwinlaw.com\/es\/wp-json\/wp\/v2\/media?parent=12872"}],"curies":[{"name":"wp","href":"https:\/\/api.w.org\/{rel}","templated":true}]}}